{"id":652,"date":"2020-09-11T16:23:47","date_gmt":"2020-09-11T16:23:47","guid":{"rendered":"http:\/\/asjaudit.com\/?page_id=652"},"modified":"2020-09-11T18:15:18","modified_gmt":"2020-09-11T18:15:18","slug":"mitarbeiter","status":"publish","type":"page","link":"https:\/\/asjaudit.com\/de\/mitarbeiter\/","title":{"rendered":"Mitarbeiter"},"content":{"rendered":"<div class=\"wpb-content-wrapper\"><p>[vc_row css_animation=&#8220;&#8220; row_type=&#8220;row&#8220; use_row_as_full_screen_section=&#8220;no&#8220; type=&#8220;grid&#8220; angled_section=&#8220;no&#8220; text_align=&#8220;left&#8220; background_image_as_pattern=&#8220;without_pattern&#8220; z_index=&#8220;&#8220;][vc_column offset=&#8220;vc_col-lg-offset-2 vc_col-lg-8&#8243;][qode_elements_holder number_of_columns=&#8220;two_columns&#8220;][qode_elements_holder_item advanced_animations=&#8220;no&#8220; item_padding=&#8220;4em 6% 0 0&#8243;][vc_column_text]<\/p>\n<h1>Mitarbeiter<\/h1>\n<p>[\/vc_column_text][vc_empty_space height=&#8220;22px&#8220;][vc_separator type=&#8220;small&#8220; position=&#8220;left&#8220; gradient_color=&#8220;yes&#8220; color=&#8220;#010101&#8243; thickness=&#8220;1&#8243; width=&#8220;66&#8243;][vc_empty_space height=&#8220;15px&#8220;][vc_column_text]Bei der ASJ AUDIT Kft stehen unseren Mandanten kompetente und engagierte Mitarbeiter und Mitarbeiterinnen mit Sprachkenntnissen in Ungarisch, Englisch, Deutsch und Franz\u00f6sisch zur Verf\u00fcgung. Sie sind Experten f\u00fcr ungarische und internationale Rechnungslegungsstandards, \u00a0Datenlieferungen f\u00fcr internationale Konsolidierungen, f\u00fcr das Erstellen von Kontrollingberichten sowie f\u00fcr branchenspezifische Steuerfragen.[\/vc_column_text][\/qode_elements_holder_item][qode_elements_holder_item advanced_animations=&#8220;no&#8220; item_padding=&#8220;40px 0 0 0&#8243;][vc_single_image image=&#8220;289&#8243; img_size=&#8220;full&#8220; qode_css_animation=&#8220;&#8220;][\/qode_elements_holder_item][\/qode_elements_holder][\/vc_column][\/vc_row][vc_row css_animation=&#8220;&#8220; row_type=&#8220;row&#8220; use_row_as_full_screen_section=&#8220;no&#8220; type=&#8220;grid&#8220; angled_section=&#8220;no&#8220; text_align=&#8220;left&#8220; background_image_as_pattern=&#8220;without_pattern&#8220; css=&#8220;.vc_custom_1586257240542{padding-top: 80px !important;}&#8220; z_index=&#8220;&#8220;][vc_column][vc_column_text]<\/p>\n<h2>Gr\u00fcndungspartner<\/h2>\n<p>[\/vc_column_text][vc_empty_space height=&#8220;22px&#8220;][vc_separator type=&#8220;small&#8220; position=&#8220;left&#8220; gradient_color=&#8220;yes&#8220; color=&#8220;#010101&#8243; thickness=&#8220;1&#8243; width=&#8220;66&#8243;][vc_empty_space height=&#8220;15px&#8220;][\/vc_column][\/vc_row][vc_row css_animation=&#8220;&#8220; row_type=&#8220;row&#8220; use_row_as_full_screen_section=&#8220;no&#8220; type=&#8220;grid&#8220; angled_section=&#8220;no&#8220; text_align=&#8220;left&#8220; background_image_as_pattern=&#8220;without_pattern&#8220; css=&#8220;.vc_custom_1587457062814{padding-bottom: 20px !important;}&#8220; z_index=&#8220;&#8220;][vc_column width=&#8220;1\/3&#8243;][vc_single_image image=&#8220;654&#8243; img_size=&#8220;full&#8220; qode_css_animation=&#8220;&#8220; el_class=&#8220;padding10&#8243;][vc_row_inner row_type=&#8220;row&#8220; type=&#8220;full_width&#8220; text_align=&#8220;left&#8220; css_animation=&#8220;&#8220; css=&#8220;.vc_custom_1587458020790{padding-top: 14px !important;padding-right: 10px !important;padding-bottom: 14px !important;padding-left: 10px !important;background-color: #f7f5f5 !important;}&#8220; el_class=&#8220;marg10&#8243;][vc_column_inner]<div class='q_icon_with_title tiny normal_icon '><div class=\"icon_holder \" style=\" \"><span data-icon-type=\"normal\" class=\"qode_iwt_icon_holder q_font_awsome_icon fa-lg  qode-type1-gradient-left-to-right-text\"><i class=\"qodef-icon-linea-icon icon-basic-mail-open qode_iwt_icon_element\"><\/i><\/span><\/div><div class=\"icon_text_holder\" style=\"\"><div class=\"icon_text_inner\" style=\"\"><h5 class=\"icon_title\" style=\"\"><\/h5><p style=''><\/p><a itemprop='url' class='icon_with_title_link' href='mailto:sara.nemoda@asjaudit.com' target='_self' style=''>sara.nemoda@asjaudit.com<\/a><\/div><\/div><\/div><div class='q_icon_with_title tiny normal_icon '><div class=\"icon_holder \" style=\" \"><span data-icon-type=\"normal\" class=\"qode_iwt_icon_holder q_font_awsome_icon fa-lg  qode-type1-gradient-left-to-right-text\"><i class=\"qodef-icon-linea-icon icon-basic-smartphone qode_iwt_icon_element\"><\/i><\/span><\/div><div class=\"icon_text_holder\" style=\"\"><div class=\"icon_text_inner\" style=\"\"><h5 class=\"icon_title\" style=\"\"><\/h5><p style=''><\/p><a itemprop='url' class='icon_with_title_link' href='tel:0036203829126' target='_self' style=''>+36 20 382 9126<\/a><\/div><\/div><\/div>[\/vc_column_inner][\/vc_row_inner][\/vc_column][vc_column width=&#8220;2\/3&#8243;][vc_column_text css=&#8220;.vc_custom_1599841328152{padding-top: 14px !important;}&#8220;]<\/p>\n<h4>S\u00e1ra Nemoda<\/h4>\n<p>Registrierte Wirtschaftspr\u00fcferin, Steuerexpertin, IFRS Bilanzbuchhalterin [\/vc_column_text][vc_empty_space height=&#8220;12px&#8220;][vc_separator type=&#8220;small&#8220; position=&#8220;left&#8220; gradient_color=&#8220;yes&#8220; color=&#8220;#010101&#8243; thickness=&#8220;1&#8243; width=&#8220;66&#8243;][vc_empty_space height=&#8220;7px&#8220;][vc_row_inner row_type=&#8220;row&#8220; type=&#8220;full_width&#8220; text_align=&#8220;left&#8220; css_animation=&#8220;&#8220;][vc_column_inner width=&#8220;1\/2&#8243;][vc_column_text]Meinen Hochschulabschluss habe ich 1995 an der Hochschule f\u00fcr Rechnungswesen und Finanzen erworben. \u00a0Nach einem Abstecher ins Fremdenverkehrsmarketing hat es mich wieder ins Rechnungswesen gezogen und ich nahm eine T\u00e4tigkeit als Buchhalterin bei einer belgischen Agrarunternehmensgruppe auf.\u00a0 Drei Jahre sp\u00e4ter, im Jahr 2000, kam ich zu Metrum K\u00f6nyvszak\u00e9rt\u0151 Kft und erwarb 2004 die Wirtschaftspr\u00fcfer-Qualifikation. Hier konnte ich Erfahrungen bei der Erstellung umfassender Auditdokumentationen von Klein \u2013 und mittelst\u00e4ndischen Unternehmen und bei der Pr\u00fcfung von Firmenumgr\u00fcndungen sammeln. \u00a0Mein Mentor war Dr. P\u00e9ter Galambos, von dem ich Engagement, die Wichtigkeit der Wirtschaftspr\u00fcfungsmethodik und die Offenheit f\u00fcr innovative \u00a0IT-L\u00f6sungen gelernt habe.[\/vc_column_text][\/vc_column_inner][vc_column_inner width=&#8220;1\/2&#8243;][vc_column_text css=&#8220;.vc_custom_1599841365931{padding-bottom: 14px !important;}&#8220;]Ab 2006 war ich bei der Fa. Mazars Kft angestellt, hier konnte ich mich bei Abschlusspr\u00fcfungen von ungarischen Tochterfirmen internationaler Gro\u00dfunternehmen weiterentwickeln, nahm an Due diligence Pr\u00fcfungen teil und erlernte das Leiten von gr\u00f6\u00dferen Teams. Nach der Elternzeit (ich bekam zwei Kinder) ging es dann zur\u00fcck in die Buchf\u00fchrung: Ich leitete ein 8-10k\u00f6pfiges Buchhaltungsteam, dar\u00fcber hinaus war ich f\u00fcr die fachliche und operative Leitung der Buchf\u00fchrungskanzlei zust\u00e4ndig.<\/p>\n<p>Die ASJ Audit Kft habe ich mit meiner Gesch\u00e4ftspartnerin \u00a0Judit St\u00e9ber im Herbst 2019 gegr\u00fcndet.<\/p>\n<p>Sprachkenntnisse: Franz\u00f6sisch und Englisch.[\/vc_column_text][\/vc_column_inner][\/vc_row_inner][\/vc_column][\/vc_row][vc_row css_animation=&#8220;&#8220; row_type=&#8220;row&#8220; use_row_as_full_screen_section=&#8220;no&#8220; type=&#8220;grid&#8220; angled_section=&#8220;no&#8220; text_align=&#8220;left&#8220; background_image_as_pattern=&#8220;without_pattern&#8220; css=&#8220;.vc_custom_1587458731851{padding-top: 20px !important;padding-bottom: 2em !important;}&#8220; z_index=&#8220;&#8220;][vc_column width=&#8220;1\/3&#8243;][vc_single_image image=&#8220;655&#8243; img_size=&#8220;full&#8220; qode_css_animation=&#8220;&#8220; el_class=&#8220;padding10&#8243;][vc_row_inner row_type=&#8220;row&#8220; type=&#8220;full_width&#8220; text_align=&#8220;left&#8220; css_animation=&#8220;&#8220; css=&#8220;.vc_custom_1587458242104{padding-top: 14px !important;padding-right: 10px !important;padding-bottom: 14px !important;padding-left: 10px !important;background-color: #f7f5f5 !important;}&#8220; el_class=&#8220;marg10&#8243;][vc_column_inner]<div class='q_icon_with_title tiny normal_icon '><div class=\"icon_holder \" style=\" \"><span data-icon-type=\"normal\" class=\"qode_iwt_icon_holder q_font_awsome_icon fa-lg  qode-type1-gradient-left-to-right-text\"><i class=\"qodef-icon-linea-icon icon-basic-mail-open qode_iwt_icon_element\"><\/i><\/span><\/div><div class=\"icon_text_holder\" style=\"\"><div class=\"icon_text_inner\" style=\"\"><h5 class=\"icon_title\" style=\"\"><\/h5><p style=''><\/p><a itemprop='url' class='icon_with_title_link' href='mailto:judit.steber@asjaudit.com' target='_self' style=''>judit.steber@asjaudit.com<\/a><\/div><\/div><\/div><div class='q_icon_with_title tiny normal_icon '><div class=\"icon_holder \" style=\" \"><span data-icon-type=\"normal\" class=\"qode_iwt_icon_holder q_font_awsome_icon fa-lg  qode-type1-gradient-left-to-right-text\"><i class=\"qodef-icon-linea-icon icon-basic-smartphone qode_iwt_icon_element\"><\/i><\/span><\/div><div class=\"icon_text_holder\" style=\"\"><div class=\"icon_text_inner\" style=\"\"><h5 class=\"icon_title\" style=\"\"><\/h5><p style=''><\/p><a itemprop='url' class='icon_with_title_link' href='tel:0036305957701' target='_self' style=''>+36 30 595 7701<\/a><\/div><\/div><\/div>[\/vc_column_inner][\/vc_row_inner][\/vc_column][vc_column width=&#8220;2\/3&#8243;][vc_column_text css=&#8220;.vc_custom_1599841387799{padding-top: 14px !important;}&#8220;]<\/p>\n<h4>Judit St\u00e9ber<\/h4>\n<p>Diplom-Wirtschaftspr\u00fcferin, Steuerberaterin, IFRS Bilanzbuchhalterin[\/vc_column_text][vc_empty_space height=&#8220;12px&#8220;][vc_separator type=&#8220;small&#8220; position=&#8220;left&#8220; gradient_color=&#8220;yes&#8220; color=&#8220;#010101&#8243; thickness=&#8220;1&#8243; width=&#8220;66&#8243;][vc_empty_space height=&#8220;7px&#8220;][vc_row_inner row_type=&#8220;row&#8220; type=&#8220;full_width&#8220; text_align=&#8220;left&#8220; css_animation=&#8220;&#8220;][vc_column_inner width=&#8220;1\/2&#8243;][vc_column_text]Mein Interesse f\u00fcr das Rechnungswesen verdanke ich meiner Lehrerin f\u00fcr Buchf\u00fchrung aus der Fachmittelschule. Schon damals war mir klar, dass das Rechnungswesen mein \u201eDing\u201d ist. An einem Landeswettbewerb f\u00fcr Rechnungswesen f\u00fcr Mittelsch\u00fcler erlangte ich den 4. Platz.<\/p>\n<p>Meinen Hochschulabschluss habe ich im Jahr 2001 gemacht. Nach einigen Monaten als Buchhalterin begann bei der ITAG-\u00d6KOLEX K\u00f6nyvvizsg\u00e1l\u00f3 Kft meine Laufbahn als Wirtschaftspr\u00fcferin. W\u00e4hrend der hier verbrachten 3 Jahre war ich neben meiner T\u00e4tigkeit als WP-Assistentin auch f\u00fcr die Buchf\u00fchrung einiger kleineren Firmen verantwortlich. Ende 2004 kam ich zu der Firma \u00a0Metrum K\u00f6nyvszak\u00e9rt\u0151 Kft, wo ich \u00fcberwiegend an der Abschlusspr\u00fcfung von ungarischen Tochtergesellschaften deutscher bzw. \u00f6sterreichischer Gro\u00dfunternehmen mitwirken durfte. Dabei hatte ich die Gelegenheit, mit den Eigenheiten verschiedenster Branchen vertraut zu werden (Produktionsfirmen, Bauunternehmen, Handelsgesellschaften, Immobilienentwicklungsgesellschaften).[\/vc_column_text][\/vc_column_inner][vc_column_inner width=&#8220;1\/2&#8243;][vc_column_text css=&#8220;.vc_custom_1599841425576{padding-bottom: 14px !important;}&#8220;]Au\u00dferdem sammelte ich Erfahrungen bei steuerlichen Due Diligence Pr\u00fcfungen, bei der Pr\u00fcfung von Unternehmensumgr\u00fcndungen (Zusammenschl\u00fcsse bzw. Abspaltungen), der Erstellung von langfristigen Gesch\u00e4ftspl\u00e4nen, der Erstellung und Pr\u00fcfung von Konsolidierungs-Datenlieferungen f\u00fcr die Muttergesellschaft (nach IFRS bzw. US-GAAP), sowie bei der Durchf\u00fchrung von freiwilligen \u00a0Firmenliquidationen. Mein hier erworbenes Know-how vertiefte ich in den Jahren 2006-2010 bei der Mazars Kft. Ich beteiligte mich an der Pr\u00fcfung von gr\u00f6\u00dferen Unternehmen, an der Leitung der Audit-Abl\u00e4ufe, Pr\u00fcfung von konsolidierten Jahresabschl\u00fcssen, steuerlichen Due Diligence Pr\u00fcfungen, sowie Pr\u00fcfungen bei Umstellungen auf die Buchf\u00fchrung in Devisen. Au\u00dferdem lernte ich hier weitere Branchen kennen (Hotellerie, Spedition). Seit 2010 erweiterte ich meine Kenntnisse als Mitarbeiterin der SZM-Audit Kft bei der selbst\u00e4ndigen Abschlusspr\u00fcfung von Wirtschaftsgesellschaften, Steuerberatung, Pr\u00fcfung von Firmenumgr\u00fcndungen und Ausschreibungsverfahren.<\/p>\n<p>Sprachkenntnisse: Deutsch und Englisch.[\/vc_column_text][\/vc_column_inner][\/vc_row_inner][\/vc_column][\/vc_row][vc_row css_animation=&#8220;&#8220; row_type=&#8220;row&#8220; use_row_as_full_screen_section=&#8220;no&#8220; type=&#8220;full_width&#8220; angled_section=&#8220;no&#8220; text_align=&#8220;left&#8220; background_image_as_pattern=&#8220;without_pattern&#8220; z_index=&#8220;&#8220; padding_bottom=&#8220;40&#8243;][vc_column][vc_column_text]<\/p>\n<div class=\"container\">\n<div class=\"container_inner clearfix\">\n<div class=\"portfolio_navigation navigation_title\">\n<div class=\"portfolio_prev\"><a href=\"https:\/\/asjaudit.com\/de\/wer-wir-sind\/\" rel=\"prev\"><i class=\"fa fa-angle-left\"><\/i><span class=\"post_info\"><span class=\"h5\">Wer wir sind<\/span><\/span><\/a><\/div>\n<div class=\"portfolio_next\"><a href=\"https:\/\/asjaudit.com\/de\/unsere-werte\/\" rel=\"next\"><span class=\"post_info\"><span class=\"h5\">Unsere Werte<\/span><\/span><i class=\"fa fa-angle-right\"><\/i><\/a><\/div>\n<\/div>\n<\/div>\n<\/div>\n<p>[\/vc_column_text][\/vc_column][\/vc_row]<\/p>\n<\/div>","protected":false},"excerpt":{"rendered":"<p>[vc_row css_animation=&#8220;&#8220; row_type=&#8220;row&#8220; use_row_as_full_screen_section=&#8220;no&#8220; type=&#8220;grid&#8220; angled_section=&#8220;no&#8220; text_align=&#8220;left&#8220; background_image_as_pattern=&#8220;without_pattern&#8220; z_index=&#8220;&#8220;][vc_column offset=&#8220;vc_col-lg-offset-2 vc_col-lg-8&#8243;][qode_elements_holder number_of_columns=&#8220;two_columns&#8220;][qode_elements_holder_item advanced_animations=&#8220;no&#8220; item_padding=&#8220;4em 6%&#8230;<\/p>\n","protected":false},"author":1,"featured_media":0,"parent":0,"menu_order":0,"comment_status":"closed","ping_status":"closed","template":"full_width.php","meta":{"footnotes":""},"class_list":["post-652","page","type-page","status-publish","hentry"],"yoast_head":"<!-- This site is optimized with the Yoast SEO plugin v27.3 - https:\/\/yoast.com\/product\/yoast-seo-wordpress\/ -->\n<title>Mitarbeiter - ASJ Audit<\/title>\n<meta name=\"description\" content=\"Bei der ASJ AUDIT Kft stehen unseren Mandanten kompetente und engagierte Mitarbeiter und Mitarbeiterinnen mit Sprachkenntnissen in Ungarisch, Englisch, Deutsch und Franz\u00f6sisch zur Verf\u00fcgung.\" \/>\n<meta name=\"robots\" content=\"index, follow, max-snippet:-1, max-image-preview:large, max-video-preview:-1\" \/>\n<link rel=\"canonical\" href=\"https:\/\/asjaudit.com\/de\/mitarbeiter\/\" \/>\n<meta property=\"og:locale\" content=\"de_DE\" \/>\n<meta property=\"og:type\" content=\"article\" \/>\n<meta property=\"og:title\" content=\"Mitarbeiter - ASJ Audit\" \/>\n<meta property=\"og:description\" content=\"Bei der ASJ AUDIT Kft stehen unseren Mandanten kompetente und engagierte Mitarbeiter und Mitarbeiterinnen mit Sprachkenntnissen in Ungarisch, Englisch, Deutsch und Franz\u00f6sisch zur Verf\u00fcgung.\" \/>\n<meta property=\"og:url\" content=\"https:\/\/asjaudit.com\/de\/mitarbeiter\/\" \/>\n<meta property=\"og:site_name\" content=\"ASJ Audit\" \/>\n<meta property=\"article:modified_time\" content=\"2020-09-11T18:15:18+00:00\" \/>\n<meta name=\"twitter:card\" content=\"summary_large_image\" \/>\n<meta name=\"twitter:label1\" content=\"Gesch\u00e4tzte Lesezeit\" \/>\n\t<meta name=\"twitter:data1\" content=\"7\u00a0Minuten\" \/>\n<script type=\"application\/ld+json\" class=\"yoast-schema-graph\">{\"@context\":\"https:\\\/\\\/schema.org\",\"@graph\":[{\"@type\":\"WebPage\",\"@id\":\"https:\\\/\\\/asjaudit.com\\\/de\\\/mitarbeiter\\\/\",\"url\":\"https:\\\/\\\/asjaudit.com\\\/de\\\/mitarbeiter\\\/\",\"name\":\"Mitarbeiter - ASJ Audit\",\"isPartOf\":{\"@id\":\"https:\\\/\\\/asjaudit.com\\\/de\\\/#website\"},\"datePublished\":\"2020-09-11T16:23:47+00:00\",\"dateModified\":\"2020-09-11T18:15:18+00:00\",\"description\":\"Bei der ASJ AUDIT Kft stehen unseren Mandanten kompetente und engagierte Mitarbeiter und Mitarbeiterinnen mit Sprachkenntnissen in Ungarisch, Englisch, Deutsch und Franz\u00f6sisch zur Verf\u00fcgung.\",\"breadcrumb\":{\"@id\":\"https:\\\/\\\/asjaudit.com\\\/de\\\/mitarbeiter\\\/#breadcrumb\"},\"inLanguage\":\"de\",\"potentialAction\":[{\"@type\":\"ReadAction\",\"target\":[\"https:\\\/\\\/asjaudit.com\\\/de\\\/mitarbeiter\\\/\"]}]},{\"@type\":\"BreadcrumbList\",\"@id\":\"https:\\\/\\\/asjaudit.com\\\/de\\\/mitarbeiter\\\/#breadcrumb\",\"itemListElement\":[{\"@type\":\"ListItem\",\"position\":1,\"name\":\"Home\",\"item\":\"https:\\\/\\\/asjaudit.com\\\/de\\\/\"},{\"@type\":\"ListItem\",\"position\":2,\"name\":\"Mitarbeiter\"}]},{\"@type\":\"WebSite\",\"@id\":\"https:\\\/\\\/asjaudit.com\\\/de\\\/#website\",\"url\":\"https:\\\/\\\/asjaudit.com\\\/de\\\/\",\"name\":\"ASJ Audit\",\"description\":\"Abschlusspr\u00fcfung, Unternehmensberatung \",\"potentialAction\":[{\"@type\":\"SearchAction\",\"target\":{\"@type\":\"EntryPoint\",\"urlTemplate\":\"https:\\\/\\\/asjaudit.com\\\/de\\\/?s={search_term_string}\"},\"query-input\":{\"@type\":\"PropertyValueSpecification\",\"valueRequired\":true,\"valueName\":\"search_term_string\"}}],\"inLanguage\":\"de\"}]}<\/script>\n<!-- \/ Yoast SEO plugin. -->","yoast_head_json":{"title":"Mitarbeiter - ASJ Audit","description":"Bei der ASJ AUDIT Kft stehen unseren Mandanten kompetente und engagierte Mitarbeiter und Mitarbeiterinnen mit Sprachkenntnissen in Ungarisch, Englisch, Deutsch und Franz\u00f6sisch zur Verf\u00fcgung.","robots":{"index":"index","follow":"follow","max-snippet":"max-snippet:-1","max-image-preview":"max-image-preview:large","max-video-preview":"max-video-preview:-1"},"canonical":"https:\/\/asjaudit.com\/de\/mitarbeiter\/","og_locale":"de_DE","og_type":"article","og_title":"Mitarbeiter - ASJ Audit","og_description":"Bei der ASJ AUDIT Kft stehen unseren Mandanten kompetente und engagierte Mitarbeiter und Mitarbeiterinnen mit Sprachkenntnissen in Ungarisch, Englisch, Deutsch und Franz\u00f6sisch zur Verf\u00fcgung.","og_url":"https:\/\/asjaudit.com\/de\/mitarbeiter\/","og_site_name":"ASJ Audit","article_modified_time":"2020-09-11T18:15:18+00:00","twitter_card":"summary_large_image","twitter_misc":{"Gesch\u00e4tzte Lesezeit":"7\u00a0Minuten"},"schema":{"@context":"https:\/\/schema.org","@graph":[{"@type":"WebPage","@id":"https:\/\/asjaudit.com\/de\/mitarbeiter\/","url":"https:\/\/asjaudit.com\/de\/mitarbeiter\/","name":"Mitarbeiter - ASJ Audit","isPartOf":{"@id":"https:\/\/asjaudit.com\/de\/#website"},"datePublished":"2020-09-11T16:23:47+00:00","dateModified":"2020-09-11T18:15:18+00:00","description":"Bei der ASJ AUDIT Kft stehen unseren Mandanten kompetente und engagierte Mitarbeiter und Mitarbeiterinnen mit Sprachkenntnissen in Ungarisch, Englisch, Deutsch und Franz\u00f6sisch zur Verf\u00fcgung.","breadcrumb":{"@id":"https:\/\/asjaudit.com\/de\/mitarbeiter\/#breadcrumb"},"inLanguage":"de","potentialAction":[{"@type":"ReadAction","target":["https:\/\/asjaudit.com\/de\/mitarbeiter\/"]}]},{"@type":"BreadcrumbList","@id":"https:\/\/asjaudit.com\/de\/mitarbeiter\/#breadcrumb","itemListElement":[{"@type":"ListItem","position":1,"name":"Home","item":"https:\/\/asjaudit.com\/de\/"},{"@type":"ListItem","position":2,"name":"Mitarbeiter"}]},{"@type":"WebSite","@id":"https:\/\/asjaudit.com\/de\/#website","url":"https:\/\/asjaudit.com\/de\/","name":"ASJ Audit","description":"Abschlusspr\u00fcfung, Unternehmensberatung ","potentialAction":[{"@type":"SearchAction","target":{"@type":"EntryPoint","urlTemplate":"https:\/\/asjaudit.com\/de\/?s={search_term_string}"},"query-input":{"@type":"PropertyValueSpecification","valueRequired":true,"valueName":"search_term_string"}}],"inLanguage":"de"}]}},"_links":{"self":[{"href":"https:\/\/asjaudit.com\/de\/wp-json\/wp\/v2\/pages\/652","targetHints":{"allow":["GET"]}}],"collection":[{"href":"https:\/\/asjaudit.com\/de\/wp-json\/wp\/v2\/pages"}],"about":[{"href":"https:\/\/asjaudit.com\/de\/wp-json\/wp\/v2\/types\/page"}],"author":[{"embeddable":true,"href":"https:\/\/asjaudit.com\/de\/wp-json\/wp\/v2\/users\/1"}],"replies":[{"embeddable":true,"href":"https:\/\/asjaudit.com\/de\/wp-json\/wp\/v2\/comments?post=652"}],"version-history":[{"count":4,"href":"https:\/\/asjaudit.com\/de\/wp-json\/wp\/v2\/pages\/652\/revisions"}],"predecessor-version":[{"id":720,"href":"https:\/\/asjaudit.com\/de\/wp-json\/wp\/v2\/pages\/652\/revisions\/720"}],"wp:attachment":[{"href":"https:\/\/asjaudit.com\/de\/wp-json\/wp\/v2\/media?parent=652"}],"curies":[{"name":"wp","href":"https:\/\/api.w.org\/{rel}","templated":true}]}}