{"id":660,"date":"2020-09-11T16:30:10","date_gmt":"2020-09-11T16:30:10","guid":{"rendered":"http:\/\/asjaudit.com\/?page_id=660"},"modified":"2020-09-11T18:17:32","modified_gmt":"2020-09-11T18:17:32","slug":"unsere-werte","status":"publish","type":"page","link":"https:\/\/asjaudit.com\/de\/unsere-werte\/","title":{"rendered":"Unsere Werte"},"content":{"rendered":"<div class=\"wpb-content-wrapper\"><p>[vc_row css_animation=&#8220;&#8220; row_type=&#8220;row&#8220; use_row_as_full_screen_section=&#8220;no&#8220; type=&#8220;full_width&#8220; angled_section=&#8220;no&#8220; text_align=&#8220;left&#8220; background_image_as_pattern=&#8220;without_pattern&#8220; css=&#8220;.vc_custom_1587459435136{padding-top: 4em !important;padding-bottom: 2em !important;}&#8220; z_index=&#8220;&#8220;][vc_column width=&#8220;1\/2&#8243; css=&#8220;.vc_custom_1587459479281{padding-top: 40px !important;padding-right: 0px !important;padding-bottom: 40px !important;padding-left: 0px !important;}&#8220; offset=&#8220;vc_col-lg-offset-2 vc_col-lg-4&#8243; el_class=&#8220;nomargintop&#8220;][vc_single_image image=&#8220;663&#8243; img_size=&#8220;full&#8220; qode_css_animation=&#8220;&#8220;][\/vc_column][vc_column width=&#8220;1\/2&#8243; css=&#8220;.vc_custom_1587459501378{padding-right: 0px !important;padding-bottom: 0px !important;padding-left: 6% !important;}&#8220; offset=&#8220;vc_col-lg-4&#8243;][vc_column_text]<\/p>\n<h1>Unsere Werte<\/h1>\n<p>[\/vc_column_text][vc_empty_space height=&#8220;22px&#8220;][vc_separator type=&#8220;small&#8220; position=&#8220;left&#8220; gradient_color=&#8220;yes&#8220; color=&#8220;#010101&#8243; thickness=&#8220;1&#8243; width=&#8220;66&#8243;][vc_empty_space height=&#8220;15px&#8220;][vc_accordion style=&#8220;accordion&#8220;][vc_accordion_tab title=&#8220;Unabh\u00e4ngigkeit&#8220; el_id=&#8220;fuggetlenseg&#8220;][vc_column_text]Das uns entgegengebrachte Vertrauen danken wir mit transparenter Arbeitsweise und klarer Kommunikation unter Beachtung der fachspezifischen Standards und der gesetzlichen Vorschriften. Das Ziel unseres Mandats, n\u00e4mlich zur Finanz-, Verm\u00f6gens- und Ertragssituation unserer Mandanten ein sachliches und glaubw\u00fcrdiges Urteil abzugeben, liegt uns stets am Herzen. [\/vc_column_text][\/vc_accordion_tab][vc_accordion_tab title=&#8220;Qualit\u00e4tsanspruch&#8220; el_id=&#8220;szakmai&#8220;][vc_column_text]Die kontinuierliche Entwicklung unserer Fachkenntnisse steht f\u00fcr uns im Mittelpunkt. \u00dcber die zwingend vorgeschriebenen Schulungen der Wirtschaftspr\u00fcferkammer hinaus nehmen wir jedes Jahr an den IFRS- (Internationale Finanzreporting Standards) und Steuerkonferenzen teil, au\u00dferdem \u00fcberwachen wir stetig auch die Neuheiten in den Bereichen Organisationsentwicklung und Personalmanagement. Mandate, f\u00fcr die uns das entsprechende Know-how fehlt oder die wir einschlie\u00dflich Planung, Kontrolle und Dokumentation unserer Pr\u00fcfungshandlungen nicht termingerecht ausf\u00fchren k\u00f6nnten, \u00fcbernehmen wir nicht.[\/vc_column_text][\/vc_accordion_tab][vc_accordion_tab title=&#8220;Mitwirkung&#8220; el_id=&#8220;egyuttmukodes&#8220;][vc_column_text]Unsere Wirtschaftspr\u00fcferpartner nehmen pers\u00f6nlich an den Pr\u00fcfungen vor Ort teil, sie erheben bei Neuauftr\u00e4gen die Unternehmenst\u00e4tigkeiten und das handelsrechtliche bzw. das IT-Umfeld. Unser besonderes Augenmerk gilt den Erwartungen unserer Mandanten. Termine und Aspekte der fachlichen Qualit\u00e4tssicherung halten wir stets vor Augen.[\/vc_column_text][\/vc_accordion_tab][vc_accordion_tab title=&#8220;Verl\u00e4sslichkeit&#8220; el_id=&#8220;megbizhatosag&#8220;][vc_column_text]Wirtschaftspr\u00fcfung und Beratung erfordern eine verantwortungsvolle und zuverl\u00e4ssige Arbeitsweise. Mittels Risikoerhebung und der Anwendung von ad\u00e4quaten Pr\u00fcfungsverfahren leiten wir aus den B\u00fcchern stichhaltige Schlussfolgerungen ab. Ausserdem sind wir bem\u00fcht, knappe Termine einzuhalten und alle Meldepflichten fristgerecht zu erf\u00fcllen. [\/vc_column_text][\/vc_accordion_tab][vc_accordion_tab title=&#8220;Gesellschaftliches Engagement&#8220; el_id=&#8220;tarsadalmi&#8220;][vc_column_text]Wir unterst\u00fctzen ungarische Unternehmen, Non-Profit \u2013Organisationen und Bildende K\u00fcnstler. Als eine Form unseres Engagements suchen wir die Bilder f\u00fcr unsere Website halbj\u00e4hrlich in Zusammenarbeit mit der <a href=\"http:\/\/www.haromhet.hu\/?page_id=85&amp;lang=en_US\" target=\"_blank\" rel=\"noopener noreferrer\">Galerie \u201eH\u00e1rom H\u00e9t\u201d<\/a> aus den Werken zeitgen\u00f6ssischer ungarischer K\u00fcnstler aus.[\/vc_column_text][\/vc_accordion_tab][\/vc_accordion][\/vc_column][\/vc_row][vc_row css_animation=&#8220;&#8220; row_type=&#8220;row&#8220; use_row_as_full_screen_section=&#8220;no&#8220; type=&#8220;full_width&#8220; angled_section=&#8220;no&#8220; text_align=&#8220;left&#8220; background_image_as_pattern=&#8220;without_pattern&#8220; z_index=&#8220;&#8220; padding_bottom=&#8220;40&#8243;][vc_column][vc_column_text]<\/p>\n<div class=\"container\">\n<div class=\"container_inner clearfix\">\n<div class=\"portfolio_navigation navigation_title\">\n<div class=\"portfolio_prev\"><a href=\"https:\/\/asjaudit.com\/de\/mitarbeiter\/\" rel=\"prev\"><i class=\"fa fa-angle-left\"><\/i><span class=\"post_info\"><span class=\"h5\">Mitarbeiter<\/span><\/span><\/a><\/div>\n<div class=\"portfolio_next\"><a href=\"https:\/\/asjaudit.com\/de\/wer-wir-sind\/\" rel=\"next\"><span class=\"post_info\"><span class=\"h5\">Wer wir sind<\/span><\/span><i class=\"fa fa-angle-right\"><\/i><\/a><\/div>\n<\/div>\n<\/div>\n<\/div>\n<p>[\/vc_column_text][\/vc_column][\/vc_row]<\/p>\n<\/div>","protected":false},"excerpt":{"rendered":"<p>[vc_row css_animation=&#8220;&#8220; row_type=&#8220;row&#8220; use_row_as_full_screen_section=&#8220;no&#8220; type=&#8220;full_width&#8220; angled_section=&#8220;no&#8220; text_align=&#8220;left&#8220; background_image_as_pattern=&#8220;without_pattern&#8220; css=&#8220;.vc_custom_1587459435136{padding-top: 4em !important;padding-bottom: 2em !important;}&#8220; z_index=&#8220;&#8220;][vc_column width=&#8220;1\/2&#8243;&#8230;<\/p>\n","protected":false},"author":1,"featured_media":0,"parent":0,"menu_order":0,"comment_status":"closed","ping_status":"closed","template":"full_width.php","meta":{"footnotes":""},"class_list":["post-660","page","type-page","status-publish","hentry"],"yoast_head":"<!-- This site is optimized with the Yoast SEO plugin v27.3 - https:\/\/yoast.com\/product\/yoast-seo-wordpress\/ -->\n<title>Unsere Werte - ASJ Audit<\/title>\n<meta name=\"robots\" content=\"index, follow, max-snippet:-1, max-image-preview:large, max-video-preview:-1\" \/>\n<link rel=\"canonical\" href=\"https:\/\/asjaudit.com\/de\/unsere-werte\/\" \/>\n<meta property=\"og:locale\" content=\"de_DE\" \/>\n<meta property=\"og:type\" content=\"article\" \/>\n<meta property=\"og:title\" content=\"Unsere Werte - ASJ Audit\" \/>\n<meta property=\"og:description\" content=\"[vc_row css_animation=&#8220;&#8220; row_type=&#8220;row&#8220; use_row_as_full_screen_section=&#8220;no&#8220; type=&#8220;full_width&#8220; angled_section=&#8220;no&#8220; text_align=&#8220;left&#8220; background_image_as_pattern=&#8220;without_pattern&#8220; css=&#8220;.vc_custom_1587459435136{padding-top: 4em !important;padding-bottom: 2em !important;}&#8220; z_index=&#8220;&#8220;][vc_column width=&#8220;1\/2&#8243;...\" \/>\n<meta property=\"og:url\" content=\"https:\/\/asjaudit.com\/de\/unsere-werte\/\" \/>\n<meta property=\"og:site_name\" content=\"ASJ Audit\" \/>\n<meta property=\"article:modified_time\" content=\"2020-09-11T18:17:32+00:00\" \/>\n<meta name=\"twitter:card\" content=\"summary_large_image\" \/>\n<meta name=\"twitter:label1\" content=\"Gesch\u00e4tzte Lesezeit\" \/>\n\t<meta name=\"twitter:data1\" content=\"3\u00a0Minuten\" \/>\n<script type=\"application\/ld+json\" class=\"yoast-schema-graph\">{\"@context\":\"https:\\\/\\\/schema.org\",\"@graph\":[{\"@type\":\"WebPage\",\"@id\":\"https:\\\/\\\/asjaudit.com\\\/de\\\/unsere-werte\\\/\",\"url\":\"https:\\\/\\\/asjaudit.com\\\/de\\\/unsere-werte\\\/\",\"name\":\"Unsere Werte - ASJ Audit\",\"isPartOf\":{\"@id\":\"https:\\\/\\\/asjaudit.com\\\/de\\\/#website\"},\"datePublished\":\"2020-09-11T16:30:10+00:00\",\"dateModified\":\"2020-09-11T18:17:32+00:00\",\"breadcrumb\":{\"@id\":\"https:\\\/\\\/asjaudit.com\\\/de\\\/unsere-werte\\\/#breadcrumb\"},\"inLanguage\":\"de\",\"potentialAction\":[{\"@type\":\"ReadAction\",\"target\":[\"https:\\\/\\\/asjaudit.com\\\/de\\\/unsere-werte\\\/\"]}]},{\"@type\":\"BreadcrumbList\",\"@id\":\"https:\\\/\\\/asjaudit.com\\\/de\\\/unsere-werte\\\/#breadcrumb\",\"itemListElement\":[{\"@type\":\"ListItem\",\"position\":1,\"name\":\"Home\",\"item\":\"https:\\\/\\\/asjaudit.com\\\/de\\\/\"},{\"@type\":\"ListItem\",\"position\":2,\"name\":\"Unsere Werte\"}]},{\"@type\":\"WebSite\",\"@id\":\"https:\\\/\\\/asjaudit.com\\\/de\\\/#website\",\"url\":\"https:\\\/\\\/asjaudit.com\\\/de\\\/\",\"name\":\"ASJ Audit\",\"description\":\"Abschlusspr\u00fcfung, Unternehmensberatung \",\"potentialAction\":[{\"@type\":\"SearchAction\",\"target\":{\"@type\":\"EntryPoint\",\"urlTemplate\":\"https:\\\/\\\/asjaudit.com\\\/de\\\/?s={search_term_string}\"},\"query-input\":{\"@type\":\"PropertyValueSpecification\",\"valueRequired\":true,\"valueName\":\"search_term_string\"}}],\"inLanguage\":\"de\"}]}<\/script>\n<!-- \/ Yoast SEO plugin. -->","yoast_head_json":{"title":"Unsere Werte - ASJ Audit","robots":{"index":"index","follow":"follow","max-snippet":"max-snippet:-1","max-image-preview":"max-image-preview:large","max-video-preview":"max-video-preview:-1"},"canonical":"https:\/\/asjaudit.com\/de\/unsere-werte\/","og_locale":"de_DE","og_type":"article","og_title":"Unsere Werte - ASJ Audit","og_description":"[vc_row css_animation=&#8220;&#8220; row_type=&#8220;row&#8220; use_row_as_full_screen_section=&#8220;no&#8220; type=&#8220;full_width&#8220; angled_section=&#8220;no&#8220; text_align=&#8220;left&#8220; background_image_as_pattern=&#8220;without_pattern&#8220; css=&#8220;.vc_custom_1587459435136{padding-top: 4em !important;padding-bottom: 2em !important;}&#8220; z_index=&#8220;&#8220;][vc_column width=&#8220;1\/2&#8243;...","og_url":"https:\/\/asjaudit.com\/de\/unsere-werte\/","og_site_name":"ASJ Audit","article_modified_time":"2020-09-11T18:17:32+00:00","twitter_card":"summary_large_image","twitter_misc":{"Gesch\u00e4tzte Lesezeit":"3\u00a0Minuten"},"schema":{"@context":"https:\/\/schema.org","@graph":[{"@type":"WebPage","@id":"https:\/\/asjaudit.com\/de\/unsere-werte\/","url":"https:\/\/asjaudit.com\/de\/unsere-werte\/","name":"Unsere Werte - ASJ Audit","isPartOf":{"@id":"https:\/\/asjaudit.com\/de\/#website"},"datePublished":"2020-09-11T16:30:10+00:00","dateModified":"2020-09-11T18:17:32+00:00","breadcrumb":{"@id":"https:\/\/asjaudit.com\/de\/unsere-werte\/#breadcrumb"},"inLanguage":"de","potentialAction":[{"@type":"ReadAction","target":["https:\/\/asjaudit.com\/de\/unsere-werte\/"]}]},{"@type":"BreadcrumbList","@id":"https:\/\/asjaudit.com\/de\/unsere-werte\/#breadcrumb","itemListElement":[{"@type":"ListItem","position":1,"name":"Home","item":"https:\/\/asjaudit.com\/de\/"},{"@type":"ListItem","position":2,"name":"Unsere Werte"}]},{"@type":"WebSite","@id":"https:\/\/asjaudit.com\/de\/#website","url":"https:\/\/asjaudit.com\/de\/","name":"ASJ Audit","description":"Abschlusspr\u00fcfung, Unternehmensberatung ","potentialAction":[{"@type":"SearchAction","target":{"@type":"EntryPoint","urlTemplate":"https:\/\/asjaudit.com\/de\/?s={search_term_string}"},"query-input":{"@type":"PropertyValueSpecification","valueRequired":true,"valueName":"search_term_string"}}],"inLanguage":"de"}]}},"_links":{"self":[{"href":"https:\/\/asjaudit.com\/de\/wp-json\/wp\/v2\/pages\/660","targetHints":{"allow":["GET"]}}],"collection":[{"href":"https:\/\/asjaudit.com\/de\/wp-json\/wp\/v2\/pages"}],"about":[{"href":"https:\/\/asjaudit.com\/de\/wp-json\/wp\/v2\/types\/page"}],"author":[{"embeddable":true,"href":"https:\/\/asjaudit.com\/de\/wp-json\/wp\/v2\/users\/1"}],"replies":[{"embeddable":true,"href":"https:\/\/asjaudit.com\/de\/wp-json\/wp\/v2\/comments?post=660"}],"version-history":[{"count":3,"href":"https:\/\/asjaudit.com\/de\/wp-json\/wp\/v2\/pages\/660\/revisions"}],"predecessor-version":[{"id":722,"href":"https:\/\/asjaudit.com\/de\/wp-json\/wp\/v2\/pages\/660\/revisions\/722"}],"wp:attachment":[{"href":"https:\/\/asjaudit.com\/de\/wp-json\/wp\/v2\/media?parent=660"}],"curies":[{"name":"wp","href":"https:\/\/api.w.org\/{rel}","templated":true}]}}