{"id":667,"date":"2020-09-11T16:37:40","date_gmt":"2020-09-11T16:37:40","guid":{"rendered":"http:\/\/asjaudit.com\/?page_id=667"},"modified":"2025-06-18T08:26:00","modified_gmt":"2025-06-18T08:26:00","slug":"dienstleistungen","status":"publish","type":"page","link":"https:\/\/asjaudit.com\/de\/dienstleistungen\/","title":{"rendered":"Dienstleistungen"},"content":{"rendered":"<div class=\"wpb-content-wrapper\"><p>[vc_row css_animation=&#8220;&#8220; row_type=&#8220;row&#8220; use_row_as_full_screen_section=&#8220;no&#8220; type=&#8220;grid&#8220; angled_section=&#8220;no&#8220; text_align=&#8220;left&#8220; background_image_as_pattern=&#8220;without_pattern&#8220; z_index=&#8220;&#8220; transition_delay=&#8220;500&#8243; css=&#8220;.vc_custom_1587460378639{padding-top: 4em !important;padding-bottom: 3em !important;}&#8220;][vc_column offset=&#8220;vc_col-lg-4 vc_col-md-12&#8243; css=&#8220;.vc_custom_1587374050461{padding-top: 3em !important;}&#8220; el_class=&#8220;nomargintop&#8220;][vc_column_text]<\/p>\n<h2>Dienstleistungen<\/h2>\n<p>[\/vc_column_text][vc_empty_space height=&#8220;15px&#8220;][vc_separator type=&#8220;small&#8220; position=&#8220;left&#8220; gradient_color=&#8220;yes&#8220; color=&#8220;#000000&#8243; transparency=&#8220;1&#8243; thickness=&#8220;1&#8243; width=&#8220;91&#8243;][vc_column_text]<\/p>\n<p>Wir \u00fcbernehmen Auftr\u00e4ge \u00a0in den Bereichen Finanzwesen, Rechnungswesen und Steuerberatung in dem vom Auftraggeber gew\u00fcnschten Umfang &#8211; sei es eine gesetzlich vorgeschriebene Pflichtpr\u00fcfung, eine Due diligence Pr\u00fcfung \u00a0oder eine Ad-hoc- Anfrage.<\/p>\n<p>[\/vc_column_text][vc_empty_space height=&#8220;40px&#8220;][\/vc_column][vc_column width=&#8220;1\/2&#8243; offset=&#8220;vc_col-lg-4 vc_col-md-6&#8243;]<div class=\"q_image_with_text_over q_iwto_hover\"><div class=\"shader\" style=\"background-color: #009FE399\"><\/div><div class=\"shader_hover\" style=\"background-color: #009FE3\"><\/div><img decoding=\"async\" itemprop=\"image\" src=\"https:\/\/asjaudit.com\/wp-content\/uploads\/2025\/05\/DSC0850_01.jpg\" alt=\"B\u00fcrogeb\u00e4udedetail-1\" \/><div class=\"text\"><table><tr><td><span aria-hidden=\"true\" class=\"qode_icon_font_elegant icon_search_alt icon_holder fa-3x\" style=\"\" ><\/span><h6 class=\"caption \" style=\"font-size: 20px;\">Abschlusspr\u00fcfung<\/h6><\/td><\/tr><\/table><table><tr><td><div class=\"desc\"><\/p>\n<div class=\"wpb_text_column wpb_content_element vc_custom_1586246426695\">\n<div class=\"wpb_wrapper\">\n<p>Als Abschlusspr\u00fcfer geben wir im Einklang mit den Berufs- und Ethikrichtlinien der Ungarischen Nationalen Abschlusspr\u00fcfungsstandards ein unabh\u00e4ngiges, objektives Urteil zum Jahresabschluss ab.<\/p>\n<\/div>\n<\/div>\n<p><a  itemprop=\"url\" href=\"https:\/\/asjaudit.com\/de\/portfolio_page\/abschlusspruefung\/\" target=\"_self\"  class=\"qbutton  small white default\" style=\"\">MEHR ERFAHREN<\/a><\/div><\/td><\/tr><\/table><\/div><\/div>[vc_empty_space height=&#8220;40px&#8220;]<div class=\"q_image_with_text_over q_iwto_hover\"><div class=\"shader\" style=\"background-color: #009FE399\"><\/div><div class=\"shader_hover\" style=\"background-color: #009FE3\"><\/div><img decoding=\"async\" itemprop=\"image\" src=\"https:\/\/asjaudit.com\/wp-content\/uploads\/2025\/05\/DSC0850_03.jpg\" alt=\"B\u00fcrogeb\u00e4udedetail-3\" \/><div class=\"text\"><table><tr><td><span aria-hidden=\"true\" class=\"qode_icon_font_elegant icon_calulator icon_holder fa-3x\" style=\"\" ><\/span><h6 class=\"caption \" style=\"font-size: 20px;\">Laufende \u00dcberwachung der Buchf\u00fchrung<\/h6><\/td><\/tr><\/table><table><tr><td><div class=\"desc\"><\/p>\n<div class=\"wpb_text_column wpb_content_element vc_custom_1586246426695\">\n<div class=\"wpb_wrapper\">\n<p>Heutzutage haben immer mehr Unternehmen Schwierigkeiten bei der Besetzung von Positionen im Rechnungswesen und Finanzen.<\/p>\n<\/div>\n<\/div>\n<p><a  itemprop=\"url\" href=\"https:\/\/asjaudit.com\/de\/portfolio_page\/laufende-ueberwachung-der-buchfuehrung\/\" target=\"_self\"  class=\"qbutton  small white default\" style=\"\">MEHR ERFAHREN<\/a><\/div><\/td><\/tr><\/table><\/div><\/div>[vc_empty_space height=&#8220;40px&#8220;][\/vc_column][vc_column width=&#8220;1\/2&#8243; offset=&#8220;vc_col-lg-4 vc_col-md-6&#8243;]<div class=\"q_image_with_text_over q_iwto_hover\"><div class=\"shader\" style=\"background-color: #009FE399\"><\/div><div class=\"shader_hover\" style=\"background-color: #009FE3\"><\/div><img decoding=\"async\" itemprop=\"image\" src=\"https:\/\/asjaudit.com\/wp-content\/uploads\/2025\/05\/DSC0850_02.jpg\" alt=\"B\u00fcrogeb\u00e4udedetail-2\" \/><div class=\"text\"><table><tr><td><span aria-hidden=\"true\" class=\"qode_icon_font_elegant icon_easel icon_holder fa-3x\" style=\"\" ><\/span><h6 class=\"caption \" style=\"font-size: 20px;\">Unternehmensberatung<\/h6><\/td><\/tr><\/table><table><tr><td><div class=\"desc\"><\/p>\n<div class=\"wpb_text_column wpb_content_element vc_custom_1586246426695\">\n<div class=\"wpb_wrapper\">\n<p>Dank unserer Kenntnisse im Rechnungswesen und Steuerrecht k\u00f6nnen wir unseren Gesch\u00e4ftspartnern verschiedene Beratungsleistungen anbieten.<\/p>\n<\/div>\n<\/div>\n<p><a  itemprop=\"url\" href=\"https:\/\/asjaudit.com\/de\/portfolio_page\/unternehmensberatung\/\" target=\"_self\"  class=\"qbutton  small white default\" style=\"\">MEHR ERFAHREN<\/a><\/div><\/td><\/tr><\/table><\/div><\/div>[vc_empty_space height=&#8220;40px&#8220;]<div class=\"q_image_with_text_over q_iwto_hover\"><div class=\"shader\" style=\"background-color: #009FE399\"><\/div><div class=\"shader_hover\" style=\"background-color: #009FE3\"><\/div><img decoding=\"async\" itemprop=\"image\" src=\"https:\/\/asjaudit.com\/wp-content\/uploads\/2025\/05\/DSC0850_04.jpg\" alt=\"B\u00fcrogeb\u00e4udedetail-4\" \/><div class=\"text\"><table><tr><td><span aria-hidden=\"true\" class=\"qode_icon_font_elegant icon_lightbulb_alt icon_holder fa-3x\" style=\"\" ><\/span><h6 class=\"caption \" style=\"font-size: 20px;\">Due Diligence Pr\u00fcfung<\/h6><\/td><\/tr><\/table><table><tr><td><div class=\"desc\"><\/p>\n<div class=\"wpb_text_column wpb_content_element vc_custom_1586246426695\">\n<div class=\"wpb_wrapper\">\n<div class=\"wpb_text_column wpb_content_element vc_custom_1586283623944\">\n<div class=\"wpb_wrapper\">\n<p style=\"font-weight: 400;\">Zur Vorbereitung der Entscheidungen in Bezug auf Unternehmensk\u00e4ufe bzw. Investitionen \u00fcbernehmen wir im Auftrag des Managements die komplette Durchsicht der Aufzeichnungen der Buchhaltung.<\/p>\n<\/div>\n<\/div>\n<\/div>\n<\/div>\n<p><a  itemprop=\"url\" href=\"https:\/\/asjaudit.com\/de\/portfolio_page\/due-diligence-pruefung\/\" target=\"_self\"  class=\"qbutton  small white default\" style=\"\">MEHR ERFAHREN<\/a><\/div><\/td><\/tr><\/table><\/div><\/div>[vc_empty_space height=&#8220;40px&#8220;][\/vc_column][\/vc_row]<\/p>\n<\/div>","protected":false},"excerpt":{"rendered":"<p>[vc_row css_animation=&#8220;&#8220; row_type=&#8220;row&#8220; use_row_as_full_screen_section=&#8220;no&#8220; type=&#8220;grid&#8220; angled_section=&#8220;no&#8220; text_align=&#8220;left&#8220; background_image_as_pattern=&#8220;without_pattern&#8220; z_index=&#8220;&#8220; transition_delay=&#8220;500&#8243; css=&#8220;.vc_custom_1587460378639{padding-top: 4em !important;padding-bottom: 3em !important;}&#8220;][vc_column&#8230;<\/p>\n","protected":false},"author":1,"featured_media":0,"parent":0,"menu_order":0,"comment_status":"closed","ping_status":"closed","template":"full_width.php","meta":{"footnotes":""},"class_list":["post-667","page","type-page","status-publish","hentry"],"yoast_head":"<!-- This site is optimized with the Yoast SEO plugin v27.5 - https:\/\/yoast.com\/product\/yoast-seo-wordpress\/ -->\n<title>Dienstleistungen - ASJ Audit<\/title>\n<meta name=\"description\" content=\"Wir \u00fcbernehmen Auftr\u00e4ge in den Bereichen Finanzwesen, Rechnungswesen und Steuerberatung in dem vom Auftraggeber gew\u00fcnschten Umfang.\" \/>\n<meta name=\"robots\" content=\"index, follow, max-snippet:-1, max-image-preview:large, max-video-preview:-1\" \/>\n<link rel=\"canonical\" href=\"https:\/\/asjaudit.com\/de\/dienstleistungen\/\" \/>\n<meta property=\"og:locale\" content=\"de_DE\" \/>\n<meta property=\"og:type\" content=\"article\" \/>\n<meta property=\"og:title\" content=\"Dienstleistungen - ASJ Audit\" \/>\n<meta property=\"og:description\" content=\"Wir \u00fcbernehmen Auftr\u00e4ge in den Bereichen Finanzwesen, Rechnungswesen und Steuerberatung in dem vom Auftraggeber gew\u00fcnschten Umfang.\" \/>\n<meta property=\"og:url\" content=\"https:\/\/asjaudit.com\/de\/dienstleistungen\/\" \/>\n<meta property=\"og:site_name\" content=\"ASJ Audit\" \/>\n<meta property=\"article:modified_time\" content=\"2025-06-18T08:26:00+00:00\" \/>\n<meta name=\"twitter:card\" content=\"summary_large_image\" \/>\n<meta name=\"twitter:label1\" content=\"Gesch\u00e4tzte Lesezeit\" \/>\n\t<meta name=\"twitter:data1\" content=\"2\u00a0Minuten\" \/>\n<script type=\"application\/ld+json\" class=\"yoast-schema-graph\">{\"@context\":\"https:\\\/\\\/schema.org\",\"@graph\":[{\"@type\":\"WebPage\",\"@id\":\"https:\\\/\\\/asjaudit.com\\\/de\\\/dienstleistungen\\\/\",\"url\":\"https:\\\/\\\/asjaudit.com\\\/de\\\/dienstleistungen\\\/\",\"name\":\"Dienstleistungen - ASJ Audit\",\"isPartOf\":{\"@id\":\"https:\\\/\\\/asjaudit.com\\\/de\\\/#website\"},\"datePublished\":\"2020-09-11T16:37:40+00:00\",\"dateModified\":\"2025-06-18T08:26:00+00:00\",\"description\":\"Wir \u00fcbernehmen Auftr\u00e4ge in den Bereichen Finanzwesen, Rechnungswesen und Steuerberatung in dem vom Auftraggeber gew\u00fcnschten Umfang.\",\"breadcrumb\":{\"@id\":\"https:\\\/\\\/asjaudit.com\\\/de\\\/dienstleistungen\\\/#breadcrumb\"},\"inLanguage\":\"de\",\"potentialAction\":[{\"@type\":\"ReadAction\",\"target\":[\"https:\\\/\\\/asjaudit.com\\\/de\\\/dienstleistungen\\\/\"]}]},{\"@type\":\"BreadcrumbList\",\"@id\":\"https:\\\/\\\/asjaudit.com\\\/de\\\/dienstleistungen\\\/#breadcrumb\",\"itemListElement\":[{\"@type\":\"ListItem\",\"position\":1,\"name\":\"Home\",\"item\":\"https:\\\/\\\/asjaudit.com\\\/de\\\/\"},{\"@type\":\"ListItem\",\"position\":2,\"name\":\"Dienstleistungen\"}]},{\"@type\":\"WebSite\",\"@id\":\"https:\\\/\\\/asjaudit.com\\\/de\\\/#website\",\"url\":\"https:\\\/\\\/asjaudit.com\\\/de\\\/\",\"name\":\"ASJ Audit\",\"description\":\"Abschlusspr\u00fcfung, Unternehmensberatung \",\"potentialAction\":[{\"@type\":\"SearchAction\",\"target\":{\"@type\":\"EntryPoint\",\"urlTemplate\":\"https:\\\/\\\/asjaudit.com\\\/de\\\/?s={search_term_string}\"},\"query-input\":{\"@type\":\"PropertyValueSpecification\",\"valueRequired\":true,\"valueName\":\"search_term_string\"}}],\"inLanguage\":\"de\"}]}<\/script>\n<!-- \/ Yoast SEO plugin. -->","yoast_head_json":{"title":"Dienstleistungen - ASJ Audit","description":"Wir \u00fcbernehmen Auftr\u00e4ge in den Bereichen Finanzwesen, Rechnungswesen und Steuerberatung in dem vom Auftraggeber gew\u00fcnschten Umfang.","robots":{"index":"index","follow":"follow","max-snippet":"max-snippet:-1","max-image-preview":"max-image-preview:large","max-video-preview":"max-video-preview:-1"},"canonical":"https:\/\/asjaudit.com\/de\/dienstleistungen\/","og_locale":"de_DE","og_type":"article","og_title":"Dienstleistungen - ASJ Audit","og_description":"Wir \u00fcbernehmen Auftr\u00e4ge in den Bereichen Finanzwesen, Rechnungswesen und Steuerberatung in dem vom Auftraggeber gew\u00fcnschten Umfang.","og_url":"https:\/\/asjaudit.com\/de\/dienstleistungen\/","og_site_name":"ASJ Audit","article_modified_time":"2025-06-18T08:26:00+00:00","twitter_card":"summary_large_image","twitter_misc":{"Gesch\u00e4tzte Lesezeit":"2\u00a0Minuten"},"schema":{"@context":"https:\/\/schema.org","@graph":[{"@type":"WebPage","@id":"https:\/\/asjaudit.com\/de\/dienstleistungen\/","url":"https:\/\/asjaudit.com\/de\/dienstleistungen\/","name":"Dienstleistungen - ASJ Audit","isPartOf":{"@id":"https:\/\/asjaudit.com\/de\/#website"},"datePublished":"2020-09-11T16:37:40+00:00","dateModified":"2025-06-18T08:26:00+00:00","description":"Wir \u00fcbernehmen Auftr\u00e4ge in den Bereichen Finanzwesen, Rechnungswesen und Steuerberatung in dem vom Auftraggeber gew\u00fcnschten Umfang.","breadcrumb":{"@id":"https:\/\/asjaudit.com\/de\/dienstleistungen\/#breadcrumb"},"inLanguage":"de","potentialAction":[{"@type":"ReadAction","target":["https:\/\/asjaudit.com\/de\/dienstleistungen\/"]}]},{"@type":"BreadcrumbList","@id":"https:\/\/asjaudit.com\/de\/dienstleistungen\/#breadcrumb","itemListElement":[{"@type":"ListItem","position":1,"name":"Home","item":"https:\/\/asjaudit.com\/de\/"},{"@type":"ListItem","position":2,"name":"Dienstleistungen"}]},{"@type":"WebSite","@id":"https:\/\/asjaudit.com\/de\/#website","url":"https:\/\/asjaudit.com\/de\/","name":"ASJ Audit","description":"Abschlusspr\u00fcfung, Unternehmensberatung ","potentialAction":[{"@type":"SearchAction","target":{"@type":"EntryPoint","urlTemplate":"https:\/\/asjaudit.com\/de\/?s={search_term_string}"},"query-input":{"@type":"PropertyValueSpecification","valueRequired":true,"valueName":"search_term_string"}}],"inLanguage":"de"}]}},"_links":{"self":[{"href":"https:\/\/asjaudit.com\/de\/wp-json\/wp\/v2\/pages\/667","targetHints":{"allow":["GET"]}}],"collection":[{"href":"https:\/\/asjaudit.com\/de\/wp-json\/wp\/v2\/pages"}],"about":[{"href":"https:\/\/asjaudit.com\/de\/wp-json\/wp\/v2\/types\/page"}],"author":[{"embeddable":true,"href":"https:\/\/asjaudit.com\/de\/wp-json\/wp\/v2\/users\/1"}],"replies":[{"embeddable":true,"href":"https:\/\/asjaudit.com\/de\/wp-json\/wp\/v2\/comments?post=667"}],"version-history":[{"count":8,"href":"https:\/\/asjaudit.com\/de\/wp-json\/wp\/v2\/pages\/667\/revisions"}],"predecessor-version":[{"id":1157,"href":"https:\/\/asjaudit.com\/de\/wp-json\/wp\/v2\/pages\/667\/revisions\/1157"}],"wp:attachment":[{"href":"https:\/\/asjaudit.com\/de\/wp-json\/wp\/v2\/media?parent=667"}],"curies":[{"name":"wp","href":"https:\/\/api.w.org\/{rel}","templated":true}]}}