{"id":684,"date":"2020-09-11T16:56:56","date_gmt":"2020-09-11T16:56:56","guid":{"rendered":"http:\/\/asjaudit.com\/?page_id=684"},"modified":"2025-06-18T08:01:48","modified_gmt":"2025-06-18T08:01:48","slug":"home","status":"publish","type":"page","link":"https:\/\/asjaudit.com\/de\/","title":{"rendered":"Home"},"content":{"rendered":"<div class=\"wpb-content-wrapper\"><p>[vc_row css_animation=&#8220;&#8220; row_type=&#8220;row&#8220; use_row_as_full_screen_section=&#8220;no&#8220; type=&#8220;grid&#8220; angled_section=&#8220;no&#8220; text_align=&#8220;left&#8220; background_image_as_pattern=&#8220;without_pattern&#8220; z_index=&#8220;&#8220; transition_delay=&#8220;500&#8243; css=&#8220;.vc_custom_1739270123039{padding-top: 4em !important;padding-bottom: 3em !important;}&#8220; border_color=&#8220;#009FE4&#8243;][vc_column offset=&#8220;vc_col-lg-4 vc_col-md-12&#8243; css=&#8220;.vc_custom_1587374050461{padding-top: 3em !important;}&#8220; el_class=&#8220;nomargintop&#8220;][vc_column_text]<\/p>\n<h2>Dienstleistungen<\/h2>\n<p>[\/vc_column_text][vc_empty_space height=&#8220;15px&#8220;][vc_separator type=&#8220;small&#8220; position=&#8220;left&#8220; gradient_color=&#8220;yes&#8220; color=&#8220;#000000&#8243; transparency=&#8220;1&#8243; thickness=&#8220;1&#8243; width=&#8220;91&#8243;][vc_column_text css=&#8220;&#8220;]<span style=\"font-weight: 400;\">Mit unseren professionellen Beratungsleistungen tragen wir dazu bei, Verm\u00f6genswerte zu sichern, indem wir die Finanzaufstellungen gr\u00fcndlich pr\u00fcfen und eventuelle Risiken aufdecken.<\/span>[\/vc_column_text][vc_column_text css=&#8220;&#8220;]<span style=\"font-weight: 400;\">Wir sind bestrebt, f\u00fcr alle Finanz- und Steuerangelegenheiten des Managements optimale L\u00f6sungen zu finden.<\/span>[\/vc_column_text][vc_column_text]<\/p>\n<p>Wir \u00fcbernehmen Auftr\u00e4ge \u00a0in den Bereichen Finanzwesen, Rechnungswesen und Steuerberatung in dem vom Auftraggeber gew\u00fcnschten Umfang &#8211; sei es eine gesetzlich vorgeschriebene Pflichtpr\u00fcfung, eine Due diligence Pr\u00fcfung \u00a0oder eine Ad-hoc- Anfrage.<\/p>\n<p>[\/vc_column_text][vc_empty_space height=&#8220;40px&#8220;][\/vc_column][vc_column width=&#8220;1\/2&#8243; offset=&#8220;vc_col-lg-4 vc_col-md-6&#8243;]<div class=\"q_image_with_text_over q_iwto_hover\"><div class=\"shader\" style=\"background-color: #009FE399\"><\/div><div class=\"shader_hover\" style=\"background-color: #009FE3\"><\/div><img decoding=\"async\" itemprop=\"image\" src=\"https:\/\/asjaudit.com\/wp-content\/uploads\/2025\/05\/DSC0850_01.jpg\" alt=\"B\u00fcrogeb\u00e4udedetail-1\" \/><div class=\"text\"><table><tr><td><span aria-hidden=\"true\" class=\"qode_icon_font_elegant icon_search_alt icon_holder fa-3x\" style=\"\" ><\/span><h6 class=\"caption \" style=\"font-size: 18px;\">Abschlusspr\u00fcfung<\/h6><\/td><\/tr><\/table><table><tr><td><div class=\"desc\"><\/p>\n<div class=\"wpb_text_column wpb_content_element vc_custom_1586246426695\">\n<div class=\"wpb_wrapper\">\n<p>Als Abschlusspr\u00fcfer geben wir im Einklang mit den Berufs- und Ethikrichtlinien der Ungarischen Nationalen Abschlusspr\u00fcfungsstandards ein unabh\u00e4ngiges, objektives Urteil zum Jahresabschluss ab.<\/p>\n<\/div>\n<\/div>\n<p><a  itemprop=\"url\" href=\"https:\/\/asjaudit.com\/de\/portfolio_page\/abschlusspruefung\/\" target=\"_self\"  class=\"qbutton  small white default\" style=\"\">MEHR ERFAHREN<\/a><\/div><\/td><\/tr><\/table><\/div><\/div>[vc_empty_space height=&#8220;40px&#8220;]<div class=\"q_image_with_text_over q_iwto_hover\"><div class=\"shader\" style=\"background-color: #009FE399\"><\/div><div class=\"shader_hover\" style=\"background-color: #009FE3\"><\/div><img decoding=\"async\" itemprop=\"image\" src=\"https:\/\/asjaudit.com\/wp-content\/uploads\/2025\/05\/DSC0850_03.jpg\" alt=\"B\u00fcrogeb\u00e4udedetail-3\" \/><div class=\"text\"><table><tr><td><span aria-hidden=\"true\" class=\"qode_icon_font_elegant icon_calulator icon_holder fa-3x\" style=\"\" ><\/span><h6 class=\"caption \" style=\"font-size: 18px;\">Laufende \u00dcberwachung der Buchf\u00fchrung<\/h6><\/td><\/tr><\/table><table><tr><td><div class=\"desc\"><\/p>\n<div class=\"wpb_text_column wpb_content_element vc_custom_1586246426695\">\n<div class=\"wpb_wrapper\">\n<p>Heutzutage haben immer mehr Unternehmen Schwierigkeiten bei der Besetzung von Positionen im Rechnungswesen und Finanzen.<\/p>\n<\/div>\n<\/div>\n<p><a  itemprop=\"url\" href=\"https:\/\/asjaudit.com\/de\/portfolio_page\/laufende-ueberwachung-der-buchfuehrung\/\" target=\"_self\"  class=\"qbutton  small white default\" style=\"\">MEHR ERFAHREN<\/a><\/div><\/td><\/tr><\/table><\/div><\/div>[vc_empty_space height=&#8220;40px&#8220;][\/vc_column][vc_column width=&#8220;1\/2&#8243; offset=&#8220;vc_col-lg-4 vc_col-md-6&#8243;]<div class=\"q_image_with_text_over q_iwto_hover\"><div class=\"shader\" style=\"background-color: #009FE399\"><\/div><div class=\"shader_hover\" style=\"background-color: #009FE3\"><\/div><img decoding=\"async\" itemprop=\"image\" src=\"https:\/\/asjaudit.com\/wp-content\/uploads\/2025\/05\/DSC0850_02.jpg\" alt=\"B\u00fcrogeb\u00e4udedetail-2\" \/><div class=\"text\"><table><tr><td><span aria-hidden=\"true\" class=\"qode_icon_font_elegant icon_easel icon_holder fa-3x\" style=\"\" ><\/span><h6 class=\"caption \" style=\"font-size: 18px;\">Unternehmensberatung<\/h6><\/td><\/tr><\/table><table><tr><td><div class=\"desc\"><\/p>\n<div class=\"wpb_text_column wpb_content_element vc_custom_1586246426695\">\n<div class=\"wpb_wrapper\">\n<p>Dank unserer Kenntnisse im Rechnungswesen und Steuerrecht k\u00f6nnen wir unseren Gesch\u00e4ftspartnern verschiedene Beratungsleistungen anbieten.<\/p>\n<\/div>\n<\/div>\n<p><a  itemprop=\"url\" href=\"https:\/\/asjaudit.com\/de\/portfolio_page\/unternehmensberatung\/\" target=\"_self\"  class=\"qbutton  small white default\" style=\"\">MEHR ERFAHREN<\/a><\/div><\/td><\/tr><\/table><\/div><\/div>[vc_empty_space height=&#8220;40px&#8220;]<div class=\"q_image_with_text_over q_iwto_hover\"><div class=\"shader\" style=\"background-color: #009FE399\"><\/div><div class=\"shader_hover\" style=\"background-color: #009FE3\"><\/div><img decoding=\"async\" itemprop=\"image\" src=\"https:\/\/asjaudit.com\/wp-content\/uploads\/2025\/05\/DSC0850_04.jpg\" alt=\"B\u00fcrogeb\u00e4udedetail-4\" \/><div class=\"text\"><table><tr><td><span aria-hidden=\"true\" class=\"qode_icon_font_elegant icon_lightbulb_alt icon_holder fa-3x\" style=\"\" ><\/span><h6 class=\"caption \" style=\"font-size: 18px;\">Due Diligence Pr\u00fcfung<\/h6><\/td><\/tr><\/table><table><tr><td><div class=\"desc\"><\/p>\n<div class=\"wpb_text_column wpb_content_element vc_custom_1586246426695\">\n<div class=\"wpb_wrapper\">\n<div class=\"wpb_text_column wpb_content_element vc_custom_1586283623944\">\n<div class=\"wpb_wrapper\">\n<p>Zur Vorbereitung der Entscheidungen in Bezug auf Unternehmensk\u00e4ufe bzw. Investitionen \u00fcbernehmen wir im Auftrag des Managements die komplette Durchsicht der Aufzeichnungen der Buchhaltung.<\/p>\n<\/div>\n<\/div>\n<\/div>\n<\/div>\n<p><a  itemprop=\"url\" href=\"https:\/\/asjaudit.com\/de\/portfolio_page\/due-diligence-pruefung\/\" target=\"_self\"  class=\"qbutton  small white default\" style=\"\">MEHR ERFAHREN<\/a><\/div><\/td><\/tr><\/table><\/div><\/div>[vc_empty_space height=&#8220;40px&#8220;][\/vc_column][\/vc_row][vc_row css_animation=&#8220;&#8220; row_type=&#8220;row&#8220; use_row_as_full_screen_section=&#8220;no&#8220; type=&#8220;grid&#8220; angled_section=&#8220;no&#8220; text_align=&#8220;left&#8220; background_image_as_pattern=&#8220;without_pattern&#8220; css=&#8220;.vc_custom_1742548778575{padding-top: 4em !important;padding-bottom: 2em !important;}&#8220; z_index=&#8220;&#8220;][vc_column width=&#8220;1\/2&#8243; css=&#8220;.vc_custom_1742548792013{padding-top: 40px !important;padding-right: 0px !important;padding-bottom: 40px !important;padding-left: 0px !important;}&#8220; offset=&#8220;vc_col-lg-offset-0 vc_col-lg-5&#8243; el_class=&#8220;nomargintop&#8220;][vc_single_image image=&#8220;901&#8243; img_size=&#8220;full&#8220; css=&#8220;&#8220; qode_css_animation=&#8220;&#8220;][\/vc_column][vc_column width=&#8220;1\/2&#8243; css=&#8220;.vc_custom_1742548822009{padding-right: 0px !important;padding-bottom: 0px !important;padding-left: 6% !important;}&#8220; offset=&#8220;vc_col-lg-offset-1 vc_col-lg-6&#8243;][vc_column_text css=&#8220;&#8220;]<\/p>\n<h1>Unsere St\u00e4rke<\/h1>\n<p>[\/vc_column_text][vc_empty_space height=&#8220;22px&#8220;][vc_separator type=&#8220;small&#8220; position=&#8220;left&#8220; gradient_color=&#8220;yes&#8220; color=&#8220;#010101&#8243; thickness=&#8220;1&#8243; width=&#8220;66&#8243;][vc_empty_space height=&#8220;15px&#8220;][vc_accordion style=&#8220;accordion&#8220;][vc_accordion_tab title=&#8220;Unabh\u00e4ngigkeit&#8220; el_id=&#8220;fuggetlenseg&#8220;][vc_column_text]Das uns entgegengebrachte Vertrauen danken wir mit transparenter Arbeitsweise und klarer Kommunikation unter Beachtung der fachspezifischen Standards und der gesetzlichen Vorschriften. Das Ziel unseres Mandats, n\u00e4mlich zur Finanz-, Verm\u00f6gens- und Ertragssituation unserer Mandanten ein sachliches und glaubw\u00fcrdiges Urteil abzugeben, liegt uns stets am Herzen. [\/vc_column_text][\/vc_accordion_tab][vc_accordion_tab title=&#8220;Qualit\u00e4tsanspruch&#8220; el_id=&#8220;szakmai&#8220;][vc_column_text]Die kontinuierliche Entwicklung unserer Fachkenntnisse steht f\u00fcr uns im Mittelpunkt. \u00dcber die zwingend vorgeschriebenen Schulungen der Wirtschaftspr\u00fcferkammer hinaus nehmen wir jedes Jahr an den IFRS- (Internationale Finanzreporting Standards) und Steuerkonferenzen teil, au\u00dferdem \u00fcberwachen wir stetig auch die Neuheiten in den Bereichen Organisationsentwicklung und Personalmanagement. Mandate, f\u00fcr die uns das entsprechende Know-how fehlt oder die wir einschlie\u00dflich Planung, Kontrolle und Dokumentation unserer Pr\u00fcfungshandlungen nicht termingerecht ausf\u00fchren k\u00f6nnten, \u00fcbernehmen wir nicht.[\/vc_column_text][\/vc_accordion_tab][vc_accordion_tab title=&#8220;Mitwirkung&#8220; el_id=&#8220;egyuttmukodes&#8220;][vc_column_text]Unsere Wirtschaftspr\u00fcferpartner nehmen pers\u00f6nlich an den Pr\u00fcfungen vor Ort teil, sie erheben bei Neuauftr\u00e4gen die Unternehmenst\u00e4tigkeiten und das handelsrechtliche bzw. das IT-Umfeld. Unser besonderes Augenmerk gilt den Erwartungen unserer Mandanten. Termine und Aspekte der fachlichen Qualit\u00e4tssicherung halten wir stets vor Augen.[\/vc_column_text][\/vc_accordion_tab][vc_accordion_tab title=&#8220;Verl\u00e4sslichkeit&#8220; el_id=&#8220;megbizhatosag&#8220;][vc_column_text]Wirtschaftspr\u00fcfung und Beratung erfordern eine verantwortungsvolle und zuverl\u00e4ssige Arbeitsweise. Mittels Risikoerhebung und der Anwendung von ad\u00e4quaten Pr\u00fcfungsverfahren leiten wir aus den B\u00fcchern stichhaltige Schlussfolgerungen ab. Ausserdem sind wir bem\u00fcht, knappe Termine einzuhalten und alle Meldepflichten fristgerecht zu erf\u00fcllen. [\/vc_column_text][\/vc_accordion_tab][\/vc_accordion][\/vc_column][\/vc_row]<\/p>\n<\/div>","protected":false},"excerpt":{"rendered":"<p>[vc_row css_animation=&#8220;&#8220; row_type=&#8220;row&#8220; use_row_as_full_screen_section=&#8220;no&#8220; type=&#8220;grid&#8220; angled_section=&#8220;no&#8220; text_align=&#8220;left&#8220; background_image_as_pattern=&#8220;without_pattern&#8220; z_index=&#8220;&#8220; transition_delay=&#8220;500&#8243; css=&#8220;.vc_custom_1739270123039{padding-top: 4em !important;padding-bottom: 3em !important;}&#8220;&#8230;<\/p>\n","protected":false},"author":1,"featured_media":0,"parent":0,"menu_order":0,"comment_status":"closed","ping_status":"closed","template":"full_width.php","meta":{"footnotes":""},"class_list":["post-684","page","type-page","status-publish","hentry"],"yoast_head":"<!-- This site is optimized with the Yoast SEO plugin v27.5 - https:\/\/yoast.com\/product\/yoast-seo-wordpress\/ -->\n<title>Home - ASJ Audit<\/title>\n<meta name=\"description\" content=\"Wir \u00fcbernehmen Auftr\u00e4ge in den Bereichen Finanzwesen, Rechnungswesen und Steuerberatung in dem vom Auftraggeber gew\u00fcnschten Umfang.\" \/>\n<meta name=\"robots\" content=\"index, follow, max-snippet:-1, max-image-preview:large, max-video-preview:-1\" \/>\n<link rel=\"canonical\" href=\"https:\/\/asjaudit.com\/de\/\" \/>\n<meta property=\"og:locale\" content=\"de_DE\" \/>\n<meta property=\"og:type\" content=\"article\" \/>\n<meta property=\"og:title\" content=\"Home - ASJ Audit\" \/>\n<meta property=\"og:description\" content=\"Wir \u00fcbernehmen Auftr\u00e4ge in den Bereichen Finanzwesen, Rechnungswesen und Steuerberatung in dem vom Auftraggeber gew\u00fcnschten Umfang.\" \/>\n<meta property=\"og:url\" content=\"https:\/\/asjaudit.com\/de\/\" \/>\n<meta property=\"og:site_name\" content=\"ASJ Audit\" \/>\n<meta property=\"article:modified_time\" content=\"2025-06-18T08:01:48+00:00\" \/>\n<meta property=\"og:image\" content=\"https:\/\/asjaudit.com\/wp-content\/uploads\/2020\/04\/asj-audit-konyvvitel-konyveles-cegaudit-konyvvizsgalo-ceg-v.jpg\" \/>\n<meta name=\"twitter:card\" content=\"summary_large_image\" \/>\n<meta name=\"twitter:label1\" content=\"Gesch\u00e4tzte Lesezeit\" \/>\n\t<meta name=\"twitter:data1\" content=\"4\u00a0Minuten\" \/>\n<script type=\"application\/ld+json\" class=\"yoast-schema-graph\">{\"@context\":\"https:\\\/\\\/schema.org\",\"@graph\":[{\"@type\":\"WebPage\",\"@id\":\"https:\\\/\\\/asjaudit.com\\\/de\\\/\",\"url\":\"https:\\\/\\\/asjaudit.com\\\/de\\\/\",\"name\":\"Home - ASJ Audit\",\"isPartOf\":{\"@id\":\"https:\\\/\\\/asjaudit.com\\\/de\\\/#website\"},\"datePublished\":\"2020-09-11T16:56:56+00:00\",\"dateModified\":\"2025-06-18T08:01:48+00:00\",\"description\":\"Wir \u00fcbernehmen Auftr\u00e4ge in den Bereichen Finanzwesen, Rechnungswesen und Steuerberatung in dem vom Auftraggeber gew\u00fcnschten Umfang.\",\"breadcrumb\":{\"@id\":\"https:\\\/\\\/asjaudit.com\\\/de\\\/#breadcrumb\"},\"inLanguage\":\"de\",\"potentialAction\":[{\"@type\":\"ReadAction\",\"target\":[\"https:\\\/\\\/asjaudit.com\\\/de\\\/\"]}]},{\"@type\":\"BreadcrumbList\",\"@id\":\"https:\\\/\\\/asjaudit.com\\\/de\\\/#breadcrumb\",\"itemListElement\":[{\"@type\":\"ListItem\",\"position\":1,\"name\":\"Home\",\"item\":\"https:\\\/\\\/asjaudit.com\\\/de\\\/\"},{\"@type\":\"ListItem\",\"position\":2,\"name\":\"Home\"}]},{\"@type\":\"WebSite\",\"@id\":\"https:\\\/\\\/asjaudit.com\\\/de\\\/#website\",\"url\":\"https:\\\/\\\/asjaudit.com\\\/de\\\/\",\"name\":\"ASJ Audit\",\"description\":\"Abschlusspr\u00fcfung, Unternehmensberatung \",\"potentialAction\":[{\"@type\":\"SearchAction\",\"target\":{\"@type\":\"EntryPoint\",\"urlTemplate\":\"https:\\\/\\\/asjaudit.com\\\/de\\\/?s={search_term_string}\"},\"query-input\":{\"@type\":\"PropertyValueSpecification\",\"valueRequired\":true,\"valueName\":\"search_term_string\"}}],\"inLanguage\":\"de\"}]}<\/script>\n<!-- \/ Yoast SEO plugin. -->","yoast_head_json":{"title":"Home - ASJ Audit","description":"Wir \u00fcbernehmen Auftr\u00e4ge in den Bereichen Finanzwesen, Rechnungswesen und Steuerberatung in dem vom Auftraggeber gew\u00fcnschten Umfang.","robots":{"index":"index","follow":"follow","max-snippet":"max-snippet:-1","max-image-preview":"max-image-preview:large","max-video-preview":"max-video-preview:-1"},"canonical":"https:\/\/asjaudit.com\/de\/","og_locale":"de_DE","og_type":"article","og_title":"Home - ASJ Audit","og_description":"Wir \u00fcbernehmen Auftr\u00e4ge in den Bereichen Finanzwesen, Rechnungswesen und Steuerberatung in dem vom Auftraggeber gew\u00fcnschten Umfang.","og_url":"https:\/\/asjaudit.com\/de\/","og_site_name":"ASJ Audit","article_modified_time":"2025-06-18T08:01:48+00:00","og_image":[{"url":"https:\/\/asjaudit.com\/wp-content\/uploads\/2020\/04\/asj-audit-konyvvitel-konyveles-cegaudit-konyvvizsgalo-ceg-v.jpg","type":"","width":"","height":""}],"twitter_card":"summary_large_image","twitter_misc":{"Gesch\u00e4tzte Lesezeit":"4\u00a0Minuten"},"schema":{"@context":"https:\/\/schema.org","@graph":[{"@type":"WebPage","@id":"https:\/\/asjaudit.com\/de\/","url":"https:\/\/asjaudit.com\/de\/","name":"Home - ASJ Audit","isPartOf":{"@id":"https:\/\/asjaudit.com\/de\/#website"},"datePublished":"2020-09-11T16:56:56+00:00","dateModified":"2025-06-18T08:01:48+00:00","description":"Wir \u00fcbernehmen Auftr\u00e4ge in den Bereichen Finanzwesen, Rechnungswesen und Steuerberatung in dem vom Auftraggeber gew\u00fcnschten Umfang.","breadcrumb":{"@id":"https:\/\/asjaudit.com\/de\/#breadcrumb"},"inLanguage":"de","potentialAction":[{"@type":"ReadAction","target":["https:\/\/asjaudit.com\/de\/"]}]},{"@type":"BreadcrumbList","@id":"https:\/\/asjaudit.com\/de\/#breadcrumb","itemListElement":[{"@type":"ListItem","position":1,"name":"Home","item":"https:\/\/asjaudit.com\/de\/"},{"@type":"ListItem","position":2,"name":"Home"}]},{"@type":"WebSite","@id":"https:\/\/asjaudit.com\/de\/#website","url":"https:\/\/asjaudit.com\/de\/","name":"ASJ Audit","description":"Abschlusspr\u00fcfung, Unternehmensberatung ","potentialAction":[{"@type":"SearchAction","target":{"@type":"EntryPoint","urlTemplate":"https:\/\/asjaudit.com\/de\/?s={search_term_string}"},"query-input":{"@type":"PropertyValueSpecification","valueRequired":true,"valueName":"search_term_string"}}],"inLanguage":"de"}]}},"_links":{"self":[{"href":"https:\/\/asjaudit.com\/de\/wp-json\/wp\/v2\/pages\/684","targetHints":{"allow":["GET"]}}],"collection":[{"href":"https:\/\/asjaudit.com\/de\/wp-json\/wp\/v2\/pages"}],"about":[{"href":"https:\/\/asjaudit.com\/de\/wp-json\/wp\/v2\/types\/page"}],"author":[{"embeddable":true,"href":"https:\/\/asjaudit.com\/de\/wp-json\/wp\/v2\/users\/1"}],"replies":[{"embeddable":true,"href":"https:\/\/asjaudit.com\/de\/wp-json\/wp\/v2\/comments?post=684"}],"version-history":[{"count":24,"href":"https:\/\/asjaudit.com\/de\/wp-json\/wp\/v2\/pages\/684\/revisions"}],"predecessor-version":[{"id":1156,"href":"https:\/\/asjaudit.com\/de\/wp-json\/wp\/v2\/pages\/684\/revisions\/1156"}],"wp:attachment":[{"href":"https:\/\/asjaudit.com\/de\/wp-json\/wp\/v2\/media?parent=684"}],"curies":[{"name":"wp","href":"https:\/\/api.w.org\/{rel}","templated":true}]}}