{"id":724,"date":"2020-09-23T18:25:33","date_gmt":"2020-09-23T18:25:33","guid":{"rendered":"http:\/\/asjaudit.com\/?page_id=724"},"modified":"2020-09-23T18:26:17","modified_gmt":"2020-09-23T18:26:17","slug":"impressum","status":"publish","type":"page","link":"https:\/\/asjaudit.com\/de\/impressum\/","title":{"rendered":"Impressum"},"content":{"rendered":"<div class=\"wpb-content-wrapper\"><p>[vc_row css_animation=&#8220;&#8220; row_type=&#8220;row&#8220; use_row_as_full_screen_section=&#8220;no&#8220; type=&#8220;full_width&#8220; angled_section=&#8220;no&#8220; text_align=&#8220;left&#8220; background_image_as_pattern=&#8220;without_pattern&#8220; css=&#8220;.vc_custom_1587467476041{padding-bottom: 3em !important;}&#8220; z_index=&#8220;&#8220;][vc_column][vc_column_text]A https:\/\/asjaudit.com internetc\u00edmen el\u00e9rhet\u0151 webhely \u00fczemeltet\u0151je:<\/p>\n<h5>AASJ AUDIT Wirtschaftspr\u00fcfungs und Beratungs GmbH<\/h5>\n<ul>\n<li>Sz\u00e9khely: 1031 Budapest, Kazal utca 41.<\/li>\n<li>Telefon: +36 20 382 9126<\/li>\n<li>E-mail c\u00edm: info@asjaudit.com<\/li>\n<li>C\u00e9gjegyz\u00e9ksz\u00e1m: 01 09 348235<\/li>\n<li>Ad\u00f3sz\u00e1m: 27079074241<\/li>\n<\/ul>\n<p>Adatfeldolgoz\u00f3:<\/p>\n<h5>T\u00c1RHELY.EU SZOLG\u00c1LTAT\u00d3 KORL\u00c1TOLT FELEL\u0150SS\u00c9G\u0170 T\u00c1RSAS\u00c1G<\/h5>\n<ul>\n<li>R\u00f6vid\u00edtett n\u00e9v: T\u00e1rhely.Eu Kft.<\/li>\n<li>C\u00e9gjegyz\u00e9ksz\u00e1m: 01-09-909968<\/li>\n<li>Sz\u00e9khely: 1144 Budapest, Orm\u00e1ns\u00e1g utca 4. 10. em. 241.<\/li>\n<li>Postac\u00edm: 1538 Budapest Pf.: 510<\/li>\n<li>E-mail c\u00edm:\u00a0<a href=\"mailto:support@tarhely.eu\">support@tarhely.eu<\/a><\/li>\n<li>Honlap:\u00a0<a href=\"http:\/\/www.tarhely.eu\/\" target=\"_blank\" rel=\"noopener noreferrer\">www.tarhely.eu<\/a><\/li>\n<li>Telefon:\u00a0<a href=\"tel:003617892789\">+36 1\u00a0789 2\u00a0789<\/a><\/li>\n<\/ul>\n<p>als Webhost-Provider.[\/vc_column_text][\/vc_column][\/vc_row]<\/p>\n<\/div>","protected":false},"excerpt":{"rendered":"<p>[vc_row css_animation=&#8220;&#8220; row_type=&#8220;row&#8220; use_row_as_full_screen_section=&#8220;no&#8220; type=&#8220;full_width&#8220; angled_section=&#8220;no&#8220; text_align=&#8220;left&#8220; background_image_as_pattern=&#8220;without_pattern&#8220; css=&#8220;.vc_custom_1587467476041{padding-bottom: 3em !important;}&#8220; z_index=&#8220;&#8220;][vc_column][vc_column_text]A https:\/\/asjaudit.com internetc\u00edmen el\u00e9rhet\u0151&#8230;<\/p>\n","protected":false},"author":1,"featured_media":0,"parent":0,"menu_order":0,"comment_status":"closed","ping_status":"closed","template":"","meta":{"footnotes":""},"class_list":["post-724","page","type-page","status-publish","hentry"],"yoast_head":"<!-- This site is optimized with the Yoast SEO plugin v27.5 - https:\/\/yoast.com\/product\/yoast-seo-wordpress\/ -->\n<title>Impressum - ASJ Audit<\/title>\n<meta name=\"robots\" content=\"index, follow, max-snippet:-1, max-image-preview:large, max-video-preview:-1\" \/>\n<link rel=\"canonical\" href=\"https:\/\/asjaudit.com\/de\/impressum\/\" \/>\n<meta property=\"og:locale\" content=\"de_DE\" \/>\n<meta property=\"og:type\" content=\"article\" \/>\n<meta property=\"og:title\" content=\"Impressum - ASJ Audit\" \/>\n<meta property=\"og:description\" content=\"[vc_row css_animation=&#8220;&#8220; row_type=&#8220;row&#8220; use_row_as_full_screen_section=&#8220;no&#8220; type=&#8220;full_width&#8220; angled_section=&#8220;no&#8220; text_align=&#8220;left&#8220; background_image_as_pattern=&#8220;without_pattern&#8220; css=&#8220;.vc_custom_1587467476041{padding-bottom: 3em !important;}&#8220; z_index=&#8220;&#8220;][vc_column][vc_column_text]A https:\/\/asjaudit.com internetc\u00edmen el\u00e9rhet\u0151...\" \/>\n<meta property=\"og:url\" content=\"https:\/\/asjaudit.com\/de\/impressum\/\" \/>\n<meta property=\"og:site_name\" content=\"ASJ Audit\" \/>\n<meta property=\"article:modified_time\" content=\"2020-09-23T18:26:17+00:00\" \/>\n<meta name=\"twitter:card\" content=\"summary_large_image\" \/>\n<meta name=\"twitter:label1\" content=\"Gesch\u00e4tzte Lesezeit\" \/>\n\t<meta name=\"twitter:data1\" content=\"1\u00a0Minute\" \/>\n<script type=\"application\/ld+json\" class=\"yoast-schema-graph\">{\"@context\":\"https:\\\/\\\/schema.org\",\"@graph\":[{\"@type\":\"WebPage\",\"@id\":\"https:\\\/\\\/asjaudit.com\\\/de\\\/impressum\\\/\",\"url\":\"https:\\\/\\\/asjaudit.com\\\/de\\\/impressum\\\/\",\"name\":\"Impressum - ASJ Audit\",\"isPartOf\":{\"@id\":\"https:\\\/\\\/asjaudit.com\\\/de\\\/#website\"},\"datePublished\":\"2020-09-23T18:25:33+00:00\",\"dateModified\":\"2020-09-23T18:26:17+00:00\",\"breadcrumb\":{\"@id\":\"https:\\\/\\\/asjaudit.com\\\/de\\\/impressum\\\/#breadcrumb\"},\"inLanguage\":\"de\",\"potentialAction\":[{\"@type\":\"ReadAction\",\"target\":[\"https:\\\/\\\/asjaudit.com\\\/de\\\/impressum\\\/\"]}]},{\"@type\":\"BreadcrumbList\",\"@id\":\"https:\\\/\\\/asjaudit.com\\\/de\\\/impressum\\\/#breadcrumb\",\"itemListElement\":[{\"@type\":\"ListItem\",\"position\":1,\"name\":\"Home\",\"item\":\"https:\\\/\\\/asjaudit.com\\\/de\\\/\"},{\"@type\":\"ListItem\",\"position\":2,\"name\":\"Impressum\"}]},{\"@type\":\"WebSite\",\"@id\":\"https:\\\/\\\/asjaudit.com\\\/de\\\/#website\",\"url\":\"https:\\\/\\\/asjaudit.com\\\/de\\\/\",\"name\":\"ASJ Audit\",\"description\":\"Abschlusspr\u00fcfung, Unternehmensberatung \",\"potentialAction\":[{\"@type\":\"SearchAction\",\"target\":{\"@type\":\"EntryPoint\",\"urlTemplate\":\"https:\\\/\\\/asjaudit.com\\\/de\\\/?s={search_term_string}\"},\"query-input\":{\"@type\":\"PropertyValueSpecification\",\"valueRequired\":true,\"valueName\":\"search_term_string\"}}],\"inLanguage\":\"de\"}]}<\/script>\n<!-- \/ Yoast SEO plugin. -->","yoast_head_json":{"title":"Impressum - ASJ Audit","robots":{"index":"index","follow":"follow","max-snippet":"max-snippet:-1","max-image-preview":"max-image-preview:large","max-video-preview":"max-video-preview:-1"},"canonical":"https:\/\/asjaudit.com\/de\/impressum\/","og_locale":"de_DE","og_type":"article","og_title":"Impressum - ASJ Audit","og_description":"[vc_row css_animation=&#8220;&#8220; row_type=&#8220;row&#8220; use_row_as_full_screen_section=&#8220;no&#8220; type=&#8220;full_width&#8220; angled_section=&#8220;no&#8220; text_align=&#8220;left&#8220; background_image_as_pattern=&#8220;without_pattern&#8220; css=&#8220;.vc_custom_1587467476041{padding-bottom: 3em !important;}&#8220; z_index=&#8220;&#8220;][vc_column][vc_column_text]A https:\/\/asjaudit.com internetc\u00edmen el\u00e9rhet\u0151...","og_url":"https:\/\/asjaudit.com\/de\/impressum\/","og_site_name":"ASJ Audit","article_modified_time":"2020-09-23T18:26:17+00:00","twitter_card":"summary_large_image","twitter_misc":{"Gesch\u00e4tzte Lesezeit":"1\u00a0Minute"},"schema":{"@context":"https:\/\/schema.org","@graph":[{"@type":"WebPage","@id":"https:\/\/asjaudit.com\/de\/impressum\/","url":"https:\/\/asjaudit.com\/de\/impressum\/","name":"Impressum - ASJ Audit","isPartOf":{"@id":"https:\/\/asjaudit.com\/de\/#website"},"datePublished":"2020-09-23T18:25:33+00:00","dateModified":"2020-09-23T18:26:17+00:00","breadcrumb":{"@id":"https:\/\/asjaudit.com\/de\/impressum\/#breadcrumb"},"inLanguage":"de","potentialAction":[{"@type":"ReadAction","target":["https:\/\/asjaudit.com\/de\/impressum\/"]}]},{"@type":"BreadcrumbList","@id":"https:\/\/asjaudit.com\/de\/impressum\/#breadcrumb","itemListElement":[{"@type":"ListItem","position":1,"name":"Home","item":"https:\/\/asjaudit.com\/de\/"},{"@type":"ListItem","position":2,"name":"Impressum"}]},{"@type":"WebSite","@id":"https:\/\/asjaudit.com\/de\/#website","url":"https:\/\/asjaudit.com\/de\/","name":"ASJ Audit","description":"Abschlusspr\u00fcfung, Unternehmensberatung ","potentialAction":[{"@type":"SearchAction","target":{"@type":"EntryPoint","urlTemplate":"https:\/\/asjaudit.com\/de\/?s={search_term_string}"},"query-input":{"@type":"PropertyValueSpecification","valueRequired":true,"valueName":"search_term_string"}}],"inLanguage":"de"}]}},"_links":{"self":[{"href":"https:\/\/asjaudit.com\/de\/wp-json\/wp\/v2\/pages\/724","targetHints":{"allow":["GET"]}}],"collection":[{"href":"https:\/\/asjaudit.com\/de\/wp-json\/wp\/v2\/pages"}],"about":[{"href":"https:\/\/asjaudit.com\/de\/wp-json\/wp\/v2\/types\/page"}],"author":[{"embeddable":true,"href":"https:\/\/asjaudit.com\/de\/wp-json\/wp\/v2\/users\/1"}],"replies":[{"embeddable":true,"href":"https:\/\/asjaudit.com\/de\/wp-json\/wp\/v2\/comments?post=724"}],"version-history":[{"count":3,"href":"https:\/\/asjaudit.com\/de\/wp-json\/wp\/v2\/pages\/724\/revisions"}],"predecessor-version":[{"id":729,"href":"https:\/\/asjaudit.com\/de\/wp-json\/wp\/v2\/pages\/724\/revisions\/729"}],"wp:attachment":[{"href":"https:\/\/asjaudit.com\/de\/wp-json\/wp\/v2\/media?parent=724"}],"curies":[{"name":"wp","href":"https:\/\/api.w.org\/{rel}","templated":true}]}}