{"id":558,"date":"2020-09-08T19:00:11","date_gmt":"2020-09-08T19:00:11","guid":{"rendered":"http:\/\/asjaudit.com\/?page_id=558"},"modified":"2020-09-08T20:20:19","modified_gmt":"2020-09-08T20:20:19","slug":"our-colleagues","status":"publish","type":"page","link":"https:\/\/asjaudit.com\/en\/our-colleagues\/","title":{"rendered":"Our colleagues"},"content":{"rendered":"<div class=\"wpb-content-wrapper\"><p>[vc_row css_animation=&#8221;&#8221; row_type=&#8221;row&#8221; use_row_as_full_screen_section=&#8221;no&#8221; type=&#8221;grid&#8221; angled_section=&#8221;no&#8221; text_align=&#8221;left&#8221; background_image_as_pattern=&#8221;without_pattern&#8221; z_index=&#8221;&#8221;][vc_column offset=&#8221;vc_col-lg-offset-2 vc_col-lg-8&#8243;][qode_elements_holder number_of_columns=&#8221;two_columns&#8221;][qode_elements_holder_item advanced_animations=&#8221;no&#8221; item_padding=&#8221;4em 6% 0 0&#8243;][vc_column_text]<\/p>\n<h1>Our colleagues<\/h1>\n<p>[\/vc_column_text][vc_empty_space height=&#8221;22px&#8221;][vc_separator type=&#8221;small&#8221; position=&#8221;left&#8221; gradient_color=&#8221;yes&#8221; color=&#8221;#010101&#8243; thickness=&#8221;1&#8243; width=&#8221;66&#8243;][vc_empty_space height=&#8221;15px&#8221;][vc_column_text]Our professionally trained and highly committed staff are able to support our clients in Hungarian, English, German and French. We are proficient in both Hungarian and international accounting standards, international consolidation data provision, preparation of controlling reports and industry-specific tax issues.[\/vc_column_text][\/qode_elements_holder_item][qode_elements_holder_item advanced_animations=&#8221;no&#8221; item_padding=&#8221;40px 0 0 0&#8243;][vc_single_image image=&#8221;289&#8243; img_size=&#8221;full&#8221; qode_css_animation=&#8221;&#8221;][\/qode_elements_holder_item][\/qode_elements_holder][\/vc_column][\/vc_row][vc_row css_animation=&#8221;&#8221; row_type=&#8221;row&#8221; use_row_as_full_screen_section=&#8221;no&#8221; type=&#8221;grid&#8221; angled_section=&#8221;no&#8221; text_align=&#8221;left&#8221; background_image_as_pattern=&#8221;without_pattern&#8221; css=&#8221;.vc_custom_1586257240542{padding-top: 80px !important;}&#8221; z_index=&#8221;&#8221;][vc_column][vc_column_text]<\/p>\n<h2>Founding Partners<\/h2>\n<p>[\/vc_column_text][vc_empty_space height=&#8221;22px&#8221;][vc_separator type=&#8221;small&#8221; position=&#8221;left&#8221; gradient_color=&#8221;yes&#8221; color=&#8221;#010101&#8243; thickness=&#8221;1&#8243; width=&#8221;66&#8243;][vc_empty_space height=&#8221;15px&#8221;][\/vc_column][\/vc_row][vc_row css_animation=&#8221;&#8221; row_type=&#8221;row&#8221; use_row_as_full_screen_section=&#8221;no&#8221; type=&#8221;grid&#8221; angled_section=&#8221;no&#8221; text_align=&#8221;left&#8221; background_image_as_pattern=&#8221;without_pattern&#8221; css=&#8221;.vc_custom_1587457062814{padding-bottom: 20px !important;}&#8221; z_index=&#8221;&#8221;][vc_column width=&#8221;1\/3&#8243;][vc_single_image image=&#8221;560&#8243; img_size=&#8221;full&#8221; qode_css_animation=&#8221;&#8221; el_class=&#8221;padding10&#8243;][vc_row_inner row_type=&#8221;row&#8221; type=&#8221;full_width&#8221; text_align=&#8221;left&#8221; css_animation=&#8221;&#8221; css=&#8221;.vc_custom_1587458020790{padding-top: 14px !important;padding-right: 10px !important;padding-bottom: 14px !important;padding-left: 10px !important;background-color: #f7f5f5 !important;}&#8221; el_class=&#8221;marg10&#8243;][vc_column_inner]<div class='q_icon_with_title tiny normal_icon '><div class=\"icon_holder \" style=\" \"><span data-icon-type=\"normal\" class=\"qode_iwt_icon_holder q_font_awsome_icon fa-lg  qode-type1-gradient-left-to-right-text\"><i class=\"qodef-icon-linea-icon icon-basic-mail-open qode_iwt_icon_element\"><\/i><\/span><\/div><div class=\"icon_text_holder\" style=\"\"><div class=\"icon_text_inner\" style=\"\"><h5 class=\"icon_title\" style=\"\"><\/h5><p style=''><\/p><a itemprop='url' class='icon_with_title_link' href='mailto:sara.nemoda@asjaudit.com' target='_self' style=''>sara.nemoda@asjaudit.com<\/a><\/div><\/div><\/div><div class='q_icon_with_title tiny normal_icon '><div class=\"icon_holder \" style=\" \"><span data-icon-type=\"normal\" class=\"qode_iwt_icon_holder q_font_awsome_icon fa-lg  qode-type1-gradient-left-to-right-text\"><i class=\"qodef-icon-linea-icon icon-basic-smartphone qode_iwt_icon_element\"><\/i><\/span><\/div><div class=\"icon_text_holder\" style=\"\"><div class=\"icon_text_inner\" style=\"\"><h5 class=\"icon_title\" style=\"\"><\/h5><p style=''><\/p><a itemprop='url' class='icon_with_title_link' href='tel:0036203829126' target='_self' style=''>+36 20 382 9126<\/a><\/div><\/div><\/div>[\/vc_column_inner][\/vc_row_inner][\/vc_column][vc_column width=&#8221;2\/3&#8243;][vc_column_text css=&#8221;.vc_custom_1599591372704{padding-top: 14px !important;}&#8221;]<\/p>\n<h4>S\u00e1ra Nemoda<\/h4>\n<p>Registered Auditor, Tax Expert, IFRS Certified Accountant[\/vc_column_text][vc_empty_space height=&#8221;12px&#8221;][vc_separator type=&#8221;small&#8221; position=&#8221;left&#8221; gradient_color=&#8221;yes&#8221; color=&#8221;#010101&#8243; thickness=&#8221;1&#8243; width=&#8221;66&#8243;][vc_empty_space height=&#8221;7px&#8221;][vc_row_inner row_type=&#8221;row&#8221; type=&#8221;full_width&#8221; text_align=&#8221;left&#8221; css_animation=&#8221;&#8221;][vc_column_inner width=&#8221;1\/2&#8243;][vc_column_text]I graduated from the College of Finance and Accounting in 1995. After a year and a half in the field of tourism marketing, I recognized the beauty of accounting work and started working as an accountant for a group of Belgian agricultural companies.<\/p>\n<p>After three years, I joined Metrum K\u00f6nyvszak\u00e9rt\u0151 Kft in 2000 and obtained my qualification in audit in 2004. Here I acquired skills in the preparation of complete audit documentation of small and medium-sized companies and the audit of transformations. My mentor was Dr. P\u00e9ter Galambos, from whom I learned commitment to the profession, the importance of audit methodology and openness to new IT solutions.[\/vc_column_text][\/vc_column_inner][vc_column_inner width=&#8221;1\/2&#8243;][vc_column_text css=&#8221;.vc_custom_1599591433132{padding-bottom: 14px !important;}&#8221;]From 2006, I continued my career at Mazars Kft. where I had the chance to develop by auditing Hungarian subsidiaries of large, international companies, participating in financial due diligence and learning how to manage larger teams. After the birth of my two children, I returned to the accounting sector in 2014, managing an accounting company and carrying out the professional and operational management of a group of 8-10 accountants.<\/p>\n<p>We founded ASJ Audit Kft with my business partner, St\u00e9ber Judit in the autumn of 2019.<\/p>\n<p>Fluent in French and English.[\/vc_column_text][\/vc_column_inner][\/vc_row_inner][\/vc_column][\/vc_row][vc_row css_animation=&#8221;&#8221; row_type=&#8221;row&#8221; use_row_as_full_screen_section=&#8221;no&#8221; type=&#8221;grid&#8221; angled_section=&#8221;no&#8221; text_align=&#8221;left&#8221; background_image_as_pattern=&#8221;without_pattern&#8221; css=&#8221;.vc_custom_1587458731851{padding-top: 20px !important;padding-bottom: 2em !important;}&#8221; z_index=&#8221;&#8221;][vc_column width=&#8221;1\/3&#8243;][vc_single_image image=&#8221;561&#8243; img_size=&#8221;full&#8221; qode_css_animation=&#8221;&#8221; el_class=&#8221;padding10&#8243;][vc_row_inner row_type=&#8221;row&#8221; type=&#8221;full_width&#8221; text_align=&#8221;left&#8221; css_animation=&#8221;&#8221; css=&#8221;.vc_custom_1587458242104{padding-top: 14px !important;padding-right: 10px !important;padding-bottom: 14px !important;padding-left: 10px !important;background-color: #f7f5f5 !important;}&#8221; el_class=&#8221;marg10&#8243;][vc_column_inner]<div class='q_icon_with_title tiny normal_icon '><div class=\"icon_holder \" style=\" \"><span data-icon-type=\"normal\" class=\"qode_iwt_icon_holder q_font_awsome_icon fa-lg  qode-type1-gradient-left-to-right-text\"><i class=\"qodef-icon-linea-icon icon-basic-mail-open qode_iwt_icon_element\"><\/i><\/span><\/div><div class=\"icon_text_holder\" style=\"\"><div class=\"icon_text_inner\" style=\"\"><h5 class=\"icon_title\" style=\"\"><\/h5><p style=''><\/p><a itemprop='url' class='icon_with_title_link' href='mailto:judit.steber@asjaudit.com' target='_self' style=''>judit.steber@asjaudit.com<\/a><\/div><\/div><\/div><div class='q_icon_with_title tiny normal_icon '><div class=\"icon_holder \" style=\" \"><span data-icon-type=\"normal\" class=\"qode_iwt_icon_holder q_font_awsome_icon fa-lg  qode-type1-gradient-left-to-right-text\"><i class=\"qodef-icon-linea-icon icon-basic-smartphone qode_iwt_icon_element\"><\/i><\/span><\/div><div class=\"icon_text_holder\" style=\"\"><div class=\"icon_text_inner\" style=\"\"><h5 class=\"icon_title\" style=\"\"><\/h5><p style=''><\/p><a itemprop='url' class='icon_with_title_link' href='tel:0036305957701' target='_self' style=''>+36 30 595 7701<\/a><\/div><\/div><\/div>[\/vc_column_inner][\/vc_row_inner][\/vc_column][vc_column width=&#8221;2\/3&#8243;][vc_column_text css=&#8221;.vc_custom_1599591529519{padding-top: 14px !important;}&#8221;]<\/p>\n<h4>Judit St\u00e9ber<\/h4>\n<p>Certified Auditor, Tax Consultant, IFRS Certified Accountant[\/vc_column_text][vc_empty_space height=&#8221;12px&#8221;][vc_separator type=&#8221;small&#8221; position=&#8221;left&#8221; gradient_color=&#8221;yes&#8221; color=&#8221;#010101&#8243; thickness=&#8221;1&#8243; width=&#8221;66&#8243;][vc_empty_space height=&#8221;7px&#8221;][vc_row_inner row_type=&#8221;row&#8221; type=&#8221;full_width&#8221; text_align=&#8221;left&#8221; css_animation=&#8221;&#8221;][vc_column_inner width=&#8221;1\/2&#8243;][vc_column_text]I owe my passion for my profession to my high school teacher; even then it was clear that my path would lead straight to accounting. I achieved 4th place in the national accounting competition (OSZTV) in high school and graduated in 2001.<\/p>\n<p>After a few months of accounting work, I started my auditing career at ITAG \u00d6KOLEX K\u00f6nyvvizsg\u00e1l\u00f3 Kft. During the 3 years I spent there, in addition to my work as an audit assistant, I also carried out continuous accounting for smaller companies.<\/p>\n<p>At the end of 2004, I joined Metrum K\u00f6nyvszak\u00e9rt\u0151 Kft. where I participated mainly in the audit of Hungarian subsidiaries of large German and Austrian companies. It was here I became acquainted with the specificity of many industries (manufacturing, construction, trading and real estate development companies).[\/vc_column_text][\/vc_column_inner][vc_column_inner width=&#8221;1\/2&#8243;][vc_column_text css=&#8221;.vc_custom_1599591591566{padding-bottom: 14px !important;}&#8221;]Furthermore, I gained experience in tax due diligence, audit transformations (mergers, spin-offs), preparing multi-year business plans, preparing and auditing consolidation data services (based on IFRS and US GAAP) for the parent company, and liquidation procedures.<\/p>\n<p>Between 2006 and 2010, I deepened my knowledge at Mazars Kft where I participated in auditing larger companies and consolidating annual accounts, managing audit workflows and tax due diligences, and auditing the transition to foreign exchange accounting. During this period I acquired significant knowledge in new industries (hotels, shipping). Since 2010 I have gained additional experience at SZM Audit Kft in the independent audit of companies, tax consultancy, audit of transformations, and tenders.<\/p>\n<p>Fluent in German and English.[\/vc_column_text][\/vc_column_inner][\/vc_row_inner][\/vc_column][\/vc_row][vc_row css_animation=&#8221;&#8221; row_type=&#8221;row&#8221; use_row_as_full_screen_section=&#8221;no&#8221; type=&#8221;full_width&#8221; angled_section=&#8221;no&#8221; text_align=&#8221;left&#8221; background_image_as_pattern=&#8221;without_pattern&#8221; z_index=&#8221;&#8221; padding_bottom=&#8221;40&#8243;][vc_column][vc_column_text]<\/p>\n<div class=\"container\">\n<div class=\"container_inner clearfix\">\n<div class=\"portfolio_navigation navigation_title\">\n<div class=\"portfolio_prev\"><a href=\"https:\/\/asjaudit.com\/en\/presentation\/\" rel=\"prev\"><i class=\"fa fa-angle-left\"><\/i><span class=\"post_info\"><span class=\"h5\">Presentation<\/span><\/span><\/a><\/div>\n<div class=\"portfolio_next\"><a href=\"https:\/\/asjaudit.com\/en\/values\/\" rel=\"next\"><span class=\"post_info\"><span class=\"h5\">Values<\/span><\/span><i class=\"fa fa-angle-right\"><\/i><\/a><\/div>\n<\/div>\n<\/div>\n<\/div>\n<p>[\/vc_column_text][\/vc_column][\/vc_row]<\/p>\n<\/div>","protected":false},"excerpt":{"rendered":"<p>[vc_row css_animation=&#8221;&#8221; row_type=&#8221;row&#8221; use_row_as_full_screen_section=&#8221;no&#8221; type=&#8221;grid&#8221; angled_section=&#8221;no&#8221; text_align=&#8221;left&#8221; background_image_as_pattern=&#8221;without_pattern&#8221; z_index=&#8221;&#8221;][vc_column offset=&#8221;vc_col-lg-offset-2 vc_col-lg-8&#8243;][qode_elements_holder number_of_columns=&#8221;two_columns&#8221;][qode_elements_holder_item advanced_animations=&#8221;no&#8221; item_padding=&#8221;4em 6%&#8230;<\/p>\n","protected":false},"author":1,"featured_media":0,"parent":0,"menu_order":0,"comment_status":"closed","ping_status":"closed","template":"full_width.php","meta":{"footnotes":""},"class_list":["post-558","page","type-page","status-publish","hentry"],"yoast_head":"<!-- This site is optimized with the Yoast SEO plugin v27.3 - https:\/\/yoast.com\/product\/yoast-seo-wordpress\/ -->\n<title>Our colleagues - ASJ Audit<\/title>\n<meta name=\"robots\" content=\"index, follow, max-snippet:-1, max-image-preview:large, max-video-preview:-1\" \/>\n<link rel=\"canonical\" href=\"https:\/\/asjaudit.com\/en\/our-colleagues\/\" \/>\n<meta property=\"og:locale\" content=\"en_US\" \/>\n<meta property=\"og:type\" content=\"article\" \/>\n<meta property=\"og:title\" content=\"Our colleagues - ASJ Audit\" \/>\n<meta property=\"og:description\" content=\"[vc_row css_animation=&#8221;&#8221; row_type=&#8221;row&#8221; use_row_as_full_screen_section=&#8221;no&#8221; type=&#8221;grid&#8221; angled_section=&#8221;no&#8221; text_align=&#8221;left&#8221; background_image_as_pattern=&#8221;without_pattern&#8221; z_index=&#8221;&#8221;][vc_column offset=&#8221;vc_col-lg-offset-2 vc_col-lg-8&#8243;][qode_elements_holder number_of_columns=&#8221;two_columns&#8221;][qode_elements_holder_item advanced_animations=&#8221;no&#8221; item_padding=&#8221;4em 6%...\" \/>\n<meta property=\"og:url\" content=\"https:\/\/asjaudit.com\/en\/our-colleagues\/\" \/>\n<meta property=\"og:site_name\" content=\"ASJ Audit\" \/>\n<meta property=\"article:modified_time\" content=\"2020-09-08T20:20:19+00:00\" \/>\n<meta name=\"twitter:card\" content=\"summary_large_image\" \/>\n<meta name=\"twitter:label1\" content=\"Est. reading time\" \/>\n\t<meta name=\"twitter:data1\" content=\"6 minutes\" \/>\n<script type=\"application\/ld+json\" class=\"yoast-schema-graph\">{\"@context\":\"https:\\\/\\\/schema.org\",\"@graph\":[{\"@type\":\"WebPage\",\"@id\":\"https:\\\/\\\/asjaudit.com\\\/en\\\/our-colleagues\\\/\",\"url\":\"https:\\\/\\\/asjaudit.com\\\/en\\\/our-colleagues\\\/\",\"name\":\"Our colleagues - ASJ Audit\",\"isPartOf\":{\"@id\":\"https:\\\/\\\/asjaudit.com\\\/en\\\/#website\"},\"datePublished\":\"2020-09-08T19:00:11+00:00\",\"dateModified\":\"2020-09-08T20:20:19+00:00\",\"breadcrumb\":{\"@id\":\"https:\\\/\\\/asjaudit.com\\\/en\\\/our-colleagues\\\/#breadcrumb\"},\"inLanguage\":\"en-US\",\"potentialAction\":[{\"@type\":\"ReadAction\",\"target\":[\"https:\\\/\\\/asjaudit.com\\\/en\\\/our-colleagues\\\/\"]}]},{\"@type\":\"BreadcrumbList\",\"@id\":\"https:\\\/\\\/asjaudit.com\\\/en\\\/our-colleagues\\\/#breadcrumb\",\"itemListElement\":[{\"@type\":\"ListItem\",\"position\":1,\"name\":\"Home\",\"item\":\"https:\\\/\\\/asjaudit.com\\\/en\\\/\"},{\"@type\":\"ListItem\",\"position\":2,\"name\":\"Our colleagues\"}]},{\"@type\":\"WebSite\",\"@id\":\"https:\\\/\\\/asjaudit.com\\\/en\\\/#website\",\"url\":\"https:\\\/\\\/asjaudit.com\\\/en\\\/\",\"name\":\"ASJ Audit\",\"description\":\"Auditing, business management consultancy\",\"potentialAction\":[{\"@type\":\"SearchAction\",\"target\":{\"@type\":\"EntryPoint\",\"urlTemplate\":\"https:\\\/\\\/asjaudit.com\\\/en\\\/?s={search_term_string}\"},\"query-input\":{\"@type\":\"PropertyValueSpecification\",\"valueRequired\":true,\"valueName\":\"search_term_string\"}}],\"inLanguage\":\"en-US\"}]}<\/script>\n<!-- \/ Yoast SEO plugin. -->","yoast_head_json":{"title":"Our colleagues - ASJ Audit","robots":{"index":"index","follow":"follow","max-snippet":"max-snippet:-1","max-image-preview":"max-image-preview:large","max-video-preview":"max-video-preview:-1"},"canonical":"https:\/\/asjaudit.com\/en\/our-colleagues\/","og_locale":"en_US","og_type":"article","og_title":"Our colleagues - ASJ Audit","og_description":"[vc_row css_animation=&#8221;&#8221; row_type=&#8221;row&#8221; use_row_as_full_screen_section=&#8221;no&#8221; type=&#8221;grid&#8221; angled_section=&#8221;no&#8221; text_align=&#8221;left&#8221; background_image_as_pattern=&#8221;without_pattern&#8221; z_index=&#8221;&#8221;][vc_column offset=&#8221;vc_col-lg-offset-2 vc_col-lg-8&#8243;][qode_elements_holder number_of_columns=&#8221;two_columns&#8221;][qode_elements_holder_item advanced_animations=&#8221;no&#8221; item_padding=&#8221;4em 6%...","og_url":"https:\/\/asjaudit.com\/en\/our-colleagues\/","og_site_name":"ASJ Audit","article_modified_time":"2020-09-08T20:20:19+00:00","twitter_card":"summary_large_image","twitter_misc":{"Est. reading time":"6 minutes"},"schema":{"@context":"https:\/\/schema.org","@graph":[{"@type":"WebPage","@id":"https:\/\/asjaudit.com\/en\/our-colleagues\/","url":"https:\/\/asjaudit.com\/en\/our-colleagues\/","name":"Our colleagues - ASJ Audit","isPartOf":{"@id":"https:\/\/asjaudit.com\/en\/#website"},"datePublished":"2020-09-08T19:00:11+00:00","dateModified":"2020-09-08T20:20:19+00:00","breadcrumb":{"@id":"https:\/\/asjaudit.com\/en\/our-colleagues\/#breadcrumb"},"inLanguage":"en-US","potentialAction":[{"@type":"ReadAction","target":["https:\/\/asjaudit.com\/en\/our-colleagues\/"]}]},{"@type":"BreadcrumbList","@id":"https:\/\/asjaudit.com\/en\/our-colleagues\/#breadcrumb","itemListElement":[{"@type":"ListItem","position":1,"name":"Home","item":"https:\/\/asjaudit.com\/en\/"},{"@type":"ListItem","position":2,"name":"Our colleagues"}]},{"@type":"WebSite","@id":"https:\/\/asjaudit.com\/en\/#website","url":"https:\/\/asjaudit.com\/en\/","name":"ASJ Audit","description":"Auditing, business management consultancy","potentialAction":[{"@type":"SearchAction","target":{"@type":"EntryPoint","urlTemplate":"https:\/\/asjaudit.com\/en\/?s={search_term_string}"},"query-input":{"@type":"PropertyValueSpecification","valueRequired":true,"valueName":"search_term_string"}}],"inLanguage":"en-US"}]}},"_links":{"self":[{"href":"https:\/\/asjaudit.com\/en\/wp-json\/wp\/v2\/pages\/558","targetHints":{"allow":["GET"]}}],"collection":[{"href":"https:\/\/asjaudit.com\/en\/wp-json\/wp\/v2\/pages"}],"about":[{"href":"https:\/\/asjaudit.com\/en\/wp-json\/wp\/v2\/types\/page"}],"author":[{"embeddable":true,"href":"https:\/\/asjaudit.com\/en\/wp-json\/wp\/v2\/users\/1"}],"replies":[{"embeddable":true,"href":"https:\/\/asjaudit.com\/en\/wp-json\/wp\/v2\/comments?post=558"}],"version-history":[{"count":8,"href":"https:\/\/asjaudit.com\/en\/wp-json\/wp\/v2\/pages\/558\/revisions"}],"predecessor-version":[{"id":853,"href":"https:\/\/asjaudit.com\/en\/wp-json\/wp\/v2\/pages\/558\/revisions\/853"}],"wp:attachment":[{"href":"https:\/\/asjaudit.com\/en\/wp-json\/wp\/v2\/media?parent=558"}],"curies":[{"name":"wp","href":"https:\/\/api.w.org\/{rel}","templated":true}]}}