{"id":570,"date":"2020-09-08T19:11:24","date_gmt":"2020-09-08T19:11:24","guid":{"rendered":"http:\/\/asjaudit.com\/?page_id=570"},"modified":"2020-09-08T20:21:31","modified_gmt":"2020-09-08T20:21:31","slug":"values","status":"publish","type":"page","link":"https:\/\/asjaudit.com\/en\/values\/","title":{"rendered":"Values"},"content":{"rendered":"<div class=\"wpb-content-wrapper\"><p>[vc_row css_animation=&#8221;&#8221; row_type=&#8221;row&#8221; use_row_as_full_screen_section=&#8221;no&#8221; type=&#8221;full_width&#8221; angled_section=&#8221;no&#8221; text_align=&#8221;left&#8221; background_image_as_pattern=&#8221;without_pattern&#8221; css=&#8221;.vc_custom_1587459435136{padding-top: 4em !important;padding-bottom: 2em !important;}&#8221; z_index=&#8221;&#8221;][vc_column width=&#8221;1\/2&#8243; css=&#8221;.vc_custom_1587459479281{padding-top: 40px !important;padding-right: 0px !important;padding-bottom: 40px !important;padding-left: 0px !important;}&#8221; offset=&#8221;vc_col-lg-offset-2 vc_col-lg-4&#8243; el_class=&#8221;nomargintop&#8221;][vc_single_image image=&#8221;573&#8243; img_size=&#8221;full&#8221; qode_css_animation=&#8221;&#8221;][\/vc_column][vc_column width=&#8221;1\/2&#8243; css=&#8221;.vc_custom_1587459501378{padding-right: 0px !important;padding-bottom: 0px !important;padding-left: 6% !important;}&#8221; offset=&#8221;vc_col-lg-4&#8243;][vc_column_text]<\/p>\n<h1>Values<\/h1>\n<p>[\/vc_column_text][vc_empty_space height=&#8221;22px&#8221;][vc_separator type=&#8221;small&#8221; position=&#8221;left&#8221; gradient_color=&#8221;yes&#8221; color=&#8221;#010101&#8243; thickness=&#8221;1&#8243; width=&#8221;66&#8243;][vc_empty_space height=&#8221;15px&#8221;][vc_accordion style=&#8221;accordion&#8221;][vc_accordion_tab title=&#8221;Independence&#8221; el_id=&#8221;fuggetlenseg&#8221;][vc_column_text]We strive to serve the trust of our clients through transparent work and clear communication, keeping in mind professional standards and legal regulations. We take seriously the purpose of our assignment to provide an objective, credible opinion on the financial and income situation of our clients.[\/vc_column_text][\/vc_accordion_tab][vc_accordion_tab title=&#8221;Professionalism&#8221; el_id=&#8221;szakmai&#8221;][vc_column_text]We place great emphasis on the continuous development of professional knowledge. In addition to statutory audit training, we attend IFRS (International Financial Reporting Standards) and tax conferences every year and we also monitor professional innovations in the field of organizational development and HR. We accept assignments only when we have sufficient and adequate expertise and we are able to perform in a timely manner, including planning audit work, auditing and documenting our work.[\/vc_column_text][\/vc_accordion_tab][vc_accordion_tab title=&#8221;Cooperation&#8221; el_id=&#8221;egyuttmukodes&#8221;][vc_column_text]Our audit partners personally participate in the on-site inspections; assessing the business activity as well as the accounting and IT environment during new assignments. We pay special attention to the expectations of our clients; keeping in mind deadlines and the aspects of professional quality control.[\/vc_column_text][\/vc_accordion_tab][vc_accordion_tab title=&#8221;Reliability&#8221; el_id=&#8221;megbizhatosag&#8221;][vc_column_text]Auditing and consulting requires responsible, quality work. We draw appropriate conclusions from the financial statements by assessing the risks and applying appropriate auditing procedures. Moreover, our goal is to meet tight closing deadlines and reporting obligations on time.[\/vc_column_text][\/vc_accordion_tab][vc_accordion_tab title=&#8221;Social responsibility&#8221; el_id=&#8221;tarsadalmi&#8221;][vc_column_text]Our company is committed to supporting Hungarian companies, non-profit organizations and artists. Therefore we select the visual material of our website from the works of contemporary Hungarian artists on a half-yearly renewal basis in cooperation with <a href=\"http:\/\/www.haromhet.hu\/?page_id=85&amp;lang=en_US\" target=\"_blank\" rel=\"noopener noreferrer\">H\u00e1rom H\u00e9t Gal\u00e9ria<\/a> on B\u00e9la Bart\u00f3k Street.[\/vc_column_text][\/vc_accordion_tab][\/vc_accordion][\/vc_column][\/vc_row][vc_row css_animation=&#8221;&#8221; row_type=&#8221;row&#8221; use_row_as_full_screen_section=&#8221;no&#8221; type=&#8221;full_width&#8221; angled_section=&#8221;no&#8221; text_align=&#8221;left&#8221; background_image_as_pattern=&#8221;without_pattern&#8221; z_index=&#8221;&#8221; padding_bottom=&#8221;40&#8243;][vc_column][vc_column_text]<\/p>\n<div class=\"container\">\n<div class=\"container_inner clearfix\">\n<div class=\"portfolio_navigation navigation_title\">\n<div class=\"portfolio_prev\"><a href=\"https:\/\/asjaudit.com\/en\/our-colleagues\/\" rel=\"prev\"><i class=\"fa fa-angle-left\"><\/i><span class=\"post_info\"><span class=\"h5\">Our colleagues<\/span><\/span><\/a><\/div>\n<div class=\"portfolio_next\"><a href=\"https:\/\/asjaudit.com\/en\/presentation\/\" rel=\"next\"><span class=\"post_info\"><span class=\"h5\">Presentation<\/span><\/span><i class=\"fa fa-angle-right\"><\/i><\/a><\/div>\n<\/div>\n<\/div>\n<\/div>\n<p>[\/vc_column_text][\/vc_column][\/vc_row]<\/p>\n<\/div>","protected":false},"excerpt":{"rendered":"<p>[vc_row css_animation=&#8221;&#8221; row_type=&#8221;row&#8221; use_row_as_full_screen_section=&#8221;no&#8221; type=&#8221;full_width&#8221; angled_section=&#8221;no&#8221; text_align=&#8221;left&#8221; background_image_as_pattern=&#8221;without_pattern&#8221; css=&#8221;.vc_custom_1587459435136{padding-top: 4em !important;padding-bottom: 2em !important;}&#8221; z_index=&#8221;&#8221;][vc_column width=&#8221;1\/2&#8243;&#8230;<\/p>\n","protected":false},"author":1,"featured_media":0,"parent":0,"menu_order":0,"comment_status":"closed","ping_status":"closed","template":"full_width.php","meta":{"footnotes":""},"class_list":["post-570","page","type-page","status-publish","hentry"],"yoast_head":"<!-- This site is optimized with the Yoast SEO plugin v27.3 - https:\/\/yoast.com\/product\/yoast-seo-wordpress\/ -->\n<title>Values - ASJ Audit<\/title>\n<meta name=\"robots\" content=\"index, follow, max-snippet:-1, max-image-preview:large, max-video-preview:-1\" \/>\n<link rel=\"canonical\" href=\"https:\/\/asjaudit.com\/en\/values\/\" \/>\n<meta property=\"og:locale\" content=\"en_US\" \/>\n<meta property=\"og:type\" content=\"article\" \/>\n<meta property=\"og:title\" content=\"Values - ASJ Audit\" \/>\n<meta property=\"og:description\" content=\"[vc_row css_animation=&#8221;&#8221; row_type=&#8221;row&#8221; use_row_as_full_screen_section=&#8221;no&#8221; type=&#8221;full_width&#8221; angled_section=&#8221;no&#8221; text_align=&#8221;left&#8221; background_image_as_pattern=&#8221;without_pattern&#8221; css=&#8221;.vc_custom_1587459435136{padding-top: 4em !important;padding-bottom: 2em !important;}&#8221; z_index=&#8221;&#8221;][vc_column width=&#8221;1\/2&#8243;...\" \/>\n<meta property=\"og:url\" content=\"https:\/\/asjaudit.com\/en\/values\/\" \/>\n<meta property=\"og:site_name\" content=\"ASJ Audit\" \/>\n<meta property=\"article:modified_time\" content=\"2020-09-08T20:21:31+00:00\" \/>\n<meta name=\"twitter:card\" content=\"summary_large_image\" \/>\n<meta name=\"twitter:label1\" content=\"Est. reading time\" \/>\n\t<meta name=\"twitter:data1\" content=\"3 minutes\" \/>\n<script type=\"application\/ld+json\" class=\"yoast-schema-graph\">{\"@context\":\"https:\\\/\\\/schema.org\",\"@graph\":[{\"@type\":\"WebPage\",\"@id\":\"https:\\\/\\\/asjaudit.com\\\/en\\\/values\\\/\",\"url\":\"https:\\\/\\\/asjaudit.com\\\/en\\\/values\\\/\",\"name\":\"Values - ASJ Audit\",\"isPartOf\":{\"@id\":\"https:\\\/\\\/asjaudit.com\\\/en\\\/#website\"},\"datePublished\":\"2020-09-08T19:11:24+00:00\",\"dateModified\":\"2020-09-08T20:21:31+00:00\",\"breadcrumb\":{\"@id\":\"https:\\\/\\\/asjaudit.com\\\/en\\\/values\\\/#breadcrumb\"},\"inLanguage\":\"en-US\",\"potentialAction\":[{\"@type\":\"ReadAction\",\"target\":[\"https:\\\/\\\/asjaudit.com\\\/en\\\/values\\\/\"]}]},{\"@type\":\"BreadcrumbList\",\"@id\":\"https:\\\/\\\/asjaudit.com\\\/en\\\/values\\\/#breadcrumb\",\"itemListElement\":[{\"@type\":\"ListItem\",\"position\":1,\"name\":\"Home\",\"item\":\"https:\\\/\\\/asjaudit.com\\\/en\\\/\"},{\"@type\":\"ListItem\",\"position\":2,\"name\":\"Values\"}]},{\"@type\":\"WebSite\",\"@id\":\"https:\\\/\\\/asjaudit.com\\\/en\\\/#website\",\"url\":\"https:\\\/\\\/asjaudit.com\\\/en\\\/\",\"name\":\"ASJ Audit\",\"description\":\"Auditing, business management consultancy\",\"potentialAction\":[{\"@type\":\"SearchAction\",\"target\":{\"@type\":\"EntryPoint\",\"urlTemplate\":\"https:\\\/\\\/asjaudit.com\\\/en\\\/?s={search_term_string}\"},\"query-input\":{\"@type\":\"PropertyValueSpecification\",\"valueRequired\":true,\"valueName\":\"search_term_string\"}}],\"inLanguage\":\"en-US\"}]}<\/script>\n<!-- \/ Yoast SEO plugin. -->","yoast_head_json":{"title":"Values - ASJ Audit","robots":{"index":"index","follow":"follow","max-snippet":"max-snippet:-1","max-image-preview":"max-image-preview:large","max-video-preview":"max-video-preview:-1"},"canonical":"https:\/\/asjaudit.com\/en\/values\/","og_locale":"en_US","og_type":"article","og_title":"Values - ASJ Audit","og_description":"[vc_row css_animation=&#8221;&#8221; row_type=&#8221;row&#8221; use_row_as_full_screen_section=&#8221;no&#8221; type=&#8221;full_width&#8221; angled_section=&#8221;no&#8221; text_align=&#8221;left&#8221; background_image_as_pattern=&#8221;without_pattern&#8221; css=&#8221;.vc_custom_1587459435136{padding-top: 4em !important;padding-bottom: 2em !important;}&#8221; z_index=&#8221;&#8221;][vc_column width=&#8221;1\/2&#8243;...","og_url":"https:\/\/asjaudit.com\/en\/values\/","og_site_name":"ASJ Audit","article_modified_time":"2020-09-08T20:21:31+00:00","twitter_card":"summary_large_image","twitter_misc":{"Est. reading time":"3 minutes"},"schema":{"@context":"https:\/\/schema.org","@graph":[{"@type":"WebPage","@id":"https:\/\/asjaudit.com\/en\/values\/","url":"https:\/\/asjaudit.com\/en\/values\/","name":"Values - ASJ Audit","isPartOf":{"@id":"https:\/\/asjaudit.com\/en\/#website"},"datePublished":"2020-09-08T19:11:24+00:00","dateModified":"2020-09-08T20:21:31+00:00","breadcrumb":{"@id":"https:\/\/asjaudit.com\/en\/values\/#breadcrumb"},"inLanguage":"en-US","potentialAction":[{"@type":"ReadAction","target":["https:\/\/asjaudit.com\/en\/values\/"]}]},{"@type":"BreadcrumbList","@id":"https:\/\/asjaudit.com\/en\/values\/#breadcrumb","itemListElement":[{"@type":"ListItem","position":1,"name":"Home","item":"https:\/\/asjaudit.com\/en\/"},{"@type":"ListItem","position":2,"name":"Values"}]},{"@type":"WebSite","@id":"https:\/\/asjaudit.com\/en\/#website","url":"https:\/\/asjaudit.com\/en\/","name":"ASJ Audit","description":"Auditing, business management consultancy","potentialAction":[{"@type":"SearchAction","target":{"@type":"EntryPoint","urlTemplate":"https:\/\/asjaudit.com\/en\/?s={search_term_string}"},"query-input":{"@type":"PropertyValueSpecification","valueRequired":true,"valueName":"search_term_string"}}],"inLanguage":"en-US"}]}},"_links":{"self":[{"href":"https:\/\/asjaudit.com\/en\/wp-json\/wp\/v2\/pages\/570","targetHints":{"allow":["GET"]}}],"collection":[{"href":"https:\/\/asjaudit.com\/en\/wp-json\/wp\/v2\/pages"}],"about":[{"href":"https:\/\/asjaudit.com\/en\/wp-json\/wp\/v2\/types\/page"}],"author":[{"embeddable":true,"href":"https:\/\/asjaudit.com\/en\/wp-json\/wp\/v2\/users\/1"}],"replies":[{"embeddable":true,"href":"https:\/\/asjaudit.com\/en\/wp-json\/wp\/v2\/comments?post=570"}],"version-history":[{"count":4,"href":"https:\/\/asjaudit.com\/en\/wp-json\/wp\/v2\/pages\/570\/revisions"}],"predecessor-version":[{"id":636,"href":"https:\/\/asjaudit.com\/en\/wp-json\/wp\/v2\/pages\/570\/revisions\/636"}],"wp:attachment":[{"href":"https:\/\/asjaudit.com\/en\/wp-json\/wp\/v2\/media?parent=570"}],"curies":[{"name":"wp","href":"https:\/\/api.w.org\/{rel}","templated":true}]}}