{"id":730,"date":"2020-09-28T17:22:31","date_gmt":"2020-09-28T17:22:31","guid":{"rendered":"http:\/\/asjaudit.com\/?page_id=730"},"modified":"2025-06-18T08:33:46","modified_gmt":"2025-06-18T08:33:46","slug":"main","status":"publish","type":"page","link":"https:\/\/asjaudit.com\/fr\/","title":{"rendered":"Page principale"},"content":{"rendered":"<div class=\"wpb-content-wrapper\"><p>[vc_row css_animation=\u00a0\u00bb\u00a0\u00bb row_type=\u00a0\u00bbrow\u00a0\u00bb use_row_as_full_screen_section=\u00a0\u00bbno\u00a0\u00bb type=\u00a0\u00bbgrid\u00a0\u00bb angled_section=\u00a0\u00bbno\u00a0\u00bb text_align=\u00a0\u00bbleft\u00a0\u00bb background_image_as_pattern=\u00a0\u00bbwithout_pattern\u00a0\u00bb z_index=\u00a0\u00bb\u00a0\u00bb transition_delay=\u00a0\u00bb500&Prime; css=\u00a0\u00bb.vc_custom_1587370442752{padding-top: 4em !important;padding-bottom: 3em !important;}\u00a0\u00bb][vc_column offset=\u00a0\u00bbvc_col-lg-4 vc_col-md-12&Prime; css=\u00a0\u00bb.vc_custom_1587374050461{padding-top: 3em !important;}\u00a0\u00bb el_class=\u00a0\u00bbnomargintop\u00a0\u00bb][vc_column_text css=\u00a0\u00bb\u00a0\u00bb]<\/p>\n<h2>Services<\/h2>\n<p>[\/vc_column_text][vc_empty_space height=\u00a0\u00bb15px\u00a0\u00bb][vc_separator type=\u00a0\u00bbsmall\u00a0\u00bb position=\u00a0\u00bbleft\u00a0\u00bb gradient_color=\u00a0\u00bbyes\u00a0\u00bb color=\u00a0\u00bb#000000&Prime; transparency=\u00a0\u00bb1&Prime; thickness=\u00a0\u00bb1&Prime; width=\u00a0\u00bb91&Prime;][vc_column_text css=\u00a0\u00bb\u00a0\u00bb]Nous contribuons \u00e0 la protection des biens des propri\u00e9taires gr\u00e2ce \u00e0 nos conseils professionnels, \u00e0 travers un examen approfondi des \u00e9tats financiers et l&rsquo;identification des risques potentiels.[\/vc_column_text][vc_column_text css=\u00a0\u00bb\u00a0\u00bb]Nous nous effor\u00e7ons de trouver des solutions optimales aux probl\u00e8mes financiers et fiscaux de la gestion.[\/vc_column_text][vc_column_text]Nous effectuons des t\u00e2ches d&rsquo;experts financiers, comptables et fiscaux en profondeur selon les besoins de nos clients, que ce soit dans le domaine du contr\u00f4le l\u00e9gal des comptes, de la due diligence d&rsquo;entreprise ou du conseil ad hoc.[\/vc_column_text][vc_empty_space height=\u00a0\u00bb40px\u00a0\u00bb][\/vc_column][vc_column width=\u00a0\u00bb1\/2&Prime; offset=\u00a0\u00bbvc_col-lg-4 vc_col-md-6&Prime;]<div class=\"q_image_with_text_over q_iwto_hover\"><div class=\"shader\" style=\"background-color: #009FE399\"><\/div><div class=\"shader_hover\" style=\"background-color: #009FE3\"><\/div><img decoding=\"async\" itemprop=\"image\" src=\"https:\/\/asjaudit.com\/wp-content\/uploads\/2025\/05\/DSC0850_01.jpg\" alt=\"immeuble de bureaux - d\u00e9tail-1\" \/><div class=\"text\"><table><tr><td><span aria-hidden=\"true\" class=\"qode_icon_font_elegant icon_search_alt icon_holder fa-3x\" style=\"\" ><\/span><h6 class=\"caption \" style=\"font-size: 20px;\">Audit<\/h6><\/td><\/tr><\/table><table><tr><td><div class=\"desc\"><\/p>\n<div class=\"wpb_text_column wpb_content_element vc_custom_1586246426695\">\n<div class=\"wpb_wrapper\">\n<p>En tant qu&rsquo;auditeurs, nous fournissons des opinions professionnelles ind\u00e9pendantes et objectives sur les comptes des entreprises individuelles.<\/p>\n<\/div>\n<\/div>\n<p><a  itemprop=\"url\" href=\"https:\/\/asjaudit.com\/fr\/portfolio_page\/audit\/\" target=\"_self\"  class=\"qbutton  small white default\" style=\"\">EN SAVOIR PLUS<\/a><\/div><\/td><\/tr><\/table><\/div><\/div>[vc_empty_space height=\u00a0\u00bb40px\u00a0\u00bb]<div class=\"q_image_with_text_over q_iwto_hover\"><div class=\"shader\" style=\"background-color: #009FE399\"><\/div><div class=\"shader_hover\" style=\"background-color: #009FE3\"><\/div><img decoding=\"async\" itemprop=\"image\" src=\"https:\/\/asjaudit.com\/wp-content\/uploads\/2025\/05\/DSC0850_03.jpg\" alt=\"immeuble de bureaux - d\u00e9tail-3\" \/><div class=\"text\"><table><tr><td><span aria-hidden=\"true\" class=\"qode_icon_font_elegant icon_calulator icon_holder fa-3x\" style=\"\" ><\/span><h6 class=\"caption \" style=\"font-size: 20px;\">Surveillance de la comptabilit\u00e9<\/h6><\/td><\/tr><\/table><table><tr><td><div class=\"desc\"><\/p>\n<div class=\"wpb_text_column wpb_content_element vc_custom_1586246426695\">\n<div class=\"wpb_wrapper\">\n<p>De nos jours, de plus en plus de soci\u00e9t\u00e9s sont confront\u00e9es \u00e0 des p\u00e9nuries de main-d&rsquo;\u0153uvre li\u00e9es \u00e0 des postes financiers et comptables.<\/p>\n<\/div>\n<\/div>\n<p><a  itemprop=\"url\" href=\"https:\/\/asjaudit.com\/fr\/portfolio_page\/surveillance-de-la-comptabilite\/\" target=\"_self\"  class=\"qbutton  small white default\" style=\"\">EN SAVOIR PLUS<\/a><\/div><\/td><\/tr><\/table><\/div><\/div>[vc_empty_space height=\u00a0\u00bb40px\u00a0\u00bb][\/vc_column][vc_column width=\u00a0\u00bb1\/2&Prime; offset=\u00a0\u00bbvc_col-lg-4 vc_col-md-6&Prime;]<div class=\"q_image_with_text_over q_iwto_hover\"><div class=\"shader\" style=\"background-color: #009FE399\"><\/div><div class=\"shader_hover\" style=\"background-color: #009FE3\"><\/div><img decoding=\"async\" itemprop=\"image\" src=\"https:\/\/asjaudit.com\/wp-content\/uploads\/2025\/05\/DSC0850_02.jpg\" alt=\"immeuble de bureaux - d\u00e9tail-2\" \/><div class=\"text\"><table><tr><td><span aria-hidden=\"true\" class=\"qode_icon_font_elegant icon_easel icon_holder fa-3x\" style=\"\" ><\/span><h6 class=\"caption \" style=\"font-size: 20px;\">Conseil de gestion<\/h6><\/td><\/tr><\/table><table><tr><td><div class=\"desc\"><\/p>\n<div class=\"wpb_text_column wpb_content_element vc_custom_1586246426695\">\n<div class=\"wpb_wrapper\">\n<p>Sur la base de nos connaissances comptables et fiscales, nous fournissons des conseils commerciaux \u00e0 nos partenaires.<\/p>\n<\/div>\n<\/div>\n<p><a  itemprop=\"url\" href=\"https:\/\/asjaudit.com\/fr\/portfolio_page\/conseil-de-gestion\/\" target=\"_self\"  class=\"qbutton  small white default\" style=\"\">EN SAVOIR PLUS<\/a><\/div><\/td><\/tr><\/table><\/div><\/div>[vc_empty_space height=\u00a0\u00bb40px\u00a0\u00bb]<div class=\"q_image_with_text_over q_iwto_hover\"><div class=\"shader\" style=\"background-color: #009FE399\"><\/div><div class=\"shader_hover\" style=\"background-color: #009FE3\"><\/div><img decoding=\"async\" itemprop=\"image\" src=\"https:\/\/asjaudit.com\/wp-content\/uploads\/2025\/05\/DSC0850_04.jpg\" alt=\"immeuble de bureaux - d\u00e9tail-4\" \/><div class=\"text\"><table><tr><td><span aria-hidden=\"true\" class=\"qode_icon_font_elegant icon_lightbulb_alt icon_holder fa-3x\" style=\"\" ><\/span><h6 class=\"caption \" style=\"font-size: 20px;\">Due Diligence<\/h6><\/td><\/tr><\/table><table><tr><td><div class=\"desc\"><\/p>\n<div class=\"wpb_text_column wpb_content_element vc_custom_1586246426695\">\n<div class=\"wpb_wrapper\">\n<div class=\"wpb_text_column wpb_content_element vc_custom_1586283623944\">\n<div class=\"wpb_wrapper\">\n<p>\u00c0 la demande de la direction, nous effectuons un contr\u00f4le pr\u00e9alable des documents comptables en vue de pr\u00e9parer les d\u00e9cisions d&rsquo;acquisition et d&rsquo;investissement.<\/p>\n<\/div>\n<\/div>\n<\/div>\n<\/div>\n<p><a  itemprop=\"url\" href=\"https:\/\/asjaudit.com\/fr\/portfolio_page\/due-diligence\/\" target=\"_self\"  class=\"qbutton  small white default\" style=\"\">EN SAVOIR PLUS<\/a><\/div><\/td><\/tr><\/table><\/div><\/div>[vc_empty_space height=\u00a0\u00bb40px\u00a0\u00bb][\/vc_column][\/vc_row][vc_row css_animation=\u00a0\u00bb\u00a0\u00bb row_type=\u00a0\u00bbrow\u00a0\u00bb use_row_as_full_screen_section=\u00a0\u00bbno\u00a0\u00bb type=\u00a0\u00bbgrid\u00a0\u00bb angled_section=\u00a0\u00bbno\u00a0\u00bb text_align=\u00a0\u00bbleft\u00a0\u00bb background_image_as_pattern=\u00a0\u00bbwithout_pattern\u00a0\u00bb css=\u00a0\u00bb.vc_custom_1742548425475{padding-top: 4em !important;padding-bottom: 2em !important;}\u00a0\u00bb z_index=\u00a0\u00bb\u00a0\u00bb][vc_column width=\u00a0\u00bb1\/2&Prime; css=\u00a0\u00bb.vc_custom_1742548525924{padding-top: 40px !important;padding-right: 0px !important;padding-bottom: 40px !important;padding-left: 0px !important;}\u00a0\u00bb offset=\u00a0\u00bbvc_col-lg-offset-0 vc_col-lg-5&Prime; el_class=\u00a0\u00bbnomargintop\u00a0\u00bb][vc_single_image image=\u00a0\u00bb900&Prime; img_size=\u00a0\u00bbfull\u00a0\u00bb css=\u00a0\u00bb\u00a0\u00bb qode_css_animation=\u00a0\u00bb\u00a0\u00bb][\/vc_column][vc_column width=\u00a0\u00bb1\/2&Prime; css=\u00a0\u00bb.vc_custom_1742548559799{padding-right: 0px !important;padding-bottom: 0px !important;padding-left: 6% !important;}\u00a0\u00bb offset=\u00a0\u00bbvc_col-lg-offset-1 vc_col-lg-6&Prime;][vc_column_text css=\u00a0\u00bb\u00a0\u00bb]<\/p>\n<h2>Nos atouts<\/h2>\n<p>[\/vc_column_text][vc_empty_space height=\u00a0\u00bb22px\u00a0\u00bb][vc_separator type=\u00a0\u00bbsmall\u00a0\u00bb position=\u00a0\u00bbleft\u00a0\u00bb gradient_color=\u00a0\u00bbyes\u00a0\u00bb color=\u00a0\u00bb#010101&Prime; thickness=\u00a0\u00bb1&Prime; width=\u00a0\u00bb66&Prime;][vc_empty_space height=\u00a0\u00bb15px\u00a0\u00bb][vc_accordion style=\u00a0\u00bbaccordion\u00a0\u00bb][vc_accordion_tab title=\u00a0\u00bbInd\u00e9pendance\u00a0\u00bb el_id=\u00a0\u00bbfuggetlenseg\u00a0\u00bb][vc_column_text css=\u00a0\u00bb\u00a0\u00bb]Nous nous effor\u00e7ons de servir la confiance de nos clients par notre travail transparent et communication claire, en gardant \u00e0 l\u2019esprit les normes professionnelles et les r\u00e9glementations l\u00e9gales. Nous prenons au s\u00e9rieux l\u2019objectif de notre mission de fournir une opinion objective et cr\u00e9dible sur la situation financi\u00e8re et de revenu de nos clients.[\/vc_column_text][\/vc_accordion_tab][vc_accordion_tab title=\u00a0\u00bbProfessionnalisme\u00a0\u00bb el_id=\u00a0\u00bbszakmai\u00a0\u00bb][vc_column_text css=\u00a0\u00bb\u00a0\u00bb]Nous accordons une grande importance au d\u00e9veloppement continu de nos connaissances professionnelles. En plus de la formation obligatoire, nous assistons chaque ann\u00e9e aux conf\u00e9rences IFRS (International Financial Reporting Standards) et fiscales et nous suivons \u00e9galement les innovations professionnelles dans le domaine du d\u00e9veloppement organisationnel et de RH. Nous acceptons les mandats seulement dans le cas o\u00f9 nous avons une expertise suffisante et ad\u00e9quate et nous sommes en mesure de les effectuer \u00e0 temps, incluant la planification des travaux d\u2019audit, l\u2019audit et la documentation de notre travail.[\/vc_column_text][\/vc_accordion_tab][vc_accordion_tab title=\u00a0\u00bbCoop\u00e9ration\u00a0\u00bb el_id=\u00a0\u00bbegyuttmukodes\u00a0\u00bb][vc_column_text css=\u00a0\u00bb\u00a0\u00bb]Nos partenaires d\u2019audit participent personnellement aux inspections sur place, \u00e9valuent l\u2019activit\u00e9 commerciale, l\u2019environnement comptable et informatique lors des nouvelles mandats. Nous portons une attention particuli\u00e8re aux attentes de nos clients, en gardant \u00e0 l\u2019esprit les d\u00e9lais et les aspects du contr\u00f4le qualit\u00e9 professionnel.[\/vc_column_text][\/vc_accordion_tab][vc_accordion_tab title=\u00a0\u00bbFiabilit\u00e9\u00a0\u00bb el_id=\u00a0\u00bbmegbizhatosag\u00a0\u00bb][vc_column_text css=\u00a0\u00bb\u00a0\u00bb]Les activit\u00e9s d\u2019audit et de conseil n\u00e9cessitent un travail responsable et de qualit\u00e9. Nous tirons les conclusions appropri\u00e9es des rapports financiers en \u00e9valuant les risques et en appliquant des proc\u00e9dures d\u2019audit convenable. De plus, notre objectif est de respecter des d\u00e9lais de cl\u00f4ture serr\u00e9s et des obligations de d\u00e9claration \u00e0 temps.[\/vc_column_text][\/vc_accordion_tab][\/vc_accordion][\/vc_column][\/vc_row]<\/p>\n<\/div>","protected":false},"excerpt":{"rendered":"<p>[vc_row css_animation=\u00a0\u00bb\u00a0\u00bb row_type=\u00a0\u00bbrow\u00a0\u00bb use_row_as_full_screen_section=\u00a0\u00bbno\u00a0\u00bb type=\u00a0\u00bbgrid\u00a0\u00bb angled_section=\u00a0\u00bbno\u00a0\u00bb text_align=\u00a0\u00bbleft\u00a0\u00bb background_image_as_pattern=\u00a0\u00bbwithout_pattern\u00a0\u00bb z_index=\u00a0\u00bb\u00a0\u00bb transition_delay=\u00a0\u00bb500&Prime; css=\u00a0\u00bb.vc_custom_1587370442752{padding-top: 4em !important;padding-bottom: 3em !important;}\u00a0\u00bb][vc_column&#8230;<\/p>\n","protected":false},"author":1,"featured_media":0,"parent":0,"menu_order":0,"comment_status":"closed","ping_status":"closed","template":"full_width.php","meta":{"footnotes":""},"class_list":["post-730","page","type-page","status-publish","hentry"],"yoast_head":"<!-- This site is optimized with the Yoast SEO plugin v27.5 - https:\/\/yoast.com\/product\/yoast-seo-wordpress\/ -->\n<title>Page principale - ASJ Audit<\/title>\n<meta name=\"robots\" content=\"index, follow, max-snippet:-1, max-image-preview:large, max-video-preview:-1\" \/>\n<link rel=\"canonical\" href=\"https:\/\/asjaudit.com\/fr\/\" \/>\n<meta property=\"og:locale\" content=\"fr_FR\" \/>\n<meta property=\"og:type\" content=\"article\" \/>\n<meta property=\"og:title\" content=\"Page principale - ASJ Audit\" \/>\n<meta property=\"og:description\" content=\"[vc_row css_animation=\u00a0\u00bb\u00a0\u00bb row_type=\u00a0\u00bbrow\u00a0\u00bb use_row_as_full_screen_section=\u00a0\u00bbno\u00a0\u00bb type=\u00a0\u00bbgrid\u00a0\u00bb angled_section=\u00a0\u00bbno\u00a0\u00bb text_align=\u00a0\u00bbleft\u00a0\u00bb background_image_as_pattern=\u00a0\u00bbwithout_pattern\u00a0\u00bb z_index=\u00a0\u00bb\u00a0\u00bb transition_delay=\u00a0\u00bb500&Prime; css=\u00a0\u00bb.vc_custom_1587370442752{padding-top: 4em !important;padding-bottom: 3em !important;}\u00a0\u00bb][vc_column...\" \/>\n<meta property=\"og:url\" content=\"https:\/\/asjaudit.com\/fr\/\" \/>\n<meta property=\"og:site_name\" content=\"ASJ Audit\" \/>\n<meta property=\"article:modified_time\" content=\"2025-06-18T08:33:46+00:00\" \/>\n<meta name=\"twitter:card\" content=\"summary_large_image\" \/>\n<meta name=\"twitter:label1\" content=\"Dur\u00e9e de lecture estim\u00e9e\" \/>\n\t<meta name=\"twitter:data1\" content=\"5 minutes\" \/>\n<script type=\"application\/ld+json\" class=\"yoast-schema-graph\">{\"@context\":\"https:\\\/\\\/schema.org\",\"@graph\":[{\"@type\":\"WebPage\",\"@id\":\"https:\\\/\\\/asjaudit.com\\\/fr\\\/\",\"url\":\"https:\\\/\\\/asjaudit.com\\\/fr\\\/\",\"name\":\"Page principale - ASJ Audit\",\"isPartOf\":{\"@id\":\"https:\\\/\\\/asjaudit.com\\\/fr\\\/#website\"},\"datePublished\":\"2020-09-28T17:22:31+00:00\",\"dateModified\":\"2025-06-18T08:33:46+00:00\",\"breadcrumb\":{\"@id\":\"https:\\\/\\\/asjaudit.com\\\/fr\\\/#breadcrumb\"},\"inLanguage\":\"fr-FR\",\"potentialAction\":[{\"@type\":\"ReadAction\",\"target\":[\"https:\\\/\\\/asjaudit.com\\\/fr\\\/\"]}]},{\"@type\":\"BreadcrumbList\",\"@id\":\"https:\\\/\\\/asjaudit.com\\\/fr\\\/#breadcrumb\",\"itemListElement\":[{\"@type\":\"ListItem\",\"position\":1,\"name\":\"Home\",\"item\":\"https:\\\/\\\/asjaudit.com\\\/fr\\\/\"},{\"@type\":\"ListItem\",\"position\":2,\"name\":\"Page principale\"}]},{\"@type\":\"WebSite\",\"@id\":\"https:\\\/\\\/asjaudit.com\\\/fr\\\/#website\",\"url\":\"https:\\\/\\\/asjaudit.com\\\/fr\\\/\",\"name\":\"ASJ Audit\",\"description\":\"K\u00f6nyvvizsg\u00e1lat, \u00fczleti tan\u00e1csad\u00e1s\",\"potentialAction\":[{\"@type\":\"SearchAction\",\"target\":{\"@type\":\"EntryPoint\",\"urlTemplate\":\"https:\\\/\\\/asjaudit.com\\\/fr\\\/?s={search_term_string}\"},\"query-input\":{\"@type\":\"PropertyValueSpecification\",\"valueRequired\":true,\"valueName\":\"search_term_string\"}}],\"inLanguage\":\"fr-FR\"}]}<\/script>\n<!-- \/ Yoast SEO plugin. -->","yoast_head_json":{"title":"Page principale - ASJ Audit","robots":{"index":"index","follow":"follow","max-snippet":"max-snippet:-1","max-image-preview":"max-image-preview:large","max-video-preview":"max-video-preview:-1"},"canonical":"https:\/\/asjaudit.com\/fr\/","og_locale":"fr_FR","og_type":"article","og_title":"Page principale - ASJ Audit","og_description":"[vc_row css_animation=\u00a0\u00bb\u00a0\u00bb row_type=\u00a0\u00bbrow\u00a0\u00bb use_row_as_full_screen_section=\u00a0\u00bbno\u00a0\u00bb type=\u00a0\u00bbgrid\u00a0\u00bb angled_section=\u00a0\u00bbno\u00a0\u00bb text_align=\u00a0\u00bbleft\u00a0\u00bb background_image_as_pattern=\u00a0\u00bbwithout_pattern\u00a0\u00bb z_index=\u00a0\u00bb\u00a0\u00bb transition_delay=\u00a0\u00bb500&Prime; css=\u00a0\u00bb.vc_custom_1587370442752{padding-top: 4em !important;padding-bottom: 3em !important;}\u00a0\u00bb][vc_column...","og_url":"https:\/\/asjaudit.com\/fr\/","og_site_name":"ASJ Audit","article_modified_time":"2025-06-18T08:33:46+00:00","twitter_card":"summary_large_image","twitter_misc":{"Dur\u00e9e de lecture estim\u00e9e":"5 minutes"},"schema":{"@context":"https:\/\/schema.org","@graph":[{"@type":"WebPage","@id":"https:\/\/asjaudit.com\/fr\/","url":"https:\/\/asjaudit.com\/fr\/","name":"Page principale - ASJ Audit","isPartOf":{"@id":"https:\/\/asjaudit.com\/fr\/#website"},"datePublished":"2020-09-28T17:22:31+00:00","dateModified":"2025-06-18T08:33:46+00:00","breadcrumb":{"@id":"https:\/\/asjaudit.com\/fr\/#breadcrumb"},"inLanguage":"fr-FR","potentialAction":[{"@type":"ReadAction","target":["https:\/\/asjaudit.com\/fr\/"]}]},{"@type":"BreadcrumbList","@id":"https:\/\/asjaudit.com\/fr\/#breadcrumb","itemListElement":[{"@type":"ListItem","position":1,"name":"Home","item":"https:\/\/asjaudit.com\/fr\/"},{"@type":"ListItem","position":2,"name":"Page principale"}]},{"@type":"WebSite","@id":"https:\/\/asjaudit.com\/fr\/#website","url":"https:\/\/asjaudit.com\/fr\/","name":"ASJ Audit","description":"K\u00f6nyvvizsg\u00e1lat, \u00fczleti tan\u00e1csad\u00e1s","potentialAction":[{"@type":"SearchAction","target":{"@type":"EntryPoint","urlTemplate":"https:\/\/asjaudit.com\/fr\/?s={search_term_string}"},"query-input":{"@type":"PropertyValueSpecification","valueRequired":true,"valueName":"search_term_string"}}],"inLanguage":"fr-FR"}]}},"_links":{"self":[{"href":"https:\/\/asjaudit.com\/fr\/wp-json\/wp\/v2\/pages\/730","targetHints":{"allow":["GET"]}}],"collection":[{"href":"https:\/\/asjaudit.com\/fr\/wp-json\/wp\/v2\/pages"}],"about":[{"href":"https:\/\/asjaudit.com\/fr\/wp-json\/wp\/v2\/types\/page"}],"author":[{"embeddable":true,"href":"https:\/\/asjaudit.com\/fr\/wp-json\/wp\/v2\/users\/1"}],"replies":[{"embeddable":true,"href":"https:\/\/asjaudit.com\/fr\/wp-json\/wp\/v2\/comments?post=730"}],"version-history":[{"count":21,"href":"https:\/\/asjaudit.com\/fr\/wp-json\/wp\/v2\/pages\/730\/revisions"}],"predecessor-version":[{"id":1159,"href":"https:\/\/asjaudit.com\/fr\/wp-json\/wp\/v2\/pages\/730\/revisions\/1159"}],"wp:attachment":[{"href":"https:\/\/asjaudit.com\/fr\/wp-json\/wp\/v2\/media?parent=730"}],"curies":[{"name":"wp","href":"https:\/\/api.w.org\/{rel}","templated":true}]}}