{"id":747,"date":"2020-09-28T17:48:18","date_gmt":"2020-09-28T17:48:18","guid":{"rendered":"http:\/\/asjaudit.com\/?page_id=747"},"modified":"2020-09-28T17:48:18","modified_gmt":"2020-09-28T17:48:18","slug":"nos-collegues","status":"publish","type":"page","link":"https:\/\/asjaudit.com\/fr\/nos-collegues\/","title":{"rendered":"Nos coll\u00e8gues"},"content":{"rendered":"<div class=\"wpb-content-wrapper\"><p>[vc_row css_animation=\u00a0\u00bb\u00a0\u00bb row_type=\u00a0\u00bbrow\u00a0\u00bb use_row_as_full_screen_section=\u00a0\u00bbno\u00a0\u00bb type=\u00a0\u00bbgrid\u00a0\u00bb angled_section=\u00a0\u00bbno\u00a0\u00bb text_align=\u00a0\u00bbleft\u00a0\u00bb background_image_as_pattern=\u00a0\u00bbwithout_pattern\u00a0\u00bb z_index=\u00a0\u00bb\u00a0\u00bb][vc_column offset=\u00a0\u00bbvc_col-lg-offset-2 vc_col-lg-8&Prime;][qode_elements_holder number_of_columns=\u00a0\u00bbtwo_columns\u00a0\u00bb][qode_elements_holder_item advanced_animations=\u00a0\u00bbno\u00a0\u00bb item_padding=\u00a0\u00bb4em 6% 0 0&Prime;][vc_column_text]<\/p>\n<h1>Nos coll\u00e8gues<\/h1>\n<p>[\/vc_column_text][vc_empty_space height=\u00a0\u00bb22px\u00a0\u00bb][vc_separator type=\u00a0\u00bbsmall\u00a0\u00bb position=\u00a0\u00bbleft\u00a0\u00bb gradient_color=\u00a0\u00bbyes\u00a0\u00bb color=\u00a0\u00bb#010101&Prime; thickness=\u00a0\u00bb1&Prime; width=\u00a0\u00bb66&Prime;][vc_empty_space height=\u00a0\u00bb15px\u00a0\u00bb][vc_column_text]Nos membres professionnels et engag\u00e9s sont disponibles pour leurs clients en hongrois, anglais, allemand et fran\u00e7ais. Nous ma\u00eetrisons les normes comptables hongroises et internationales, la fourniture de donn\u00e9es de consolidation internationale, la pr\u00e9paration de rapports de contr\u00f4le et les questions fiscales sp\u00e9cifiques \u00e0 l&rsquo;industrie.[\/vc_column_text][\/qode_elements_holder_item][qode_elements_holder_item advanced_animations=\u00a0\u00bbno\u00a0\u00bb item_padding=\u00a0\u00bb40px 0 0 0&Prime;][vc_single_image image=\u00a0\u00bb289&Prime; img_size=\u00a0\u00bbfull\u00a0\u00bb qode_css_animation=\u00a0\u00bb\u00a0\u00bb][\/qode_elements_holder_item][\/qode_elements_holder][\/vc_column][\/vc_row][vc_row css_animation=\u00a0\u00bb\u00a0\u00bb row_type=\u00a0\u00bbrow\u00a0\u00bb use_row_as_full_screen_section=\u00a0\u00bbno\u00a0\u00bb type=\u00a0\u00bbgrid\u00a0\u00bb angled_section=\u00a0\u00bbno\u00a0\u00bb text_align=\u00a0\u00bbleft\u00a0\u00bb background_image_as_pattern=\u00a0\u00bbwithout_pattern\u00a0\u00bb css=\u00a0\u00bb.vc_custom_1586257240542{padding-top: 80px !important;}\u00a0\u00bb z_index=\u00a0\u00bb\u00a0\u00bb][vc_column][vc_column_text]<\/p>\n<h2>Partenaires fondateurs<\/h2>\n<p>[\/vc_column_text][vc_empty_space height=\u00a0\u00bb22px\u00a0\u00bb][vc_separator type=\u00a0\u00bbsmall\u00a0\u00bb position=\u00a0\u00bbleft\u00a0\u00bb gradient_color=\u00a0\u00bbyes\u00a0\u00bb color=\u00a0\u00bb#010101&Prime; thickness=\u00a0\u00bb1&Prime; width=\u00a0\u00bb66&Prime;][vc_empty_space height=\u00a0\u00bb15px\u00a0\u00bb][\/vc_column][\/vc_row][vc_row css_animation=\u00a0\u00bb\u00a0\u00bb row_type=\u00a0\u00bbrow\u00a0\u00bb use_row_as_full_screen_section=\u00a0\u00bbno\u00a0\u00bb type=\u00a0\u00bbgrid\u00a0\u00bb angled_section=\u00a0\u00bbno\u00a0\u00bb text_align=\u00a0\u00bbleft\u00a0\u00bb background_image_as_pattern=\u00a0\u00bbwithout_pattern\u00a0\u00bb css=\u00a0\u00bb.vc_custom_1587457062814{padding-bottom: 20px !important;}\u00a0\u00bb z_index=\u00a0\u00bb\u00a0\u00bb][vc_column width=\u00a0\u00bb1\/3&Prime;][vc_single_image image=\u00a0\u00bb749&Prime; img_size=\u00a0\u00bbfull\u00a0\u00bb qode_css_animation=\u00a0\u00bb\u00a0\u00bb el_class=\u00a0\u00bbpadding10&Prime;][vc_row_inner row_type=\u00a0\u00bbrow\u00a0\u00bb type=\u00a0\u00bbfull_width\u00a0\u00bb text_align=\u00a0\u00bbleft\u00a0\u00bb css_animation=\u00a0\u00bb\u00a0\u00bb css=\u00a0\u00bb.vc_custom_1587458020790{padding-top: 14px !important;padding-right: 10px !important;padding-bottom: 14px !important;padding-left: 10px !important;background-color: #f7f5f5 !important;}\u00a0\u00bb el_class=\u00a0\u00bbmarg10&Prime;][vc_column_inner]<div class='q_icon_with_title tiny normal_icon '><div class=\"icon_holder \" style=\" \"><span data-icon-type=\"normal\" class=\"qode_iwt_icon_holder q_font_awsome_icon fa-lg  qode-type1-gradient-left-to-right-text\"><i class=\"qodef-icon-linea-icon icon-basic-mail-open qode_iwt_icon_element\"><\/i><\/span><\/div><div class=\"icon_text_holder\" style=\"\"><div class=\"icon_text_inner\" style=\"\"><h5 class=\"icon_title\" style=\"\"><\/h5><p style=''><\/p><a itemprop='url' class='icon_with_title_link' href='mailto:sara.nemoda@asjaudit.com' target='_self' style=''>sara.nemoda@asjaudit.com<\/a><\/div><\/div><\/div><div class='q_icon_with_title tiny normal_icon '><div class=\"icon_holder \" style=\" \"><span data-icon-type=\"normal\" class=\"qode_iwt_icon_holder q_font_awsome_icon fa-lg  qode-type1-gradient-left-to-right-text\"><i class=\"qodef-icon-linea-icon icon-basic-smartphone qode_iwt_icon_element\"><\/i><\/span><\/div><div class=\"icon_text_holder\" style=\"\"><div class=\"icon_text_inner\" style=\"\"><h5 class=\"icon_title\" style=\"\"><\/h5><p style=''><\/p><a itemprop='url' class='icon_with_title_link' href='tel:0036203829126' target='_self' style=''>+36 20 382 9126<\/a><\/div><\/div><\/div>[\/vc_column_inner][\/vc_row_inner][\/vc_column][vc_column width=\u00a0\u00bb2\/3&Prime;][vc_column_text css=\u00a0\u00bb.vc_custom_1601315133319{padding-top: 14px !important;}\u00a0\u00bb]<\/p>\n<h4>Nemoda S\u00e1ra<\/h4>\n<p>auditrice enregistr\u00e9e, experte fiscale, comptable certifi\u00e9 (IFRS)[\/vc_column_text][vc_empty_space height=\u00a0\u00bb12px\u00a0\u00bb][vc_separator type=\u00a0\u00bbsmall\u00a0\u00bb position=\u00a0\u00bbleft\u00a0\u00bb gradient_color=\u00a0\u00bbyes\u00a0\u00bb color=\u00a0\u00bb#010101&Prime; thickness=\u00a0\u00bb1&Prime; width=\u00a0\u00bb66&Prime;][vc_empty_space height=\u00a0\u00bb7px\u00a0\u00bb][vc_row_inner row_type=\u00a0\u00bbrow\u00a0\u00bb type=\u00a0\u00bbfull_width\u00a0\u00bb text_align=\u00a0\u00bbleft\u00a0\u00bb css_animation=\u00a0\u00bb\u00a0\u00bb][vc_column_inner width=\u00a0\u00bb1\/2&Prime;][vc_column_text]J&rsquo;ai obtenu mon dipl\u00f4me du Coll\u00e8ge de finances et de comptabilit\u00e9 en 1995. Apr\u00e8s un an et demi dans le domaine du marketing touristique, j&rsquo;ai reconnu les beaut\u00e9s du travail comptable et commenc\u00e9 \u00e0 travailler pour un groupe d&rsquo;entreprises agricoles belges comme comptable.<\/p>\n<p>Apr\u00e8s trois ans de comptabilit\u00e9, j&rsquo;ai rejoint Metrum K\u00f6nyvszak\u00e9rt\u0151 Kft en 2000 et obtenu la qualification d&rsquo;auditeur en 2004. J&rsquo;ai acquis des comp\u00e9tences en pr\u00e9paration de documentation d&rsquo;audit compl\u00e8te en cas des petites et moyennes entreprises, en audit de transformations. Mon mentor \u00e9tait dr Galambos P\u00e9ter, par qui j&rsquo;ai appris l&rsquo;engagement envers la profession, l&rsquo;importance de la m\u00e9thodologie d&rsquo;audit et l&rsquo;ouverture aux nouvelles solutions informatiques.[\/vc_column_text][\/vc_column_inner][vc_column_inner width=\u00a0\u00bb1\/2&Prime;][vc_column_text css=\u00a0\u00bb.vc_custom_1601315166645{padding-bottom: 14px !important;}\u00a0\u00bb]A partir de 2006 j&rsquo;ai poursuivi ma carri\u00e8re chez Mazars Kft. o\u00f9 j&rsquo;ai eu la chance de me d\u00e9velopper en auditant des filiales hongroises de grandes soci\u00e9t\u00e9s internationales, en participant \u00e0 des due diligence financi\u00e8res et en apprenant \u00e0 g\u00e9rer des \u00e9quipes plus grandes. Apr\u00e8s la naissance de mes deux enfants, je suis retourn\u00e9e dans le secteur de la comptabilit\u00e9 en 2014, j&rsquo;ai dirig\u00e9 une soci\u00e9t\u00e9 d&rsquo;expertise comptable et effectu\u00e9 la gestion professionnelle et op\u00e9rationnelle d&rsquo;un groupe de 8-10 comptables.<\/p>\n<p>Nous avons fond\u00e9 la soci\u00e9t\u00e9 ASJ Audit avec mon partenaire, St\u00e9ber Judit en automne 2019.<\/p>\n<p>Disponible en fran\u00e7ais et en anglais.[\/vc_column_text][\/vc_column_inner][\/vc_row_inner][\/vc_column][\/vc_row][vc_row css_animation=\u00a0\u00bb\u00a0\u00bb row_type=\u00a0\u00bbrow\u00a0\u00bb use_row_as_full_screen_section=\u00a0\u00bbno\u00a0\u00bb type=\u00a0\u00bbgrid\u00a0\u00bb angled_section=\u00a0\u00bbno\u00a0\u00bb text_align=\u00a0\u00bbleft\u00a0\u00bb background_image_as_pattern=\u00a0\u00bbwithout_pattern\u00a0\u00bb css=\u00a0\u00bb.vc_custom_1587458731851{padding-top: 20px !important;padding-bottom: 2em !important;}\u00a0\u00bb z_index=\u00a0\u00bb\u00a0\u00bb][vc_column width=\u00a0\u00bb1\/3&Prime;][vc_single_image image=\u00a0\u00bb750&Prime; img_size=\u00a0\u00bbfull\u00a0\u00bb qode_css_animation=\u00a0\u00bb\u00a0\u00bb el_class=\u00a0\u00bbpadding10&Prime;][vc_row_inner row_type=\u00a0\u00bbrow\u00a0\u00bb type=\u00a0\u00bbfull_width\u00a0\u00bb text_align=\u00a0\u00bbleft\u00a0\u00bb css_animation=\u00a0\u00bb\u00a0\u00bb css=\u00a0\u00bb.vc_custom_1587458242104{padding-top: 14px !important;padding-right: 10px !important;padding-bottom: 14px !important;padding-left: 10px !important;background-color: #f7f5f5 !important;}\u00a0\u00bb el_class=\u00a0\u00bbmarg10&Prime;][vc_column_inner]<div class='q_icon_with_title tiny normal_icon '><div class=\"icon_holder \" style=\" \"><span data-icon-type=\"normal\" class=\"qode_iwt_icon_holder q_font_awsome_icon fa-lg  qode-type1-gradient-left-to-right-text\"><i class=\"qodef-icon-linea-icon icon-basic-mail-open qode_iwt_icon_element\"><\/i><\/span><\/div><div class=\"icon_text_holder\" style=\"\"><div class=\"icon_text_inner\" style=\"\"><h5 class=\"icon_title\" style=\"\"><\/h5><p style=''><\/p><a itemprop='url' class='icon_with_title_link' href='mailto:judit.steber@asjaudit.com' target='_self' style=''>judit.steber@asjaudit.com<\/a><\/div><\/div><\/div><div class='q_icon_with_title tiny normal_icon '><div class=\"icon_holder \" style=\" \"><span data-icon-type=\"normal\" class=\"qode_iwt_icon_holder q_font_awsome_icon fa-lg  qode-type1-gradient-left-to-right-text\"><i class=\"qodef-icon-linea-icon icon-basic-smartphone qode_iwt_icon_element\"><\/i><\/span><\/div><div class=\"icon_text_holder\" style=\"\"><div class=\"icon_text_inner\" style=\"\"><h5 class=\"icon_title\" style=\"\"><\/h5><p style=''><\/p><a itemprop='url' class='icon_with_title_link' href='tel:0036305957701' target='_self' style=''>+36 30 595 7701<\/a><\/div><\/div><\/div>[\/vc_column_inner][\/vc_row_inner][\/vc_column][vc_column width=\u00a0\u00bb2\/3&Prime;][vc_column_text css=\u00a0\u00bb.vc_custom_1601315181440{padding-top: 14px !important;}\u00a0\u00bb]<\/p>\n<h4>St\u00e9ber Judit<\/h4>\n<p>auditrice agr\u00e9\u00e9e, conseiller fiscal, comptable certifi\u00e9 (IFRS)[\/vc_column_text][vc_empty_space height=\u00a0\u00bb12px\u00a0\u00bb][vc_separator type=\u00a0\u00bbsmall\u00a0\u00bb position=\u00a0\u00bbleft\u00a0\u00bb gradient_color=\u00a0\u00bbyes\u00a0\u00bb color=\u00a0\u00bb#010101&Prime; thickness=\u00a0\u00bb1&Prime; width=\u00a0\u00bb66&Prime;][vc_empty_space height=\u00a0\u00bb7px\u00a0\u00bb][vc_row_inner row_type=\u00a0\u00bbrow\u00a0\u00bb type=\u00a0\u00bbfull_width\u00a0\u00bb text_align=\u00a0\u00bbleft\u00a0\u00bb css_animation=\u00a0\u00bb\u00a0\u00bb][vc_column_inner width=\u00a0\u00bb1\/2&Prime;][vc_column_text]Je dois ma passion du m\u00e9tier \u00e0 mon professeur de lyc\u00e9e, il est devenu clair \u00e0 ce moment-l\u00e0 que mon cheminement m\u00e8ne tout droit \u00e0 la comptabilit\u00e9. J&rsquo;ai atteint la 4<sup>e<\/sup> place au concours national de comptabilit\u00e9 (OSZTV) au lyc\u00e9e. J&rsquo;ai obtenu mon dipl\u00f4me en 2001.<\/p>\n<p>Apr\u00e8s quelques mois de travail en comptabilit\u00e9, j&rsquo;ai commenc\u00e9 ma carri\u00e8re d&rsquo;audit chez ITAG \u00d6KOLEX K\u00f6nyvvizsg\u00e1l\u00f3 Kft. Au cours des 3 ans y pass\u00e9s, en plus de mon travail d&rsquo;assistant audit, j&rsquo;ai \u00e9galement r\u00e9alis\u00e9 la comptabilit\u00e9 continue des petites soci\u00e9t\u00e9s. A la fin de 2004, j&rsquo;ai rejoint Metrum K\u00f6nyvszak\u00e9rt\u0151 Kft o\u00f9 j&rsquo;ai particip\u00e9 principalement \u00e0 l&rsquo;audit de filiales hongroises de grandes entreprises allemandes et autrichiennes, au cours duquel j&rsquo;ai pris connaissance de la particularit\u00e9 de nombreuses industries (production, construction, commerce et d\u00e9veloppement immobilier).[\/vc_column_text][\/vc_column_inner][vc_column_inner width=\u00a0\u00bb1\/2&Prime;][vc_column_text css=\u00a0\u00bb.vc_custom_1601315305365{padding-bottom: 14px !important;}\u00a0\u00bb]De plus, j&rsquo;ai acquis de l&rsquo;exp\u00e9rience en mati\u00e8re de due diligence fiscale, d&rsquo;audit des transformations (fusions, scissions), de pr\u00e9paration d&rsquo;un plan d&rsquo;affaires pluriannuel, de pr\u00e9paration de services de donn\u00e9es de consolidation (bas\u00e9s sur les normes IFRS et US GAAP) pour la soci\u00e9t\u00e9 m\u00e8re, d&rsquo;audit et de liquidation.\u00a0Entre 2006 et 2010, j&rsquo;ai approfondi mes connaissances chez Mazars Kft o\u00f9 j&rsquo;ai particip\u00e9 \u00e0 l&rsquo;audit de grandes entreprises et de comptes annuels consolid\u00e9s, \u00e0 la gestion des t\u00e2ches d&rsquo;audit, aux due diligences fiscales, \u00e0 l&rsquo;audit de la transmission \u00e0 la comptabilit\u00e9 de change et j\u2019ai pris connaissances dans de nouvelles industries (h\u00f4tellerie, transport).\u00a0Depuis 2010, j&rsquo;ai acquis des exp\u00e9riences suppl\u00e9mentaires chez SZM Audit Kft en audit ind\u00e9pendant des entreprises, conseil fiscal, audit des transformations et des appels d&rsquo;offres.<\/p>\n<p>Disponible en allemand et en anglais.[\/vc_column_text][\/vc_column_inner][\/vc_row_inner][\/vc_column][\/vc_row][vc_row css_animation=\u00a0\u00bb\u00a0\u00bb row_type=\u00a0\u00bbrow\u00a0\u00bb use_row_as_full_screen_section=\u00a0\u00bbno\u00a0\u00bb type=\u00a0\u00bbfull_width\u00a0\u00bb angled_section=\u00a0\u00bbno\u00a0\u00bb text_align=\u00a0\u00bbleft\u00a0\u00bb background_image_as_pattern=\u00a0\u00bbwithout_pattern\u00a0\u00bb z_index=\u00a0\u00bb\u00a0\u00bb padding_bottom=\u00a0\u00bb40&Prime;][vc_column][vc_column_text]<\/p>\n<div class=\"container\">\n<div class=\"container_inner clearfix\">\n<div class=\"portfolio_navigation navigation_title\">\n<div class=\"portfolio_prev\"><a href=\"https:\/\/asjaudit.com\/bemutatkozas\/\" rel=\"prev\"><i class=\"fa fa-angle-left\"><\/i><span class=\"post_info\"><span class=\"h5\">Bemutatkoz\u00e1s<\/span><\/span><\/a><\/div>\n<div class=\"portfolio_next\"><a href=\"https:\/\/asjaudit.com\/ertekek\/\" rel=\"next\"><span class=\"post_info\"><span class=\"h5\">\u00c9rt\u00e9kek<\/span><\/span><i class=\"fa fa-angle-right\"><\/i><\/a><\/div>\n<\/div>\n<\/div>\n<\/div>\n<p>[\/vc_column_text][\/vc_column][\/vc_row]<\/p>\n<\/div>","protected":false},"excerpt":{"rendered":"<p>[vc_row css_animation=\u00a0\u00bb\u00a0\u00bb row_type=\u00a0\u00bbrow\u00a0\u00bb use_row_as_full_screen_section=\u00a0\u00bbno\u00a0\u00bb type=\u00a0\u00bbgrid\u00a0\u00bb angled_section=\u00a0\u00bbno\u00a0\u00bb text_align=\u00a0\u00bbleft\u00a0\u00bb background_image_as_pattern=\u00a0\u00bbwithout_pattern\u00a0\u00bb z_index=\u00a0\u00bb\u00a0\u00bb][vc_column offset=\u00a0\u00bbvc_col-lg-offset-2 vc_col-lg-8&Prime;][qode_elements_holder number_of_columns=\u00a0\u00bbtwo_columns\u00a0\u00bb][qode_elements_holder_item advanced_animations=\u00a0\u00bbno\u00a0\u00bb item_padding=\u00a0\u00bb4em 6%&#8230;<\/p>\n","protected":false},"author":1,"featured_media":0,"parent":0,"menu_order":0,"comment_status":"closed","ping_status":"closed","template":"full_width.php","meta":{"footnotes":""},"class_list":["post-747","page","type-page","status-publish","hentry"],"yoast_head":"<!-- This site is optimized with the Yoast SEO plugin v27.3 - https:\/\/yoast.com\/product\/yoast-seo-wordpress\/ -->\n<title>Nos coll\u00e8gues - ASJ Audit<\/title>\n<meta name=\"robots\" content=\"index, follow, max-snippet:-1, max-image-preview:large, max-video-preview:-1\" \/>\n<link rel=\"canonical\" href=\"https:\/\/asjaudit.com\/fr\/nos-collegues\/\" \/>\n<meta property=\"og:locale\" content=\"fr_FR\" \/>\n<meta property=\"og:type\" content=\"article\" \/>\n<meta property=\"og:title\" content=\"Nos coll\u00e8gues - ASJ Audit\" \/>\n<meta property=\"og:description\" content=\"[vc_row css_animation=\u00a0\u00bb\u00a0\u00bb row_type=\u00a0\u00bbrow\u00a0\u00bb use_row_as_full_screen_section=\u00a0\u00bbno\u00a0\u00bb type=\u00a0\u00bbgrid\u00a0\u00bb angled_section=\u00a0\u00bbno\u00a0\u00bb text_align=\u00a0\u00bbleft\u00a0\u00bb background_image_as_pattern=\u00a0\u00bbwithout_pattern\u00a0\u00bb z_index=\u00a0\u00bb\u00a0\u00bb][vc_column offset=\u00a0\u00bbvc_col-lg-offset-2 vc_col-lg-8&Prime;][qode_elements_holder number_of_columns=\u00a0\u00bbtwo_columns\u00a0\u00bb][qode_elements_holder_item advanced_animations=\u00a0\u00bbno\u00a0\u00bb item_padding=\u00a0\u00bb4em 6%...\" \/>\n<meta property=\"og:url\" content=\"https:\/\/asjaudit.com\/fr\/nos-collegues\/\" \/>\n<meta property=\"og:site_name\" content=\"ASJ Audit\" \/>\n<meta name=\"twitter:card\" content=\"summary_large_image\" \/>\n<meta name=\"twitter:label1\" content=\"Dur\u00e9e de lecture estim\u00e9e\" \/>\n\t<meta name=\"twitter:data1\" content=\"7 minutes\" \/>\n<script type=\"application\/ld+json\" class=\"yoast-schema-graph\">{\"@context\":\"https:\\\/\\\/schema.org\",\"@graph\":[{\"@type\":\"WebPage\",\"@id\":\"https:\\\/\\\/asjaudit.com\\\/fr\\\/nos-collegues\\\/\",\"url\":\"https:\\\/\\\/asjaudit.com\\\/fr\\\/nos-collegues\\\/\",\"name\":\"Nos coll\u00e8gues - ASJ Audit\",\"isPartOf\":{\"@id\":\"https:\\\/\\\/asjaudit.com\\\/fr\\\/#website\"},\"datePublished\":\"2020-09-28T17:48:18+00:00\",\"breadcrumb\":{\"@id\":\"https:\\\/\\\/asjaudit.com\\\/fr\\\/nos-collegues\\\/#breadcrumb\"},\"inLanguage\":\"fr-FR\",\"potentialAction\":[{\"@type\":\"ReadAction\",\"target\":[\"https:\\\/\\\/asjaudit.com\\\/fr\\\/nos-collegues\\\/\"]}]},{\"@type\":\"BreadcrumbList\",\"@id\":\"https:\\\/\\\/asjaudit.com\\\/fr\\\/nos-collegues\\\/#breadcrumb\",\"itemListElement\":[{\"@type\":\"ListItem\",\"position\":1,\"name\":\"Home\",\"item\":\"https:\\\/\\\/asjaudit.com\\\/fr\\\/\"},{\"@type\":\"ListItem\",\"position\":2,\"name\":\"Nos coll\u00e8gues\"}]},{\"@type\":\"WebSite\",\"@id\":\"https:\\\/\\\/asjaudit.com\\\/fr\\\/#website\",\"url\":\"https:\\\/\\\/asjaudit.com\\\/fr\\\/\",\"name\":\"ASJ Audit\",\"description\":\"K\u00f6nyvvizsg\u00e1lat, \u00fczleti tan\u00e1csad\u00e1s\",\"potentialAction\":[{\"@type\":\"SearchAction\",\"target\":{\"@type\":\"EntryPoint\",\"urlTemplate\":\"https:\\\/\\\/asjaudit.com\\\/fr\\\/?s={search_term_string}\"},\"query-input\":{\"@type\":\"PropertyValueSpecification\",\"valueRequired\":true,\"valueName\":\"search_term_string\"}}],\"inLanguage\":\"fr-FR\"}]}<\/script>\n<!-- \/ Yoast SEO plugin. -->","yoast_head_json":{"title":"Nos coll\u00e8gues - ASJ Audit","robots":{"index":"index","follow":"follow","max-snippet":"max-snippet:-1","max-image-preview":"max-image-preview:large","max-video-preview":"max-video-preview:-1"},"canonical":"https:\/\/asjaudit.com\/fr\/nos-collegues\/","og_locale":"fr_FR","og_type":"article","og_title":"Nos coll\u00e8gues - ASJ Audit","og_description":"[vc_row css_animation=\u00a0\u00bb\u00a0\u00bb row_type=\u00a0\u00bbrow\u00a0\u00bb use_row_as_full_screen_section=\u00a0\u00bbno\u00a0\u00bb type=\u00a0\u00bbgrid\u00a0\u00bb angled_section=\u00a0\u00bbno\u00a0\u00bb text_align=\u00a0\u00bbleft\u00a0\u00bb background_image_as_pattern=\u00a0\u00bbwithout_pattern\u00a0\u00bb z_index=\u00a0\u00bb\u00a0\u00bb][vc_column offset=\u00a0\u00bbvc_col-lg-offset-2 vc_col-lg-8&Prime;][qode_elements_holder number_of_columns=\u00a0\u00bbtwo_columns\u00a0\u00bb][qode_elements_holder_item advanced_animations=\u00a0\u00bbno\u00a0\u00bb item_padding=\u00a0\u00bb4em 6%...","og_url":"https:\/\/asjaudit.com\/fr\/nos-collegues\/","og_site_name":"ASJ Audit","twitter_card":"summary_large_image","twitter_misc":{"Dur\u00e9e de lecture estim\u00e9e":"7 minutes"},"schema":{"@context":"https:\/\/schema.org","@graph":[{"@type":"WebPage","@id":"https:\/\/asjaudit.com\/fr\/nos-collegues\/","url":"https:\/\/asjaudit.com\/fr\/nos-collegues\/","name":"Nos coll\u00e8gues - ASJ Audit","isPartOf":{"@id":"https:\/\/asjaudit.com\/fr\/#website"},"datePublished":"2020-09-28T17:48:18+00:00","breadcrumb":{"@id":"https:\/\/asjaudit.com\/fr\/nos-collegues\/#breadcrumb"},"inLanguage":"fr-FR","potentialAction":[{"@type":"ReadAction","target":["https:\/\/asjaudit.com\/fr\/nos-collegues\/"]}]},{"@type":"BreadcrumbList","@id":"https:\/\/asjaudit.com\/fr\/nos-collegues\/#breadcrumb","itemListElement":[{"@type":"ListItem","position":1,"name":"Home","item":"https:\/\/asjaudit.com\/fr\/"},{"@type":"ListItem","position":2,"name":"Nos coll\u00e8gues"}]},{"@type":"WebSite","@id":"https:\/\/asjaudit.com\/fr\/#website","url":"https:\/\/asjaudit.com\/fr\/","name":"ASJ Audit","description":"K\u00f6nyvvizsg\u00e1lat, \u00fczleti tan\u00e1csad\u00e1s","potentialAction":[{"@type":"SearchAction","target":{"@type":"EntryPoint","urlTemplate":"https:\/\/asjaudit.com\/fr\/?s={search_term_string}"},"query-input":{"@type":"PropertyValueSpecification","valueRequired":true,"valueName":"search_term_string"}}],"inLanguage":"fr-FR"}]}},"_links":{"self":[{"href":"https:\/\/asjaudit.com\/fr\/wp-json\/wp\/v2\/pages\/747","targetHints":{"allow":["GET"]}}],"collection":[{"href":"https:\/\/asjaudit.com\/fr\/wp-json\/wp\/v2\/pages"}],"about":[{"href":"https:\/\/asjaudit.com\/fr\/wp-json\/wp\/v2\/types\/page"}],"author":[{"embeddable":true,"href":"https:\/\/asjaudit.com\/fr\/wp-json\/wp\/v2\/users\/1"}],"replies":[{"embeddable":true,"href":"https:\/\/asjaudit.com\/fr\/wp-json\/wp\/v2\/comments?post=747"}],"version-history":[{"count":6,"href":"https:\/\/asjaudit.com\/fr\/wp-json\/wp\/v2\/pages\/747\/revisions"}],"predecessor-version":[{"id":757,"href":"https:\/\/asjaudit.com\/fr\/wp-json\/wp\/v2\/pages\/747\/revisions\/757"}],"wp:attachment":[{"href":"https:\/\/asjaudit.com\/fr\/wp-json\/wp\/v2\/media?parent=747"}],"curies":[{"name":"wp","href":"https:\/\/api.w.org\/{rel}","templated":true}]}}