{"id":758,"date":"2020-09-28T17:51:26","date_gmt":"2020-09-28T17:51:26","guid":{"rendered":"http:\/\/asjaudit.com\/?page_id=758"},"modified":"2020-09-28T17:51:26","modified_gmt":"2020-09-28T17:51:26","slug":"valeurs","status":"publish","type":"page","link":"https:\/\/asjaudit.com\/fr\/valeurs\/","title":{"rendered":"Valeurs"},"content":{"rendered":"<div class=\"wpb-content-wrapper\"><p>[vc_row css_animation=\u00a0\u00bb\u00a0\u00bb row_type=\u00a0\u00bbrow\u00a0\u00bb use_row_as_full_screen_section=\u00a0\u00bbno\u00a0\u00bb type=\u00a0\u00bbfull_width\u00a0\u00bb angled_section=\u00a0\u00bbno\u00a0\u00bb text_align=\u00a0\u00bbleft\u00a0\u00bb background_image_as_pattern=\u00a0\u00bbwithout_pattern\u00a0\u00bb css=\u00a0\u00bb.vc_custom_1587459435136{padding-top: 4em !important;padding-bottom: 2em !important;}\u00a0\u00bb z_index=\u00a0\u00bb\u00a0\u00bb][vc_column width=\u00a0\u00bb1\/2&Prime; css=\u00a0\u00bb.vc_custom_1587459479281{padding-top: 40px !important;padding-right: 0px !important;padding-bottom: 40px !important;padding-left: 0px !important;}\u00a0\u00bb offset=\u00a0\u00bbvc_col-lg-offset-2 vc_col-lg-4&Prime; el_class=\u00a0\u00bbnomargintop\u00a0\u00bb][vc_single_image image=\u00a0\u00bb761&Prime; img_size=\u00a0\u00bbfull\u00a0\u00bb qode_css_animation=\u00a0\u00bb\u00a0\u00bb][\/vc_column][vc_column width=\u00a0\u00bb1\/2&Prime; css=\u00a0\u00bb.vc_custom_1587459501378{padding-right: 0px !important;padding-bottom: 0px !important;padding-left: 6% !important;}\u00a0\u00bb offset=\u00a0\u00bbvc_col-lg-4&Prime;][vc_column_text]<\/p>\n<h1>Valeurs<\/h1>\n<p>[\/vc_column_text][vc_empty_space height=\u00a0\u00bb22px\u00a0\u00bb][vc_separator type=\u00a0\u00bbsmall\u00a0\u00bb position=\u00a0\u00bbleft\u00a0\u00bb gradient_color=\u00a0\u00bbyes\u00a0\u00bb color=\u00a0\u00bb#010101&Prime; thickness=\u00a0\u00bb1&Prime; width=\u00a0\u00bb66&Prime;][vc_empty_space height=\u00a0\u00bb15px\u00a0\u00bb][vc_accordion style=\u00a0\u00bbaccordion\u00a0\u00bb][vc_accordion_tab title=\u00a0\u00bbInd\u00e9pendance\u00a0\u00bb el_id=\u00a0\u00bbfuggetlenseg\u00a0\u00bb][vc_column_text]Nous nous effor\u00e7ons de servir la confiance de nos clients par notre travail transparent et communication claire, en gardant \u00e0 l&rsquo;esprit les normes professionnelles et les r\u00e9glementations l\u00e9gales. Nous prenons au s\u00e9rieux l&rsquo;objectif de notre mission de fournir une opinion objective et cr\u00e9dible sur la situation financi\u00e8re et de revenu de nos clients.[\/vc_column_text][\/vc_accordion_tab][vc_accordion_tab title=\u00a0\u00bbProfessionnalisme\u00a0\u00bb el_id=\u00a0\u00bbszakmai\u00a0\u00bb][vc_column_text]Nous accordons une grande importance au d\u00e9veloppement continu de nos connaissances professionnelles. En plus de la formation obligatoire, nous assistons chaque ann\u00e9e aux conf\u00e9rences IFRS (International Financial Reporting Standards) et fiscales et nous suivons \u00e9galement les innovations professionnelles dans le domaine du d\u00e9veloppement organisationnel et de RH. Nous acceptons les mandats seulement dans le cas o\u00f9 nous avons une expertise suffisante et ad\u00e9quate et nous sommes en mesure de les effectuer \u00e0 temps, incluant la planification des travaux d&rsquo;audit, l&rsquo;audit et la documentation de notre travail.[\/vc_column_text][\/vc_accordion_tab][vc_accordion_tab title=\u00a0\u00bbCoop\u00e9ration\u00a0\u00bb el_id=\u00a0\u00bbegyuttmukodes\u00a0\u00bb][vc_column_text]Nos partenaires d&rsquo;audit participent personnellement aux inspections sur place, \u00e9valuent l&rsquo;activit\u00e9 commerciale, l&rsquo;environnement comptable et informatique lors des nouvelles mandats. Nous portons une attention particuli\u00e8re aux attentes de nos clients, en gardant \u00e0 l&rsquo;esprit les d\u00e9lais et les aspects du contr\u00f4le qualit\u00e9 professionnel.[\/vc_column_text][\/vc_accordion_tab][vc_accordion_tab title=\u00a0\u00bbFiabilit\u00e9\u00a0\u00bb el_id=\u00a0\u00bbmegbizhatosag\u00a0\u00bb][vc_column_text]Les activit\u00e9s d\u2019audit et de conseil n\u00e9cessitent un travail responsable et de qualit\u00e9. Nous tirons les conclusions appropri\u00e9es des rapports financiers en \u00e9valuant les risques et en appliquant des proc\u00e9dures d&rsquo;audit convenable. De plus, notre objectif est de respecter des d\u00e9lais de cl\u00f4ture serr\u00e9s et des obligations de d\u00e9claration \u00e0 temps.[\/vc_column_text][\/vc_accordion_tab][vc_accordion_tab title=\u00a0\u00bbTResponsabilit\u00e9 sociale\u00a0\u00bb el_id=\u00a0\u00bbtarsadalmi\u00a0\u00bb][vc_column_text]Notre entreprise s&rsquo;engage \u00e0 soutenir les entreprises hongroises, les organisations \u00e0 but non lucratif et les artistes. Conform\u00e9ment \u00e0 cet objectif, nous choisissons le mat\u00e9riel visuel de notre site web des \u0153uvres d&rsquo;artistes contemporains hongrois avec un renouvellement semestriel en coop\u00e9ration avec <a href=\"http:\/\/www.haromhet.hu\/\" target=\"_blank\" rel=\"noopener noreferrer\">H\u00e1rom H\u00e9t Gal\u00e9ria<\/a> sur la rue B\u00e9la Bart\u00f3k.[\/vc_column_text][\/vc_accordion_tab][\/vc_accordion][\/vc_column][\/vc_row][vc_row css_animation=\u00a0\u00bb\u00a0\u00bb row_type=\u00a0\u00bbrow\u00a0\u00bb use_row_as_full_screen_section=\u00a0\u00bbno\u00a0\u00bb type=\u00a0\u00bbfull_width\u00a0\u00bb angled_section=\u00a0\u00bbno\u00a0\u00bb text_align=\u00a0\u00bbleft\u00a0\u00bb background_image_as_pattern=\u00a0\u00bbwithout_pattern\u00a0\u00bb z_index=\u00a0\u00bb\u00a0\u00bb padding_bottom=\u00a0\u00bb40&Prime;][vc_column][vc_column_text]<\/p>\n<div class=\"container\">\n<div class=\"container_inner clearfix\">\n<div class=\"portfolio_navigation navigation_title\">\n<div class=\"portfolio_prev\"><a href=\"https:\/\/asjaudit.com\/munkatarsaink\/\" rel=\"prev\"><i class=\"fa fa-angle-left\"><\/i><span class=\"post_info\"><span class=\"h5\">Munkat\u00e1rsaink<\/span><\/span><\/a><\/div>\n<div class=\"portfolio_next\"><a href=\"https:\/\/asjaudit.com\/bemutatkozas\/\" rel=\"next\"><span class=\"post_info\"><span class=\"h5\">Bemutatkoz\u00e1s<\/span><\/span><i class=\"fa fa-angle-right\"><\/i><\/a><\/div>\n<\/div>\n<\/div>\n<\/div>\n<p>[\/vc_column_text][\/vc_column][\/vc_row]<\/p>\n<\/div>","protected":false},"excerpt":{"rendered":"<p>[vc_row css_animation=\u00a0\u00bb\u00a0\u00bb row_type=\u00a0\u00bbrow\u00a0\u00bb use_row_as_full_screen_section=\u00a0\u00bbno\u00a0\u00bb type=\u00a0\u00bbfull_width\u00a0\u00bb angled_section=\u00a0\u00bbno\u00a0\u00bb text_align=\u00a0\u00bbleft\u00a0\u00bb background_image_as_pattern=\u00a0\u00bbwithout_pattern\u00a0\u00bb css=\u00a0\u00bb.vc_custom_1587459435136{padding-top: 4em !important;padding-bottom: 2em !important;}\u00a0\u00bb z_index=\u00a0\u00bb\u00a0\u00bb][vc_column width=\u00a0\u00bb1\/2&Prime;&#8230;<\/p>\n","protected":false},"author":1,"featured_media":0,"parent":0,"menu_order":0,"comment_status":"closed","ping_status":"closed","template":"full_width.php","meta":{"footnotes":""},"class_list":["post-758","page","type-page","status-publish","hentry"],"yoast_head":"<!-- This site is optimized with the Yoast SEO plugin v27.3 - https:\/\/yoast.com\/product\/yoast-seo-wordpress\/ -->\n<title>Valeurs - ASJ Audit<\/title>\n<meta name=\"robots\" content=\"index, follow, max-snippet:-1, max-image-preview:large, max-video-preview:-1\" \/>\n<link rel=\"canonical\" href=\"https:\/\/asjaudit.com\/fr\/valeurs\/\" \/>\n<meta property=\"og:locale\" content=\"fr_FR\" \/>\n<meta property=\"og:type\" content=\"article\" \/>\n<meta property=\"og:title\" content=\"Valeurs - ASJ Audit\" \/>\n<meta property=\"og:description\" content=\"[vc_row css_animation=\u00a0\u00bb\u00a0\u00bb row_type=\u00a0\u00bbrow\u00a0\u00bb use_row_as_full_screen_section=\u00a0\u00bbno\u00a0\u00bb type=\u00a0\u00bbfull_width\u00a0\u00bb angled_section=\u00a0\u00bbno\u00a0\u00bb text_align=\u00a0\u00bbleft\u00a0\u00bb background_image_as_pattern=\u00a0\u00bbwithout_pattern\u00a0\u00bb css=\u00a0\u00bb.vc_custom_1587459435136{padding-top: 4em !important;padding-bottom: 2em !important;}\u00a0\u00bb z_index=\u00a0\u00bb\u00a0\u00bb][vc_column width=\u00a0\u00bb1\/2&Prime;...\" \/>\n<meta property=\"og:url\" content=\"https:\/\/asjaudit.com\/fr\/valeurs\/\" \/>\n<meta property=\"og:site_name\" content=\"ASJ Audit\" \/>\n<meta name=\"twitter:card\" content=\"summary_large_image\" \/>\n<meta name=\"twitter:label1\" content=\"Dur\u00e9e de lecture estim\u00e9e\" \/>\n\t<meta name=\"twitter:data1\" content=\"3 minutes\" \/>\n<script type=\"application\/ld+json\" class=\"yoast-schema-graph\">{\"@context\":\"https:\\\/\\\/schema.org\",\"@graph\":[{\"@type\":\"WebPage\",\"@id\":\"https:\\\/\\\/asjaudit.com\\\/fr\\\/valeurs\\\/\",\"url\":\"https:\\\/\\\/asjaudit.com\\\/fr\\\/valeurs\\\/\",\"name\":\"Valeurs - ASJ Audit\",\"isPartOf\":{\"@id\":\"https:\\\/\\\/asjaudit.com\\\/fr\\\/#website\"},\"datePublished\":\"2020-09-28T17:51:26+00:00\",\"breadcrumb\":{\"@id\":\"https:\\\/\\\/asjaudit.com\\\/fr\\\/valeurs\\\/#breadcrumb\"},\"inLanguage\":\"fr-FR\",\"potentialAction\":[{\"@type\":\"ReadAction\",\"target\":[\"https:\\\/\\\/asjaudit.com\\\/fr\\\/valeurs\\\/\"]}]},{\"@type\":\"BreadcrumbList\",\"@id\":\"https:\\\/\\\/asjaudit.com\\\/fr\\\/valeurs\\\/#breadcrumb\",\"itemListElement\":[{\"@type\":\"ListItem\",\"position\":1,\"name\":\"Home\",\"item\":\"https:\\\/\\\/asjaudit.com\\\/fr\\\/\"},{\"@type\":\"ListItem\",\"position\":2,\"name\":\"Valeurs\"}]},{\"@type\":\"WebSite\",\"@id\":\"https:\\\/\\\/asjaudit.com\\\/fr\\\/#website\",\"url\":\"https:\\\/\\\/asjaudit.com\\\/fr\\\/\",\"name\":\"ASJ Audit\",\"description\":\"K\u00f6nyvvizsg\u00e1lat, \u00fczleti tan\u00e1csad\u00e1s\",\"potentialAction\":[{\"@type\":\"SearchAction\",\"target\":{\"@type\":\"EntryPoint\",\"urlTemplate\":\"https:\\\/\\\/asjaudit.com\\\/fr\\\/?s={search_term_string}\"},\"query-input\":{\"@type\":\"PropertyValueSpecification\",\"valueRequired\":true,\"valueName\":\"search_term_string\"}}],\"inLanguage\":\"fr-FR\"}]}<\/script>\n<!-- \/ Yoast SEO plugin. -->","yoast_head_json":{"title":"Valeurs - ASJ Audit","robots":{"index":"index","follow":"follow","max-snippet":"max-snippet:-1","max-image-preview":"max-image-preview:large","max-video-preview":"max-video-preview:-1"},"canonical":"https:\/\/asjaudit.com\/fr\/valeurs\/","og_locale":"fr_FR","og_type":"article","og_title":"Valeurs - ASJ Audit","og_description":"[vc_row css_animation=\u00a0\u00bb\u00a0\u00bb row_type=\u00a0\u00bbrow\u00a0\u00bb use_row_as_full_screen_section=\u00a0\u00bbno\u00a0\u00bb type=\u00a0\u00bbfull_width\u00a0\u00bb angled_section=\u00a0\u00bbno\u00a0\u00bb text_align=\u00a0\u00bbleft\u00a0\u00bb background_image_as_pattern=\u00a0\u00bbwithout_pattern\u00a0\u00bb css=\u00a0\u00bb.vc_custom_1587459435136{padding-top: 4em !important;padding-bottom: 2em !important;}\u00a0\u00bb z_index=\u00a0\u00bb\u00a0\u00bb][vc_column width=\u00a0\u00bb1\/2&Prime;...","og_url":"https:\/\/asjaudit.com\/fr\/valeurs\/","og_site_name":"ASJ Audit","twitter_card":"summary_large_image","twitter_misc":{"Dur\u00e9e de lecture estim\u00e9e":"3 minutes"},"schema":{"@context":"https:\/\/schema.org","@graph":[{"@type":"WebPage","@id":"https:\/\/asjaudit.com\/fr\/valeurs\/","url":"https:\/\/asjaudit.com\/fr\/valeurs\/","name":"Valeurs - ASJ Audit","isPartOf":{"@id":"https:\/\/asjaudit.com\/fr\/#website"},"datePublished":"2020-09-28T17:51:26+00:00","breadcrumb":{"@id":"https:\/\/asjaudit.com\/fr\/valeurs\/#breadcrumb"},"inLanguage":"fr-FR","potentialAction":[{"@type":"ReadAction","target":["https:\/\/asjaudit.com\/fr\/valeurs\/"]}]},{"@type":"BreadcrumbList","@id":"https:\/\/asjaudit.com\/fr\/valeurs\/#breadcrumb","itemListElement":[{"@type":"ListItem","position":1,"name":"Home","item":"https:\/\/asjaudit.com\/fr\/"},{"@type":"ListItem","position":2,"name":"Valeurs"}]},{"@type":"WebSite","@id":"https:\/\/asjaudit.com\/fr\/#website","url":"https:\/\/asjaudit.com\/fr\/","name":"ASJ Audit","description":"K\u00f6nyvvizsg\u00e1lat, \u00fczleti tan\u00e1csad\u00e1s","potentialAction":[{"@type":"SearchAction","target":{"@type":"EntryPoint","urlTemplate":"https:\/\/asjaudit.com\/fr\/?s={search_term_string}"},"query-input":{"@type":"PropertyValueSpecification","valueRequired":true,"valueName":"search_term_string"}}],"inLanguage":"fr-FR"}]}},"_links":{"self":[{"href":"https:\/\/asjaudit.com\/fr\/wp-json\/wp\/v2\/pages\/758","targetHints":{"allow":["GET"]}}],"collection":[{"href":"https:\/\/asjaudit.com\/fr\/wp-json\/wp\/v2\/pages"}],"about":[{"href":"https:\/\/asjaudit.com\/fr\/wp-json\/wp\/v2\/types\/page"}],"author":[{"embeddable":true,"href":"https:\/\/asjaudit.com\/fr\/wp-json\/wp\/v2\/users\/1"}],"replies":[{"embeddable":true,"href":"https:\/\/asjaudit.com\/fr\/wp-json\/wp\/v2\/comments?post=758"}],"version-history":[{"count":2,"href":"https:\/\/asjaudit.com\/fr\/wp-json\/wp\/v2\/pages\/758\/revisions"}],"predecessor-version":[{"id":764,"href":"https:\/\/asjaudit.com\/fr\/wp-json\/wp\/v2\/pages\/758\/revisions\/764"}],"wp:attachment":[{"href":"https:\/\/asjaudit.com\/fr\/wp-json\/wp\/v2\/media?parent=758"}],"curies":[{"name":"wp","href":"https:\/\/api.w.org\/{rel}","templated":true}]}}