{"id":778,"date":"2020-09-28T17:59:05","date_gmt":"2020-09-28T17:59:05","guid":{"rendered":"http:\/\/asjaudit.com\/?page_id=778"},"modified":"2025-06-18T08:31:52","modified_gmt":"2025-06-18T08:31:52","slug":"services","status":"publish","type":"page","link":"https:\/\/asjaudit.com\/fr\/services\/","title":{"rendered":"Services"},"content":{"rendered":"<div class=\"wpb-content-wrapper\"><p>[vc_row css_animation=\u00a0\u00bb\u00a0\u00bb row_type=\u00a0\u00bbrow\u00a0\u00bb use_row_as_full_screen_section=\u00a0\u00bbno\u00a0\u00bb type=\u00a0\u00bbgrid\u00a0\u00bb angled_section=\u00a0\u00bbno\u00a0\u00bb text_align=\u00a0\u00bbleft\u00a0\u00bb background_image_as_pattern=\u00a0\u00bbwithout_pattern\u00a0\u00bb z_index=\u00a0\u00bb\u00a0\u00bb transition_delay=\u00a0\u00bb500&Prime; css=\u00a0\u00bb.vc_custom_1587370442752{padding-top: 4em !important;padding-bottom: 3em !important;}\u00a0\u00bb][vc_column offset=\u00a0\u00bbvc_col-lg-4 vc_col-md-12&Prime; css=\u00a0\u00bb.vc_custom_1587374050461{padding-top: 3em !important;}\u00a0\u00bb el_class=\u00a0\u00bbnomargintop\u00a0\u00bb][vc_column_text css=\u00a0\u00bb\u00a0\u00bb]<\/p>\n<h2>Services<\/h2>\n<p>[\/vc_column_text][vc_empty_space height=\u00a0\u00bb15px\u00a0\u00bb][vc_separator type=\u00a0\u00bbsmall\u00a0\u00bb position=\u00a0\u00bbleft\u00a0\u00bb gradient_color=\u00a0\u00bbyes\u00a0\u00bb color=\u00a0\u00bb#000000&Prime; transparency=\u00a0\u00bb1&Prime; thickness=\u00a0\u00bb1&Prime; width=\u00a0\u00bb91&Prime;][vc_column_text]Nous effectuons des t\u00e2ches d&rsquo;experts financiers, comptables et fiscaux en profondeur selon les besoins de nos clients, que ce soit dans le domaine du contr\u00f4le l\u00e9gal des comptes, de la due diligence d&rsquo;entreprise ou du conseil ad hoc.[\/vc_column_text][vc_empty_space height=\u00a0\u00bb40px\u00a0\u00bb][\/vc_column][vc_column width=\u00a0\u00bb1\/2&Prime; offset=\u00a0\u00bbvc_col-lg-4 vc_col-md-6&Prime;]<div class=\"q_image_with_text_over q_iwto_hover\"><div class=\"shader\" style=\"background-color: #009FE399\"><\/div><div class=\"shader_hover\" style=\"background-color: #009FE3\"><\/div><img decoding=\"async\" itemprop=\"image\" src=\"https:\/\/asjaudit.com\/wp-content\/uploads\/2025\/05\/DSC0850_01.jpg\" alt=\"immeuble de bureaux - d\u00e9tail-1\" \/><div class=\"text\"><table><tr><td><span aria-hidden=\"true\" class=\"qode_icon_font_elegant icon_search_alt icon_holder fa-3x\" style=\"\" ><\/span><h6 class=\"caption \" style=\"font-size: 20px;\">Audit<\/h6><\/td><\/tr><\/table><table><tr><td><div class=\"desc\"><\/p>\n<div class=\"wpb_text_column wpb_content_element vc_custom_1586246426695\">\n<div class=\"wpb_wrapper\">\n<p>En tant qu&rsquo;auditeurs, nous fournissons des opinions professionnelles ind\u00e9pendantes et objectives sur les comptes des entreprises individuelles.<\/p>\n<\/div>\n<\/div>\n<p><a  itemprop=\"url\" href=\"https:\/\/asjaudit.com\/fr\/portfolio_page\/audit\/\" target=\"_self\"  class=\"qbutton  small white default\" style=\"\">EN SAVOIR PLUS<\/a><\/div><\/td><\/tr><\/table><\/div><\/div>[vc_empty_space height=\u00a0\u00bb40px\u00a0\u00bb]<div class=\"q_image_with_text_over q_iwto_hover\"><div class=\"shader\" style=\"background-color: #009FE399\"><\/div><div class=\"shader_hover\" style=\"background-color: #009FE3\"><\/div><img decoding=\"async\" itemprop=\"image\" src=\"https:\/\/asjaudit.com\/wp-content\/uploads\/2025\/05\/DSC0850_03.jpg\" alt=\"immeuble de bureaux - d\u00e9tail-3\" \/><div class=\"text\"><table><tr><td><span aria-hidden=\"true\" class=\"qode_icon_font_elegant icon_calulator icon_holder fa-3x\" style=\"\" ><\/span><h6 class=\"caption \" style=\"font-size: 20px;\">Surveillance de la comptabilit\u00e9<\/h6><\/td><\/tr><\/table><table><tr><td><div class=\"desc\"><\/p>\n<div class=\"wpb_text_column wpb_content_element vc_custom_1586246426695\">\n<div class=\"wpb_wrapper\">\n<p>De nos jours, de plus en plus de soci\u00e9t\u00e9s sont confront\u00e9es \u00e0 des p\u00e9nuries de main-d&rsquo;\u0153uvre li\u00e9es \u00e0 des postes financiers et comptables.<\/p>\n<\/div>\n<\/div>\n<p><a  itemprop=\"url\" href=\"https:\/\/asjaudit.com\/fr\/portfolio_page\/surveillance-de-la-comptabilite\/\" target=\"_self\"  class=\"qbutton  small white default\" style=\"\">EN SAVOIR PLUS<\/a><\/div><\/td><\/tr><\/table><\/div><\/div>[vc_empty_space height=\u00a0\u00bb40px\u00a0\u00bb][\/vc_column][vc_column width=\u00a0\u00bb1\/2&Prime; offset=\u00a0\u00bbvc_col-lg-4 vc_col-md-6&Prime;]<div class=\"q_image_with_text_over q_iwto_hover\"><div class=\"shader\" style=\"background-color: #009FE399\"><\/div><div class=\"shader_hover\" style=\"background-color: #009FE3\"><\/div><img decoding=\"async\" itemprop=\"image\" src=\"https:\/\/asjaudit.com\/wp-content\/uploads\/2025\/05\/DSC0850_02.jpg\" alt=\"immeuble de bureaux - d\u00e9tail-2\" \/><div class=\"text\"><table><tr><td><span aria-hidden=\"true\" class=\"qode_icon_font_elegant icon_easel icon_holder fa-3x\" style=\"\" ><\/span><h6 class=\"caption \" style=\"font-size: 20px;\">Conseil de gestion<\/h6><\/td><\/tr><\/table><table><tr><td><div class=\"desc\"><\/p>\n<div class=\"wpb_text_column wpb_content_element vc_custom_1586246426695\">\n<div class=\"wpb_wrapper\">\n<p>Sur la base de nos connaissances comptables et fiscales, nous fournissons des conseils commerciaux \u00e0 nos partenaires.<\/p>\n<\/div>\n<\/div>\n<p><a  itemprop=\"url\" href=\"https:\/\/asjaudit.com\/fr\/portfolio_page\/conseil-de-gestion\/\" target=\"_self\"  class=\"qbutton  small white default\" style=\"\">EN SAVOIR PLUS<\/a><\/div><\/td><\/tr><\/table><\/div><\/div>[vc_empty_space height=\u00a0\u00bb40px\u00a0\u00bb]<div class=\"q_image_with_text_over q_iwto_hover\"><div class=\"shader\" style=\"background-color: #009FE399\"><\/div><div class=\"shader_hover\" style=\"background-color: #009FE3\"><\/div><img decoding=\"async\" itemprop=\"image\" src=\"https:\/\/asjaudit.com\/wp-content\/uploads\/2025\/05\/DSC0850_04.jpg\" alt=\"immeuble de bureaux - d\u00e9tail-4\" \/><div class=\"text\"><table><tr><td><span aria-hidden=\"true\" class=\"qode_icon_font_elegant icon_lightbulb_alt icon_holder fa-3x\" style=\"\" ><\/span><h6 class=\"caption \" style=\"font-size: 20px;\">Due Diligence<\/h6><\/td><\/tr><\/table><table><tr><td><div class=\"desc\"><\/p>\n<div class=\"wpb_text_column wpb_content_element vc_custom_1586246426695\">\n<div class=\"wpb_wrapper\">\n<div class=\"wpb_text_column wpb_content_element vc_custom_1586283623944\">\n<div class=\"wpb_wrapper\">\n<p>\u00c0 la demande de la direction, nous effectuons un contr\u00f4le pr\u00e9alable des documents comptables en vue de pr\u00e9parer les d\u00e9cisions d&rsquo;acquisition et d&rsquo;investissement.<\/p>\n<\/div>\n<\/div>\n<\/div>\n<\/div>\n<p><a  itemprop=\"url\" href=\"https:\/\/asjaudit.com\/fr\/portfolio_page\/due-diligence\/\" target=\"_self\"  class=\"qbutton  small white default\" style=\"\">EN SAVOIR PLUS<\/a><\/div><\/td><\/tr><\/table><\/div><\/div>[vc_empty_space height=\u00a0\u00bb40px\u00a0\u00bb][\/vc_column][\/vc_row]<\/p>\n<\/div>","protected":false},"excerpt":{"rendered":"<p>[vc_row css_animation=\u00a0\u00bb\u00a0\u00bb row_type=\u00a0\u00bbrow\u00a0\u00bb use_row_as_full_screen_section=\u00a0\u00bbno\u00a0\u00bb type=\u00a0\u00bbgrid\u00a0\u00bb angled_section=\u00a0\u00bbno\u00a0\u00bb text_align=\u00a0\u00bbleft\u00a0\u00bb background_image_as_pattern=\u00a0\u00bbwithout_pattern\u00a0\u00bb z_index=\u00a0\u00bb\u00a0\u00bb transition_delay=\u00a0\u00bb500&Prime; css=\u00a0\u00bb.vc_custom_1587370442752{padding-top: 4em !important;padding-bottom: 3em !important;}\u00a0\u00bb][vc_column&#8230;<\/p>\n","protected":false},"author":1,"featured_media":0,"parent":0,"menu_order":0,"comment_status":"closed","ping_status":"closed","template":"full_width.php","meta":{"footnotes":""},"class_list":["post-778","page","type-page","status-publish","hentry"],"yoast_head":"<!-- This site is optimized with the Yoast SEO plugin v27.3 - https:\/\/yoast.com\/product\/yoast-seo-wordpress\/ -->\n<title>Services - ASJ Audit<\/title>\n<meta name=\"robots\" content=\"index, follow, max-snippet:-1, max-image-preview:large, max-video-preview:-1\" \/>\n<link rel=\"canonical\" href=\"https:\/\/asjaudit.com\/fr\/services\/\" \/>\n<meta property=\"og:locale\" content=\"fr_FR\" \/>\n<meta property=\"og:type\" content=\"article\" \/>\n<meta property=\"og:title\" content=\"Services - ASJ Audit\" \/>\n<meta property=\"og:description\" content=\"[vc_row css_animation=\u00a0\u00bb\u00a0\u00bb row_type=\u00a0\u00bbrow\u00a0\u00bb use_row_as_full_screen_section=\u00a0\u00bbno\u00a0\u00bb type=\u00a0\u00bbgrid\u00a0\u00bb angled_section=\u00a0\u00bbno\u00a0\u00bb text_align=\u00a0\u00bbleft\u00a0\u00bb background_image_as_pattern=\u00a0\u00bbwithout_pattern\u00a0\u00bb z_index=\u00a0\u00bb\u00a0\u00bb transition_delay=\u00a0\u00bb500&Prime; css=\u00a0\u00bb.vc_custom_1587370442752{padding-top: 4em !important;padding-bottom: 3em !important;}\u00a0\u00bb][vc_column...\" \/>\n<meta property=\"og:url\" content=\"https:\/\/asjaudit.com\/fr\/services\/\" \/>\n<meta property=\"og:site_name\" content=\"ASJ Audit\" \/>\n<meta property=\"article:modified_time\" content=\"2025-06-18T08:31:52+00:00\" \/>\n<meta name=\"twitter:card\" content=\"summary_large_image\" \/>\n<meta name=\"twitter:label1\" content=\"Dur\u00e9e de lecture estim\u00e9e\" \/>\n\t<meta name=\"twitter:data1\" content=\"3 minutes\" \/>\n<script type=\"application\/ld+json\" class=\"yoast-schema-graph\">{\"@context\":\"https:\\\/\\\/schema.org\",\"@graph\":[{\"@type\":\"WebPage\",\"@id\":\"https:\\\/\\\/asjaudit.com\\\/fr\\\/services\\\/\",\"url\":\"https:\\\/\\\/asjaudit.com\\\/fr\\\/services\\\/\",\"name\":\"Services - ASJ Audit\",\"isPartOf\":{\"@id\":\"https:\\\/\\\/asjaudit.com\\\/fr\\\/#website\"},\"datePublished\":\"2020-09-28T17:59:05+00:00\",\"dateModified\":\"2025-06-18T08:31:52+00:00\",\"breadcrumb\":{\"@id\":\"https:\\\/\\\/asjaudit.com\\\/fr\\\/services\\\/#breadcrumb\"},\"inLanguage\":\"fr-FR\",\"potentialAction\":[{\"@type\":\"ReadAction\",\"target\":[\"https:\\\/\\\/asjaudit.com\\\/fr\\\/services\\\/\"]}]},{\"@type\":\"BreadcrumbList\",\"@id\":\"https:\\\/\\\/asjaudit.com\\\/fr\\\/services\\\/#breadcrumb\",\"itemListElement\":[{\"@type\":\"ListItem\",\"position\":1,\"name\":\"Home\",\"item\":\"https:\\\/\\\/asjaudit.com\\\/fr\\\/\"},{\"@type\":\"ListItem\",\"position\":2,\"name\":\"Services\"}]},{\"@type\":\"WebSite\",\"@id\":\"https:\\\/\\\/asjaudit.com\\\/fr\\\/#website\",\"url\":\"https:\\\/\\\/asjaudit.com\\\/fr\\\/\",\"name\":\"ASJ Audit\",\"description\":\"K\u00f6nyvvizsg\u00e1lat, \u00fczleti tan\u00e1csad\u00e1s\",\"potentialAction\":[{\"@type\":\"SearchAction\",\"target\":{\"@type\":\"EntryPoint\",\"urlTemplate\":\"https:\\\/\\\/asjaudit.com\\\/fr\\\/?s={search_term_string}\"},\"query-input\":{\"@type\":\"PropertyValueSpecification\",\"valueRequired\":true,\"valueName\":\"search_term_string\"}}],\"inLanguage\":\"fr-FR\"}]}<\/script>\n<!-- \/ Yoast SEO plugin. -->","yoast_head_json":{"title":"Services - ASJ Audit","robots":{"index":"index","follow":"follow","max-snippet":"max-snippet:-1","max-image-preview":"max-image-preview:large","max-video-preview":"max-video-preview:-1"},"canonical":"https:\/\/asjaudit.com\/fr\/services\/","og_locale":"fr_FR","og_type":"article","og_title":"Services - ASJ Audit","og_description":"[vc_row css_animation=\u00a0\u00bb\u00a0\u00bb row_type=\u00a0\u00bbrow\u00a0\u00bb use_row_as_full_screen_section=\u00a0\u00bbno\u00a0\u00bb type=\u00a0\u00bbgrid\u00a0\u00bb angled_section=\u00a0\u00bbno\u00a0\u00bb text_align=\u00a0\u00bbleft\u00a0\u00bb background_image_as_pattern=\u00a0\u00bbwithout_pattern\u00a0\u00bb z_index=\u00a0\u00bb\u00a0\u00bb transition_delay=\u00a0\u00bb500&Prime; css=\u00a0\u00bb.vc_custom_1587370442752{padding-top: 4em !important;padding-bottom: 3em !important;}\u00a0\u00bb][vc_column...","og_url":"https:\/\/asjaudit.com\/fr\/services\/","og_site_name":"ASJ Audit","article_modified_time":"2025-06-18T08:31:52+00:00","twitter_card":"summary_large_image","twitter_misc":{"Dur\u00e9e de lecture estim\u00e9e":"3 minutes"},"schema":{"@context":"https:\/\/schema.org","@graph":[{"@type":"WebPage","@id":"https:\/\/asjaudit.com\/fr\/services\/","url":"https:\/\/asjaudit.com\/fr\/services\/","name":"Services - ASJ Audit","isPartOf":{"@id":"https:\/\/asjaudit.com\/fr\/#website"},"datePublished":"2020-09-28T17:59:05+00:00","dateModified":"2025-06-18T08:31:52+00:00","breadcrumb":{"@id":"https:\/\/asjaudit.com\/fr\/services\/#breadcrumb"},"inLanguage":"fr-FR","potentialAction":[{"@type":"ReadAction","target":["https:\/\/asjaudit.com\/fr\/services\/"]}]},{"@type":"BreadcrumbList","@id":"https:\/\/asjaudit.com\/fr\/services\/#breadcrumb","itemListElement":[{"@type":"ListItem","position":1,"name":"Home","item":"https:\/\/asjaudit.com\/fr\/"},{"@type":"ListItem","position":2,"name":"Services"}]},{"@type":"WebSite","@id":"https:\/\/asjaudit.com\/fr\/#website","url":"https:\/\/asjaudit.com\/fr\/","name":"ASJ Audit","description":"K\u00f6nyvvizsg\u00e1lat, \u00fczleti tan\u00e1csad\u00e1s","potentialAction":[{"@type":"SearchAction","target":{"@type":"EntryPoint","urlTemplate":"https:\/\/asjaudit.com\/fr\/?s={search_term_string}"},"query-input":{"@type":"PropertyValueSpecification","valueRequired":true,"valueName":"search_term_string"}}],"inLanguage":"fr-FR"}]}},"_links":{"self":[{"href":"https:\/\/asjaudit.com\/fr\/wp-json\/wp\/v2\/pages\/778","targetHints":{"allow":["GET"]}}],"collection":[{"href":"https:\/\/asjaudit.com\/fr\/wp-json\/wp\/v2\/pages"}],"about":[{"href":"https:\/\/asjaudit.com\/fr\/wp-json\/wp\/v2\/types\/page"}],"author":[{"embeddable":true,"href":"https:\/\/asjaudit.com\/fr\/wp-json\/wp\/v2\/users\/1"}],"replies":[{"embeddable":true,"href":"https:\/\/asjaudit.com\/fr\/wp-json\/wp\/v2\/comments?post=778"}],"version-history":[{"count":7,"href":"https:\/\/asjaudit.com\/fr\/wp-json\/wp\/v2\/pages\/778\/revisions"}],"predecessor-version":[{"id":1158,"href":"https:\/\/asjaudit.com\/fr\/wp-json\/wp\/v2\/pages\/778\/revisions\/1158"}],"wp:attachment":[{"href":"https:\/\/asjaudit.com\/fr\/wp-json\/wp\/v2\/media?parent=778"}],"curies":[{"name":"wp","href":"https:\/\/api.w.org\/{rel}","templated":true}]}}