{"id":781,"date":"2020-09-28T18:06:59","date_gmt":"2020-09-28T18:06:59","guid":{"rendered":"http:\/\/asjaudit.com\/?page_id=781"},"modified":"2020-09-28T18:14:01","modified_gmt":"2020-09-28T18:14:01","slug":"contact","status":"publish","type":"page","link":"https:\/\/asjaudit.com\/fr\/contact\/","title":{"rendered":"Contact"},"content":{"rendered":"<div class=\"wpb-content-wrapper\"><p>[vc_row css_animation=\u00a0\u00bb\u00a0\u00bb row_type=\u00a0\u00bbrow\u00a0\u00bb use_row_as_full_screen_section=\u00a0\u00bbno\u00a0\u00bb type=\u00a0\u00bbgrid\u00a0\u00bb angled_section=\u00a0\u00bbno\u00a0\u00bb text_align=\u00a0\u00bbleft\u00a0\u00bb background_image_as_pattern=\u00a0\u00bbwithout_pattern\u00a0\u00bb z_index=\u00a0\u00bb\u00a0\u00bb css=\u00a0\u00bb.vc_custom_1587465979056{padding-top: 4em !important;padding-bottom: 3em !important;}\u00a0\u00bb][vc_column offset=\u00a0\u00bbvc_col-lg-4 vc_col-md-4&Prime; css=\u00a0\u00bb.vc_custom_1587467060173{padding-bottom: 40px !important;}\u00a0\u00bb][vc_column_text]<\/p>\n<h1>ASJ Audit<\/h1>\n<p>[\/vc_column_text][vc_empty_space height=\u00a0\u00bb20px\u00a0\u00bb][vc_separator type=\u00a0\u00bbsmall\u00a0\u00bb position=\u00a0\u00bbleft\u00a0\u00bb gradient_color=\u00a0\u00bbyes\u00a0\u00bb color=\u00a0\u00bb#000000&Prime; thickness=\u00a0\u00bb1&Prime; width=\u00a0\u00bb66&Prime;][vc_empty_space height=\u00a0\u00bb6px\u00a0\u00bb][vc_column_text]<\/p>\n<h4>Nemoda S\u00e1ra<\/h4>\n<p>[\/vc_column_text][vc_empty_space height=\u00a0\u00bb10px\u00a0\u00bb]<div class='q_icon_with_title tiny normal_icon '><div class=\"icon_holder \" style=\" \"><span data-icon-type=\"normal\" class=\"qode_iwt_icon_holder q_font_awsome_icon fa-lg  qode-type1-gradient-left-to-right-text\"><i class=\"qodef-icon-linea-icon icon-basic-mail-open qode_iwt_icon_element\"><\/i><\/span><\/div><div class=\"icon_text_holder\" style=\"\"><div class=\"icon_text_inner\" style=\"\"><h5 class=\"icon_title\" style=\"\"><\/h5><p style=''><\/p><a itemprop='url' class='icon_with_title_link' href='mailto:info@asjaudit.com' target='_self' style=''>info@asjaudit.com<\/a><\/div><\/div><\/div><div class='q_icon_with_title tiny normal_icon '><div class=\"icon_holder \" style=\" \"><span data-icon-type=\"normal\" class=\"qode_iwt_icon_holder q_font_awsome_icon fa-lg  qode-type1-gradient-left-to-right-text\"><i class=\"qodef-icon-linea-icon icon-basic-smartphone qode_iwt_icon_element\"><\/i><\/span><\/div><div class=\"icon_text_holder\" style=\"\"><div class=\"icon_text_inner\" style=\"\"><h5 class=\"icon_title\" style=\"\"><\/h5><p style=''><\/p><a itemprop='url' class='icon_with_title_link' href='tel:0036203829126' target='_self' style=''>+36 20 382 9126<\/a><\/div><\/div><\/div>[\/vc_column][vc_column offset=\u00a0\u00bbvc_col-lg-8 vc_col-md-8&Prime;][vc_column_text]<\/p>\n<h4>Formulaire de contact<\/h4>\n<p>[\/vc_column_text][vc_empty_space height=\u00a0\u00bb20px\u00a0\u00bb]\n<div class=\"wpcf7 no-js\" id=\"wpcf7-f783-o1\" lang=\"hu-HU\" dir=\"ltr\" data-wpcf7-id=\"783\">\n<div class=\"screen-reader-response\"><p role=\"status\" aria-live=\"polite\" aria-atomic=\"true\"><\/p> <ul><\/ul><\/div>\n<form action=\"\/fr\/wp-json\/wp\/v2\/pages\/781#wpcf7-f783-o1\" method=\"post\" class=\"wpcf7-form init cf7_custom_style_1\" aria-label=\"Kapcsolatfelv\u00e9teli \u0171rlap\" novalidate=\"novalidate\" data-status=\"init\">\n<fieldset class=\"hidden-fields-container\"><input type=\"hidden\" name=\"_wpcf7\" value=\"783\" \/><input type=\"hidden\" name=\"_wpcf7_version\" value=\"6.1.5\" \/><input type=\"hidden\" name=\"_wpcf7_locale\" value=\"hu_HU\" \/><input type=\"hidden\" name=\"_wpcf7_unit_tag\" value=\"wpcf7-f783-o1\" \/><input type=\"hidden\" name=\"_wpcf7_container_post\" value=\"0\" \/><input type=\"hidden\" name=\"_wpcf7_posted_data_hash\" value=\"\" \/>\n<\/fieldset>\n<div>\n\t<p><span class=\"wpcf7-form-control-wrap\" data-name=\"nev\"><input size=\"40\" maxlength=\"400\" class=\"wpcf7-form-control wpcf7-text wpcf7-validates-as-required\" aria-required=\"true\" aria-invalid=\"false\" placeholder=\"Nom*\" value=\"\" type=\"text\" name=\"nev\" \/><\/span>\n\t<\/p>\n<\/div>\n<div>\n\t<p><span class=\"wpcf7-form-control-wrap\" data-name=\"cegnev\"><input size=\"40\" maxlength=\"400\" class=\"wpcf7-form-control wpcf7-text\" aria-invalid=\"false\" placeholder=\"Nom de la soci\u00e9t\u00e9\" value=\"\" type=\"text\" name=\"cegnev\" \/><\/span>\n\t<\/p>\n<\/div>\n<div>\n\t<p><span class=\"wpcf7-form-control-wrap\" data-name=\"email\"><input size=\"40\" maxlength=\"400\" class=\"wpcf7-form-control wpcf7-email wpcf7-validates-as-required wpcf7-text wpcf7-validates-as-email\" aria-required=\"true\" aria-invalid=\"false\" placeholder=\"E-mail*\" value=\"\" type=\"email\" name=\"email\" \/><\/span>\n\t<\/p>\n<\/div>\n<div>\n\t<p><span class=\"wpcf7-form-control-wrap\" data-name=\"telefon\"><input size=\"40\" maxlength=\"400\" class=\"wpcf7-form-control wpcf7-text\" aria-invalid=\"false\" placeholder=\"Num\u00e9ro de t\u00e9l\u00e9phone\" value=\"\" type=\"text\" name=\"telefon\" \/><\/span>\n\t<\/p>\n<\/div>\n<div>\n\t<p><span class=\"terulet\">\u00c0 quel service vous \u00eates int\u00e9ress\u00e9?<\/span><br \/>\n<span class=\"wpcf7-form-control-wrap\" data-name=\"terulet\"><span class=\"wpcf7-form-control wpcf7-checkbox\"><span class=\"wpcf7-list-item first\"><input type=\"checkbox\" name=\"terulet[]\" value=\"Audit\" \/><span class=\"wpcf7-list-item-label\">Audit<\/span><\/span><span class=\"wpcf7-list-item\"><input type=\"checkbox\" name=\"terulet[]\" value=\"Surveillance de la comptabilit\u00e9\" \/><span class=\"wpcf7-list-item-label\">Surveillance de la comptabilit\u00e9<\/span><\/span><span class=\"wpcf7-list-item\"><input type=\"checkbox\" name=\"terulet[]\" value=\"Conseil de gestion\" \/><span class=\"wpcf7-list-item-label\">Conseil de gestion<\/span><\/span><span class=\"wpcf7-list-item last\"><input type=\"checkbox\" name=\"terulet[]\" value=\"Due Diligence\" \/><span class=\"wpcf7-list-item-label\">Due Diligence<\/span><\/span><\/span><\/span>\n\t<\/p>\n<\/div>\n<p><span id=\"wpcf7-69ff4417ce8f5-wrapper\" class=\"wpcf7-form-control-wrap honeypot-382-wrap\" ><label for=\"wpcf7-69ff4417ce8f5-field\" class=\"hp-message\">ezt hagyd \u00fcresen, csak biztons\u00e1gi okokb\u00f3l van itt<\/label><input id=\"wpcf7-69ff4417ce8f5-field\"  class=\"wpcf7-form-control wpcf7-text\" type=\"text\" name=\"honeypot-382\" value=\"\" size=\"40\" tabindex=\"-1\" autocomplete=\"new-password\" \/><\/span>\n<\/p>\n<div>\n\t<p><span class=\"wpcf7-form-control-wrap\" data-name=\"uzenet\"><textarea cols=\"40\" rows=\"10\" maxlength=\"2000\" class=\"wpcf7-form-control wpcf7-textarea\" aria-invalid=\"false\" placeholder=\"Message\" name=\"uzenet\"><\/textarea><\/span>\n\t<\/p>\n<\/div>\n<p><span class=\"wpcf7-form-control-wrap\" data-name=\"acceptance-599\"><span class=\"wpcf7-form-control wpcf7-acceptance\"><span class=\"wpcf7-list-item\"><label><input type=\"checkbox\" name=\"acceptance-599\" value=\"1\" aria-invalid=\"false\" \/><span class=\"wpcf7-list-item-label\">Je consens par la pr\u00e9sente au traitement de mes donn\u00e9es fournies ci-dessus conform\u00e9ment aux exigences du RGPD. *<\/span><\/label><\/span><\/span><\/span>\n<\/p>\n<div>\n\t<p><span class=\"wpcf7-form-control-wrap\" data-name=\"quiz-246\"><label><span class=\"wpcf7-quiz-label\">Question de s\u00e9curit\u00e9: quelle est la capitale de la Hongrie?<\/span> <input size=\"40\" class=\"wpcf7-form-control wpcf7-quiz\" autocomplete=\"off\" aria-required=\"true\" aria-invalid=\"false\" type=\"text\" name=\"quiz-246\" \/><\/label><input type=\"hidden\" name=\"_wpcf7_quiz_answer_quiz-246\" value=\"10353ba30941609ec671b87f3268aa0e\" \/><\/span>\n\t<\/p>\n<\/div>\n<p><input class=\"wpcf7-form-control wpcf7-submit has-spinner\" type=\"submit\" value=\"ENVOIE\" \/>\n<\/p><p style=\"display: none !important;\" class=\"akismet-fields-container\" data-prefix=\"_wpcf7_ak_\"><label>&#916;<textarea name=\"_wpcf7_ak_hp_textarea\" cols=\"45\" rows=\"8\" maxlength=\"100\"><\/textarea><\/label><input type=\"hidden\" id=\"ak_js_1\" name=\"_wpcf7_ak_js\" value=\"131\"\/><script type=\"text\/javascript\">\n\/* <![CDATA[ *\/\ndocument.getElementById( \"ak_js_1\" ).setAttribute( \"value\", ( new Date() ).getTime() );\n\/* ]]> *\/\n<\/script>\n<\/p><div class=\"wpcf7-response-output\" aria-hidden=\"true\"><\/div>\n<\/form>\n<\/div>\n[\/vc_column][\/vc_row]<\/p>\n<\/div>","protected":false},"excerpt":{"rendered":"<p>[vc_row css_animation=\u00a0\u00bb\u00a0\u00bb row_type=\u00a0\u00bbrow\u00a0\u00bb use_row_as_full_screen_section=\u00a0\u00bbno\u00a0\u00bb type=\u00a0\u00bbgrid\u00a0\u00bb angled_section=\u00a0\u00bbno\u00a0\u00bb text_align=\u00a0\u00bbleft\u00a0\u00bb background_image_as_pattern=\u00a0\u00bbwithout_pattern\u00a0\u00bb z_index=\u00a0\u00bb\u00a0\u00bb css=\u00a0\u00bb.vc_custom_1587465979056{padding-top: 4em !important;padding-bottom: 3em !important;}\u00a0\u00bb][vc_column offset=\u00a0\u00bbvc_col-lg-4&#8230;<\/p>\n","protected":false},"author":1,"featured_media":0,"parent":0,"menu_order":0,"comment_status":"closed","ping_status":"closed","template":"full_width.php","meta":{"footnotes":""},"class_list":["post-781","page","type-page","status-publish","hentry"],"yoast_head":"<!-- This site is optimized with the Yoast SEO plugin v27.5 - https:\/\/yoast.com\/product\/yoast-seo-wordpress\/ -->\n<title>Contact - ASJ Audit<\/title>\n<meta name=\"robots\" content=\"index, follow, max-snippet:-1, max-image-preview:large, max-video-preview:-1\" \/>\n<link rel=\"canonical\" href=\"https:\/\/asjaudit.com\/fr\/contact\/\" \/>\n<meta property=\"og:locale\" content=\"fr_FR\" \/>\n<meta property=\"og:type\" content=\"article\" \/>\n<meta property=\"og:title\" content=\"Contact - ASJ Audit\" \/>\n<meta property=\"og:description\" content=\"[vc_row css_animation=\u00a0\u00bb\u00a0\u00bb row_type=\u00a0\u00bbrow\u00a0\u00bb use_row_as_full_screen_section=\u00a0\u00bbno\u00a0\u00bb type=\u00a0\u00bbgrid\u00a0\u00bb angled_section=\u00a0\u00bbno\u00a0\u00bb text_align=\u00a0\u00bbleft\u00a0\u00bb background_image_as_pattern=\u00a0\u00bbwithout_pattern\u00a0\u00bb z_index=\u00a0\u00bb\u00a0\u00bb css=\u00a0\u00bb.vc_custom_1587465979056{padding-top: 4em !important;padding-bottom: 3em !important;}\u00a0\u00bb][vc_column offset=\u00a0\u00bbvc_col-lg-4...\" \/>\n<meta property=\"og:url\" content=\"https:\/\/asjaudit.com\/fr\/contact\/\" \/>\n<meta property=\"og:site_name\" content=\"ASJ Audit\" \/>\n<meta property=\"article:modified_time\" content=\"2020-09-28T18:14:01+00:00\" \/>\n<meta name=\"twitter:card\" content=\"summary_large_image\" \/>\n<meta name=\"twitter:label1\" content=\"Dur\u00e9e de lecture estim\u00e9e\" \/>\n\t<meta name=\"twitter:data1\" content=\"1 minute\" \/>\n<script type=\"application\/ld+json\" class=\"yoast-schema-graph\">{\"@context\":\"https:\\\/\\\/schema.org\",\"@graph\":[{\"@type\":\"WebPage\",\"@id\":\"https:\\\/\\\/asjaudit.com\\\/fr\\\/contact\\\/\",\"url\":\"https:\\\/\\\/asjaudit.com\\\/fr\\\/contact\\\/\",\"name\":\"Contact - ASJ Audit\",\"isPartOf\":{\"@id\":\"https:\\\/\\\/asjaudit.com\\\/fr\\\/#website\"},\"datePublished\":\"2020-09-28T18:06:59+00:00\",\"dateModified\":\"2020-09-28T18:14:01+00:00\",\"breadcrumb\":{\"@id\":\"https:\\\/\\\/asjaudit.com\\\/fr\\\/contact\\\/#breadcrumb\"},\"inLanguage\":\"fr-FR\",\"potentialAction\":[{\"@type\":\"ReadAction\",\"target\":[\"https:\\\/\\\/asjaudit.com\\\/fr\\\/contact\\\/\"]}]},{\"@type\":\"BreadcrumbList\",\"@id\":\"https:\\\/\\\/asjaudit.com\\\/fr\\\/contact\\\/#breadcrumb\",\"itemListElement\":[{\"@type\":\"ListItem\",\"position\":1,\"name\":\"Home\",\"item\":\"https:\\\/\\\/asjaudit.com\\\/fr\\\/\"},{\"@type\":\"ListItem\",\"position\":2,\"name\":\"Contact\"}]},{\"@type\":\"WebSite\",\"@id\":\"https:\\\/\\\/asjaudit.com\\\/fr\\\/#website\",\"url\":\"https:\\\/\\\/asjaudit.com\\\/fr\\\/\",\"name\":\"ASJ Audit\",\"description\":\"K\u00f6nyvvizsg\u00e1lat, \u00fczleti tan\u00e1csad\u00e1s\",\"potentialAction\":[{\"@type\":\"SearchAction\",\"target\":{\"@type\":\"EntryPoint\",\"urlTemplate\":\"https:\\\/\\\/asjaudit.com\\\/fr\\\/?s={search_term_string}\"},\"query-input\":{\"@type\":\"PropertyValueSpecification\",\"valueRequired\":true,\"valueName\":\"search_term_string\"}}],\"inLanguage\":\"fr-FR\"}]}<\/script>\n<!-- \/ Yoast SEO plugin. -->","yoast_head_json":{"title":"Contact - ASJ Audit","robots":{"index":"index","follow":"follow","max-snippet":"max-snippet:-1","max-image-preview":"max-image-preview:large","max-video-preview":"max-video-preview:-1"},"canonical":"https:\/\/asjaudit.com\/fr\/contact\/","og_locale":"fr_FR","og_type":"article","og_title":"Contact - ASJ Audit","og_description":"[vc_row css_animation=\u00a0\u00bb\u00a0\u00bb row_type=\u00a0\u00bbrow\u00a0\u00bb use_row_as_full_screen_section=\u00a0\u00bbno\u00a0\u00bb type=\u00a0\u00bbgrid\u00a0\u00bb angled_section=\u00a0\u00bbno\u00a0\u00bb text_align=\u00a0\u00bbleft\u00a0\u00bb background_image_as_pattern=\u00a0\u00bbwithout_pattern\u00a0\u00bb z_index=\u00a0\u00bb\u00a0\u00bb css=\u00a0\u00bb.vc_custom_1587465979056{padding-top: 4em !important;padding-bottom: 3em !important;}\u00a0\u00bb][vc_column offset=\u00a0\u00bbvc_col-lg-4...","og_url":"https:\/\/asjaudit.com\/fr\/contact\/","og_site_name":"ASJ Audit","article_modified_time":"2020-09-28T18:14:01+00:00","twitter_card":"summary_large_image","twitter_misc":{"Dur\u00e9e de lecture estim\u00e9e":"1 minute"},"schema":{"@context":"https:\/\/schema.org","@graph":[{"@type":"WebPage","@id":"https:\/\/asjaudit.com\/fr\/contact\/","url":"https:\/\/asjaudit.com\/fr\/contact\/","name":"Contact - ASJ Audit","isPartOf":{"@id":"https:\/\/asjaudit.com\/fr\/#website"},"datePublished":"2020-09-28T18:06:59+00:00","dateModified":"2020-09-28T18:14:01+00:00","breadcrumb":{"@id":"https:\/\/asjaudit.com\/fr\/contact\/#breadcrumb"},"inLanguage":"fr-FR","potentialAction":[{"@type":"ReadAction","target":["https:\/\/asjaudit.com\/fr\/contact\/"]}]},{"@type":"BreadcrumbList","@id":"https:\/\/asjaudit.com\/fr\/contact\/#breadcrumb","itemListElement":[{"@type":"ListItem","position":1,"name":"Home","item":"https:\/\/asjaudit.com\/fr\/"},{"@type":"ListItem","position":2,"name":"Contact"}]},{"@type":"WebSite","@id":"https:\/\/asjaudit.com\/fr\/#website","url":"https:\/\/asjaudit.com\/fr\/","name":"ASJ Audit","description":"K\u00f6nyvvizsg\u00e1lat, \u00fczleti tan\u00e1csad\u00e1s","potentialAction":[{"@type":"SearchAction","target":{"@type":"EntryPoint","urlTemplate":"https:\/\/asjaudit.com\/fr\/?s={search_term_string}"},"query-input":{"@type":"PropertyValueSpecification","valueRequired":true,"valueName":"search_term_string"}}],"inLanguage":"fr-FR"}]}},"_links":{"self":[{"href":"https:\/\/asjaudit.com\/fr\/wp-json\/wp\/v2\/pages\/781","targetHints":{"allow":["GET"]}}],"collection":[{"href":"https:\/\/asjaudit.com\/fr\/wp-json\/wp\/v2\/pages"}],"about":[{"href":"https:\/\/asjaudit.com\/fr\/wp-json\/wp\/v2\/types\/page"}],"author":[{"embeddable":true,"href":"https:\/\/asjaudit.com\/fr\/wp-json\/wp\/v2\/users\/1"}],"replies":[{"embeddable":true,"href":"https:\/\/asjaudit.com\/fr\/wp-json\/wp\/v2\/comments?post=781"}],"version-history":[{"count":2,"href":"https:\/\/asjaudit.com\/fr\/wp-json\/wp\/v2\/pages\/781\/revisions"}],"predecessor-version":[{"id":784,"href":"https:\/\/asjaudit.com\/fr\/wp-json\/wp\/v2\/pages\/781\/revisions\/784"}],"wp:attachment":[{"href":"https:\/\/asjaudit.com\/fr\/wp-json\/wp\/v2\/media?parent=781"}],"curies":[{"name":"wp","href":"https:\/\/api.w.org\/{rel}","templated":true}]}}