{"id":805,"date":"2020-11-16T19:32:02","date_gmt":"2020-11-16T19:32:02","guid":{"rendered":"http:\/\/asjaudit.com\/?page_id=805"},"modified":"2020-11-16T19:32:03","modified_gmt":"2020-11-16T19:32:03","slug":"credits","status":"publish","type":"page","link":"https:\/\/asjaudit.com\/fr\/credits\/","title":{"rendered":"Cr\u00e9dits"},"content":{"rendered":"<div class=\"wpb-content-wrapper\"><p>[vc_row css_animation=\u00a0\u00bb\u00a0\u00bb row_type=\u00a0\u00bbrow\u00a0\u00bb use_row_as_full_screen_section=\u00a0\u00bbno\u00a0\u00bb type=\u00a0\u00bbfull_width\u00a0\u00bb angled_section=\u00a0\u00bbno\u00a0\u00bb text_align=\u00a0\u00bbleft\u00a0\u00bb background_image_as_pattern=\u00a0\u00bbwithout_pattern\u00a0\u00bb css=\u00a0\u00bb.vc_custom_1587467476041{padding-bottom: 3em !important;}\u00a0\u00bb z_index=\u00a0\u00bb\u00a0\u00bb][vc_column][vc_column_text]Le site Web disponible \u00e0 l&rsquo;adresse https:\/\/asjaudit.com est g\u00e9r\u00e9 par:<\/p>\n<h5>ASJ AUDIT COMPTABILIT\u00c9 ET CONSEIL FISCAL<\/h5>\n<ul>\n<li>Si\u00e8ge sociale: 1031 Budapest, Kazal utca 41.<\/li>\n<li>Num\u00e9ro de t\u00e9l\u00e9phone: +36 20 382 9126<\/li>\n<li>E-mail: info@asjaudit.com<\/li>\n<li>Num\u00e9ro d\u2019enregistrement: 01 09 348235<\/li>\n<li>Num\u00e9ro d\u2019identification fiscale: 27079074241<\/li>\n<\/ul>\n<p>Gestionnaire des donn\u00e9es:<\/p>\n<h5>FOURNISSEUR DE SERVICES T\u00c1RHELY.EU S.A.R.L.<\/h5>\n<ul>\n<li>Nom abr\u00e9g\u00e9: T\u00e1rhely.Eu Kft.<\/li>\n<li>Num\u00e9ro d\u2019enregistrement: 01-09-909968<\/li>\n<li>Si\u00e8ge sociale: 1144 Budapest, Orm\u00e1ns\u00e1g utca 4. 10. em. 241.<\/li>\n<li>Adresse postale: 1538 Budapest Pf.: 510<\/li>\n<li>E-mail:\u00a0<a href=\"mailto:support@tarhely.eu\">support@tarhely.eu<\/a><\/li>\n<li>Site d\u2019internet:\u00a0<a href=\"http:\/\/www.tarhely.eu\/\" target=\"_blank\" rel=\"noopener noreferrer\">www.tarhely.eu<\/a><\/li>\n<li>Num\u00e9ro de t\u00e9l\u00e9phone:\u00a0<a href=\"tel:003617892789\">+36 1\u00a0789 2\u00a0789<\/a><\/li>\n<\/ul>\n<p>en tant que fournisseur d\u2019h\u00e9bergement Web.[\/vc_column_text][\/vc_column][\/vc_row]<\/p>\n<\/div>","protected":false},"excerpt":{"rendered":"<p>[vc_row css_animation=\u00a0\u00bb\u00a0\u00bb row_type=\u00a0\u00bbrow\u00a0\u00bb use_row_as_full_screen_section=\u00a0\u00bbno\u00a0\u00bb type=\u00a0\u00bbfull_width\u00a0\u00bb angled_section=\u00a0\u00bbno\u00a0\u00bb text_align=\u00a0\u00bbleft\u00a0\u00bb background_image_as_pattern=\u00a0\u00bbwithout_pattern\u00a0\u00bb css=\u00a0\u00bb.vc_custom_1587467476041{padding-bottom: 3em !important;}\u00a0\u00bb z_index=\u00a0\u00bb\u00a0\u00bb][vc_column][vc_column_text]Le site Web disponible&#8230;<\/p>\n","protected":false},"author":1,"featured_media":0,"parent":0,"menu_order":0,"comment_status":"closed","ping_status":"closed","template":"","meta":{"footnotes":""},"class_list":["post-805","page","type-page","status-publish","hentry"],"yoast_head":"<!-- This site is optimized with the Yoast SEO plugin v27.5 - https:\/\/yoast.com\/product\/yoast-seo-wordpress\/ -->\n<title>Cr\u00e9dits - ASJ Audit<\/title>\n<meta name=\"robots\" content=\"index, follow, max-snippet:-1, max-image-preview:large, max-video-preview:-1\" \/>\n<link rel=\"canonical\" href=\"https:\/\/asjaudit.com\/fr\/credits\/\" \/>\n<meta property=\"og:locale\" content=\"fr_FR\" \/>\n<meta property=\"og:type\" content=\"article\" \/>\n<meta property=\"og:title\" content=\"Cr\u00e9dits - ASJ Audit\" \/>\n<meta property=\"og:description\" content=\"[vc_row css_animation=\u00a0\u00bb\u00a0\u00bb row_type=\u00a0\u00bbrow\u00a0\u00bb use_row_as_full_screen_section=\u00a0\u00bbno\u00a0\u00bb type=\u00a0\u00bbfull_width\u00a0\u00bb angled_section=\u00a0\u00bbno\u00a0\u00bb text_align=\u00a0\u00bbleft\u00a0\u00bb background_image_as_pattern=\u00a0\u00bbwithout_pattern\u00a0\u00bb css=\u00a0\u00bb.vc_custom_1587467476041{padding-bottom: 3em !important;}\u00a0\u00bb z_index=\u00a0\u00bb\u00a0\u00bb][vc_column][vc_column_text]Le site Web disponible...\" \/>\n<meta property=\"og:url\" content=\"https:\/\/asjaudit.com\/fr\/credits\/\" \/>\n<meta property=\"og:site_name\" content=\"ASJ Audit\" \/>\n<meta property=\"article:modified_time\" content=\"2020-11-16T19:32:03+00:00\" \/>\n<meta name=\"twitter:card\" content=\"summary_large_image\" \/>\n<meta name=\"twitter:label1\" content=\"Dur\u00e9e de lecture estim\u00e9e\" \/>\n\t<meta name=\"twitter:data1\" content=\"1 minute\" \/>\n<script type=\"application\/ld+json\" class=\"yoast-schema-graph\">{\"@context\":\"https:\\\/\\\/schema.org\",\"@graph\":[{\"@type\":\"WebPage\",\"@id\":\"https:\\\/\\\/asjaudit.com\\\/fr\\\/credits\\\/\",\"url\":\"https:\\\/\\\/asjaudit.com\\\/fr\\\/credits\\\/\",\"name\":\"Cr\u00e9dits - ASJ Audit\",\"isPartOf\":{\"@id\":\"https:\\\/\\\/asjaudit.com\\\/fr\\\/#website\"},\"datePublished\":\"2020-11-16T19:32:02+00:00\",\"dateModified\":\"2020-11-16T19:32:03+00:00\",\"breadcrumb\":{\"@id\":\"https:\\\/\\\/asjaudit.com\\\/fr\\\/credits\\\/#breadcrumb\"},\"inLanguage\":\"fr-FR\",\"potentialAction\":[{\"@type\":\"ReadAction\",\"target\":[\"https:\\\/\\\/asjaudit.com\\\/fr\\\/credits\\\/\"]}]},{\"@type\":\"BreadcrumbList\",\"@id\":\"https:\\\/\\\/asjaudit.com\\\/fr\\\/credits\\\/#breadcrumb\",\"itemListElement\":[{\"@type\":\"ListItem\",\"position\":1,\"name\":\"Home\",\"item\":\"https:\\\/\\\/asjaudit.com\\\/fr\\\/\"},{\"@type\":\"ListItem\",\"position\":2,\"name\":\"Cr\u00e9dits\"}]},{\"@type\":\"WebSite\",\"@id\":\"https:\\\/\\\/asjaudit.com\\\/fr\\\/#website\",\"url\":\"https:\\\/\\\/asjaudit.com\\\/fr\\\/\",\"name\":\"ASJ Audit\",\"description\":\"K\u00f6nyvvizsg\u00e1lat, \u00fczleti tan\u00e1csad\u00e1s\",\"potentialAction\":[{\"@type\":\"SearchAction\",\"target\":{\"@type\":\"EntryPoint\",\"urlTemplate\":\"https:\\\/\\\/asjaudit.com\\\/fr\\\/?s={search_term_string}\"},\"query-input\":{\"@type\":\"PropertyValueSpecification\",\"valueRequired\":true,\"valueName\":\"search_term_string\"}}],\"inLanguage\":\"fr-FR\"}]}<\/script>\n<!-- \/ Yoast SEO plugin. -->","yoast_head_json":{"title":"Cr\u00e9dits - ASJ Audit","robots":{"index":"index","follow":"follow","max-snippet":"max-snippet:-1","max-image-preview":"max-image-preview:large","max-video-preview":"max-video-preview:-1"},"canonical":"https:\/\/asjaudit.com\/fr\/credits\/","og_locale":"fr_FR","og_type":"article","og_title":"Cr\u00e9dits - ASJ Audit","og_description":"[vc_row css_animation=\u00a0\u00bb\u00a0\u00bb row_type=\u00a0\u00bbrow\u00a0\u00bb use_row_as_full_screen_section=\u00a0\u00bbno\u00a0\u00bb type=\u00a0\u00bbfull_width\u00a0\u00bb angled_section=\u00a0\u00bbno\u00a0\u00bb text_align=\u00a0\u00bbleft\u00a0\u00bb background_image_as_pattern=\u00a0\u00bbwithout_pattern\u00a0\u00bb css=\u00a0\u00bb.vc_custom_1587467476041{padding-bottom: 3em !important;}\u00a0\u00bb z_index=\u00a0\u00bb\u00a0\u00bb][vc_column][vc_column_text]Le site Web disponible...","og_url":"https:\/\/asjaudit.com\/fr\/credits\/","og_site_name":"ASJ Audit","article_modified_time":"2020-11-16T19:32:03+00:00","twitter_card":"summary_large_image","twitter_misc":{"Dur\u00e9e de lecture estim\u00e9e":"1 minute"},"schema":{"@context":"https:\/\/schema.org","@graph":[{"@type":"WebPage","@id":"https:\/\/asjaudit.com\/fr\/credits\/","url":"https:\/\/asjaudit.com\/fr\/credits\/","name":"Cr\u00e9dits - ASJ Audit","isPartOf":{"@id":"https:\/\/asjaudit.com\/fr\/#website"},"datePublished":"2020-11-16T19:32:02+00:00","dateModified":"2020-11-16T19:32:03+00:00","breadcrumb":{"@id":"https:\/\/asjaudit.com\/fr\/credits\/#breadcrumb"},"inLanguage":"fr-FR","potentialAction":[{"@type":"ReadAction","target":["https:\/\/asjaudit.com\/fr\/credits\/"]}]},{"@type":"BreadcrumbList","@id":"https:\/\/asjaudit.com\/fr\/credits\/#breadcrumb","itemListElement":[{"@type":"ListItem","position":1,"name":"Home","item":"https:\/\/asjaudit.com\/fr\/"},{"@type":"ListItem","position":2,"name":"Cr\u00e9dits"}]},{"@type":"WebSite","@id":"https:\/\/asjaudit.com\/fr\/#website","url":"https:\/\/asjaudit.com\/fr\/","name":"ASJ Audit","description":"K\u00f6nyvvizsg\u00e1lat, \u00fczleti tan\u00e1csad\u00e1s","potentialAction":[{"@type":"SearchAction","target":{"@type":"EntryPoint","urlTemplate":"https:\/\/asjaudit.com\/fr\/?s={search_term_string}"},"query-input":{"@type":"PropertyValueSpecification","valueRequired":true,"valueName":"search_term_string"}}],"inLanguage":"fr-FR"}]}},"_links":{"self":[{"href":"https:\/\/asjaudit.com\/fr\/wp-json\/wp\/v2\/pages\/805","targetHints":{"allow":["GET"]}}],"collection":[{"href":"https:\/\/asjaudit.com\/fr\/wp-json\/wp\/v2\/pages"}],"about":[{"href":"https:\/\/asjaudit.com\/fr\/wp-json\/wp\/v2\/types\/page"}],"author":[{"embeddable":true,"href":"https:\/\/asjaudit.com\/fr\/wp-json\/wp\/v2\/users\/1"}],"replies":[{"embeddable":true,"href":"https:\/\/asjaudit.com\/fr\/wp-json\/wp\/v2\/comments?post=805"}],"version-history":[{"count":1,"href":"https:\/\/asjaudit.com\/fr\/wp-json\/wp\/v2\/pages\/805\/revisions"}],"predecessor-version":[{"id":806,"href":"https:\/\/asjaudit.com\/fr\/wp-json\/wp\/v2\/pages\/805\/revisions\/806"}],"wp:attachment":[{"href":"https:\/\/asjaudit.com\/fr\/wp-json\/wp\/v2\/media?parent=805"}],"curies":[{"name":"wp","href":"https:\/\/api.w.org\/{rel}","templated":true}]}}